{"id":3093,"date":"2020-02-23T23:21:35","date_gmt":"2020-02-23T21:21:35","guid":{"rendered":"https:\/\/pauroux.com\/?page_id=3093"},"modified":"2023-03-31T10:10:53","modified_gmt":"2023-03-31T08:10:53","slug":"la-ferme-de-pauroux","status":"publish","type":"page","link":"https:\/\/pauroux.com\/de\/la-ferme-de-pauroux\/","title":{"rendered":"La Ferme de Pauroux"},"content":{"rendered":"<p>La Ferme de Pauroux ist ein altes provenzalisches Bauernhaus aus dem Jahr 1839, das in ein Bed &amp; Breakfast mit G\u00e4stezimmern und Ferienh\u00e4usern umgewandelt wurde. Hier k\u00f6nnen Sie all die guten Dinge genie\u00dfen, die Frankreich zu bieten hat. Lassen Sie sich von der wundersch\u00f6nen Landschaft der Dr\u00f4me und der Vercors beeinflussen; die sanften H\u00fcgel, die schroffen Felsen des &#8216;for\u00eat de Saou&#8217;, die Fl\u00fcsse und die authentischen D\u00f6rfer wie Mirmande, Bourdeaux, Po\u00ebt Laval, Dieulefit und Crest. Bummeln Sie \u00fcber sch\u00f6ne M\u00e4rkte und trinken Sie un Glas Wein auf einer sch\u00f6nen Terrasse auf einem Dorfplatz. Sch\u00f6ne Spazierg\u00e4nge in der tollen Natur oder wunderbares Radfahren.<\/p>\n","protected":false},"excerpt":{"rendered":"<p>La Ferme de Pauroux ist ein altes provenzalisches Bauernhaus aus dem Jahr 1839, das in ein Bed &amp; Breakfast mit G\u00e4stezimmern und Ferienh\u00e4usern umgewandelt wurde. Hier k\u00f6nnen Sie all die guten Dinge genie\u00dfen, die Frankreich zu bieten hat. Lassen Sie sich von der wundersch\u00f6nen Landschaft der Dr\u00f4me und der Vercors beeinflussen; die sanften H\u00fcgel, die [&hellip;]<\/p>\n","protected":false},"author":2,"featured_media":0,"parent":0,"menu_order":0,"comment_status":"closed","ping_status":"closed","template":"page-full.php","meta":{"footnotes":""},"class_list":["post-3093","page","type-page","status-publish","hentry"],"yoast_head":"<!-- This site is optimized with the Yoast SEO plugin v27.5 - https:\/\/yoast.com\/product\/yoast-seo-wordpress\/ -->\n<title>La Ferme de Pauroux - Ferme de Pauroux<\/title>\n<meta name=\"robots\" content=\"index, follow, max-snippet:-1, max-image-preview:large, max-video-preview:-1\" \/>\n<link rel=\"canonical\" href=\"https:\/\/pauroux.com\/de\/la-ferme-de-pauroux\/\" \/>\n<meta property=\"og:locale\" content=\"de_DE\" \/>\n<meta property=\"og:type\" content=\"article\" \/>\n<meta property=\"og:title\" content=\"La Ferme de Pauroux - Ferme de Pauroux\" \/>\n<meta property=\"og:description\" content=\"La Ferme de Pauroux ist ein altes provenzalisches Bauernhaus aus dem Jahr 1839, das in ein Bed &amp; Breakfast mit G\u00e4stezimmern und Ferienh\u00e4usern umgewandelt wurde. Hier k\u00f6nnen Sie all die guten Dinge genie\u00dfen, die Frankreich zu bieten hat. Lassen Sie sich von der wundersch\u00f6nen Landschaft der Dr\u00f4me und der Vercors beeinflussen; die sanften H\u00fcgel, die [&hellip;]\" \/>\n<meta property=\"og:url\" content=\"https:\/\/pauroux.com\/de\/la-ferme-de-pauroux\/\" \/>\n<meta property=\"og:site_name\" content=\"Ferme de Pauroux\" \/>\n<meta property=\"article:modified_time\" content=\"2023-03-31T08:10:53+00:00\" \/>\n<meta name=\"twitter:label1\" content=\"Est. reading time\" \/>\n\t<meta name=\"twitter:data1\" content=\"1 minute\" \/>\n<script type=\"application\/ld+json\" class=\"yoast-schema-graph\">{\"@context\":\"https:\\\/\\\/schema.org\",\"@graph\":[{\"@type\":\"WebPage\",\"@id\":\"https:\\\/\\\/pauroux.com\\\/de\\\/la-ferme-de-pauroux\\\/\",\"url\":\"https:\\\/\\\/pauroux.com\\\/de\\\/la-ferme-de-pauroux\\\/\",\"name\":\"La Ferme de Pauroux - Ferme de Pauroux\",\"isPartOf\":{\"@id\":\"https:\\\/\\\/pauroux.com\\\/#website\"},\"datePublished\":\"2020-02-23T21:21:35+00:00\",\"dateModified\":\"2023-03-31T08:10:53+00:00\",\"breadcrumb\":{\"@id\":\"https:\\\/\\\/pauroux.com\\\/de\\\/la-ferme-de-pauroux\\\/#breadcrumb\"},\"inLanguage\":\"de-DE\",\"potentialAction\":[{\"@type\":\"ReadAction\",\"target\":[\"https:\\\/\\\/pauroux.com\\\/de\\\/la-ferme-de-pauroux\\\/\"]}]},{\"@type\":\"BreadcrumbList\",\"@id\":\"https:\\\/\\\/pauroux.com\\\/de\\\/la-ferme-de-pauroux\\\/#breadcrumb\",\"itemListElement\":[{\"@type\":\"ListItem\",\"position\":1,\"name\":\"Accueil\",\"item\":\"https:\\\/\\\/pauroux.com\\\/\"},{\"@type\":\"ListItem\",\"position\":2,\"name\":\"La Ferme de Pauroux\"}]},{\"@type\":\"WebSite\",\"@id\":\"https:\\\/\\\/pauroux.com\\\/#website\",\"url\":\"https:\\\/\\\/pauroux.com\\\/\",\"name\":\"Ferme de Pauroux\",\"description\":\"Chambres d&#039;h\u00f4tes, Table d&#039;h\u00f4tes et G\u00eetes\",\"potentialAction\":[{\"@type\":\"SearchAction\",\"target\":{\"@type\":\"EntryPoint\",\"urlTemplate\":\"https:\\\/\\\/pauroux.com\\\/?s={search_term_string}\"},\"query-input\":{\"@type\":\"PropertyValueSpecification\",\"valueRequired\":true,\"valueName\":\"search_term_string\"}}],\"inLanguage\":\"de-DE\"}]}<\/script>\n<!-- \/ Yoast SEO plugin. -->","yoast_head_json":{"title":"La Ferme de Pauroux - Ferme de Pauroux","robots":{"index":"index","follow":"follow","max-snippet":"max-snippet:-1","max-image-preview":"max-image-preview:large","max-video-preview":"max-video-preview:-1"},"canonical":"https:\/\/pauroux.com\/de\/la-ferme-de-pauroux\/","og_locale":"de_DE","og_type":"article","og_title":"La Ferme de Pauroux - Ferme de Pauroux","og_description":"La Ferme de Pauroux ist ein altes provenzalisches Bauernhaus aus dem Jahr 1839, das in ein Bed &amp; Breakfast mit G\u00e4stezimmern und Ferienh\u00e4usern umgewandelt wurde. Hier k\u00f6nnen Sie all die guten Dinge genie\u00dfen, die Frankreich zu bieten hat. Lassen Sie sich von der wundersch\u00f6nen Landschaft der Dr\u00f4me und der Vercors beeinflussen; die sanften H\u00fcgel, die [&hellip;]","og_url":"https:\/\/pauroux.com\/de\/la-ferme-de-pauroux\/","og_site_name":"Ferme de Pauroux","article_modified_time":"2023-03-31T08:10:53+00:00","twitter_misc":{"Est. reading time":"1 minute"},"schema":{"@context":"https:\/\/schema.org","@graph":[{"@type":"WebPage","@id":"https:\/\/pauroux.com\/de\/la-ferme-de-pauroux\/","url":"https:\/\/pauroux.com\/de\/la-ferme-de-pauroux\/","name":"La Ferme de Pauroux - Ferme de Pauroux","isPartOf":{"@id":"https:\/\/pauroux.com\/#website"},"datePublished":"2020-02-23T21:21:35+00:00","dateModified":"2023-03-31T08:10:53+00:00","breadcrumb":{"@id":"https:\/\/pauroux.com\/de\/la-ferme-de-pauroux\/#breadcrumb"},"inLanguage":"de-DE","potentialAction":[{"@type":"ReadAction","target":["https:\/\/pauroux.com\/de\/la-ferme-de-pauroux\/"]}]},{"@type":"BreadcrumbList","@id":"https:\/\/pauroux.com\/de\/la-ferme-de-pauroux\/#breadcrumb","itemListElement":[{"@type":"ListItem","position":1,"name":"Accueil","item":"https:\/\/pauroux.com\/"},{"@type":"ListItem","position":2,"name":"La Ferme de Pauroux"}]},{"@type":"WebSite","@id":"https:\/\/pauroux.com\/#website","url":"https:\/\/pauroux.com\/","name":"Ferme de Pauroux","description":"Chambres d&#039;h\u00f4tes, Table d&#039;h\u00f4tes et G\u00eetes","potentialAction":[{"@type":"SearchAction","target":{"@type":"EntryPoint","urlTemplate":"https:\/\/pauroux.com\/?s={search_term_string}"},"query-input":{"@type":"PropertyValueSpecification","valueRequired":true,"valueName":"search_term_string"}}],"inLanguage":"de-DE"}]}},"_links":{"self":[{"href":"https:\/\/pauroux.com\/de\/wp-json\/wp\/v2\/pages\/3093","targetHints":{"allow":["GET"]}}],"collection":[{"href":"https:\/\/pauroux.com\/de\/wp-json\/wp\/v2\/pages"}],"about":[{"href":"https:\/\/pauroux.com\/de\/wp-json\/wp\/v2\/types\/page"}],"author":[{"embeddable":true,"href":"https:\/\/pauroux.com\/de\/wp-json\/wp\/v2\/users\/2"}],"replies":[{"embeddable":true,"href":"https:\/\/pauroux.com\/de\/wp-json\/wp\/v2\/comments?post=3093"}],"version-history":[{"count":3,"href":"https:\/\/pauroux.com\/de\/wp-json\/wp\/v2\/pages\/3093\/revisions"}],"predecessor-version":[{"id":3267,"href":"https:\/\/pauroux.com\/de\/wp-json\/wp\/v2\/pages\/3093\/revisions\/3267"}],"wp:attachment":[{"href":"https:\/\/pauroux.com\/de\/wp-json\/wp\/v2\/media?parent=3093"}],"curies":[{"name":"wp","href":"https:\/\/api.w.org\/{rel}","templated":true}]}}