{"id":3199,"date":"2020-02-23T20:42:22","date_gmt":"2020-02-23T18:42:22","guid":{"rendered":"https:\/\/pauroux.com\/?page_id=3199"},"modified":"2024-10-29T16:57:02","modified_gmt":"2024-10-29T15:57:02","slug":"diner","status":"publish","type":"page","link":"https:\/\/pauroux.com\/de\/diner\/","title":{"rendered":"D\u00eener"},"content":{"rendered":"<p><span class=\"tlid-translation translation\" lang=\"de\"><span class=\"\" title=\"\">Wir servieren 3-G\u00e4nge-Men\u00fc fur Gruppe ab 8 Personen (30 Euro pro Person, Wein und Kafee inklusif).<\/span> <span title=\"\">In Frankreich Table d&#8217;h\u00f4tes genannt.<\/span>\u00a0<span title=\"\"> Wir essen so viel wie m\u00f6glich drau\u00dfen im attraktiven Innenhof unseres Bed &amp; Breakfast und bei weniger Wetter im nostalgischen Speisesaal.<\/span>\u00a0<\/span><\/p>\n<p><span title=\"\">.<\/span><span title=\"\">Bei uns werden Ihnen echte franz\u00f6sische K\u00fcche und regionale Spezialit\u00e4ten serviert.<\/span> <span class=\"\" title=\"\">Wir verwenden so viel wie m\u00f6glich Obst und Gem\u00fcse aus unserem eigenen Gem\u00fcsegarten und Produkte von den Bauernh\u00f6fen in der Umgebung.<\/span><\/p>\n<p><span title=\"\">F\u00fcr Kinder bis 15 Jahre, die die Speisekarte essen, betragen die Kosten 14 Euro.<\/span><\/p>\n<p><span title=\"\">Gerne ber\u00fccksichtigen wir Ern\u00e4hrungsbed\u00fcrfnisse, Unvertr\u00e4glichkeiten und Allergien und w\u00fcrden uns freuen, wenn Sie uns dies vor Ihrer Ankunft mitteilen.<\/span><\/p>\n<p><span title=\"\">Einige Bilder unserer Table d&#8217;hotes:<\/span><\/p>\n<p><img loading=\"lazy\" decoding=\"async\" class=\"alignleft size-full wp-image-3203\" src=\"https:\/\/pauroux.com\/wp-content\/uploads\/2020\/02\/table-dh\u00f4te-gerechten.jpg\" alt=\"\" width=\"879\" height=\"419\" srcset=\"https:\/\/pauroux.com\/wp-content\/uploads\/2020\/02\/table-dh\u00f4te-gerechten.jpg 879w, https:\/\/pauroux.com\/wp-content\/uploads\/2020\/02\/table-dh\u00f4te-gerechten-300x143.jpg 300w, https:\/\/pauroux.com\/wp-content\/uploads\/2020\/02\/table-dh\u00f4te-gerechten-768x366.jpg 768w, https:\/\/pauroux.com\/wp-content\/uploads\/2020\/02\/table-dh\u00f4te-gerechten-600x286.jpg 600w\" sizes=\"auto, (max-width: 879px) 100vw, 879px\" \/><\/p>\n","protected":false},"excerpt":{"rendered":"<p>Wir servieren 3-G\u00e4nge-Men\u00fc fur Gruppe ab 8 Personen (30 Euro pro Person, Wein und Kafee inklusif). In Frankreich Table d&#8217;h\u00f4tes genannt.\u00a0 Wir essen so viel wie m\u00f6glich drau\u00dfen im attraktiven Innenhof unseres Bed &amp; Breakfast und bei weniger Wetter im nostalgischen Speisesaal.\u00a0 .Bei uns werden Ihnen echte franz\u00f6sische K\u00fcche und regionale Spezialit\u00e4ten serviert. Wir verwenden [&hellip;]<\/p>\n","protected":false},"author":2,"featured_media":0,"parent":0,"menu_order":0,"comment_status":"closed","ping_status":"open","template":"page-full.php","meta":{"footnotes":""},"class_list":["post-3199","page","type-page","status-publish","hentry"],"yoast_head":"<!-- This site is optimized with the Yoast SEO plugin v27.5 - https:\/\/yoast.com\/product\/yoast-seo-wordpress\/ -->\n<title>D\u00eener - Ferme de Pauroux<\/title>\n<meta name=\"robots\" content=\"index, follow, max-snippet:-1, max-image-preview:large, max-video-preview:-1\" \/>\n<link rel=\"canonical\" href=\"https:\/\/pauroux.com\/de\/diner\/\" \/>\n<meta property=\"og:locale\" content=\"de_DE\" \/>\n<meta property=\"og:type\" content=\"article\" \/>\n<meta property=\"og:title\" content=\"D\u00eener - Ferme de Pauroux\" \/>\n<meta property=\"og:description\" content=\"Wir servieren 3-G\u00e4nge-Men\u00fc fur Gruppe ab 8 Personen (30 Euro pro Person, Wein und Kafee inklusif). In Frankreich Table d&#8217;h\u00f4tes genannt.\u00a0 Wir essen so viel wie m\u00f6glich drau\u00dfen im attraktiven Innenhof unseres Bed &amp; Breakfast und bei weniger Wetter im nostalgischen Speisesaal.\u00a0 .Bei uns werden Ihnen echte franz\u00f6sische K\u00fcche und regionale Spezialit\u00e4ten serviert. Wir verwenden [&hellip;]\" \/>\n<meta property=\"og:url\" content=\"https:\/\/pauroux.com\/de\/diner\/\" \/>\n<meta property=\"og:site_name\" content=\"Ferme de Pauroux\" \/>\n<meta property=\"article:modified_time\" content=\"2024-10-29T15:57:02+00:00\" \/>\n<meta name=\"twitter:label1\" content=\"Est. reading time\" \/>\n\t<meta name=\"twitter:data1\" content=\"1 minute\" \/>\n<script type=\"application\/ld+json\" class=\"yoast-schema-graph\">{\"@context\":\"https:\\\/\\\/schema.org\",\"@graph\":[{\"@type\":\"WebPage\",\"@id\":\"https:\\\/\\\/pauroux.com\\\/de\\\/diner\\\/\",\"url\":\"https:\\\/\\\/pauroux.com\\\/de\\\/diner\\\/\",\"name\":\"D\u00eener - Ferme de Pauroux\",\"isPartOf\":{\"@id\":\"https:\\\/\\\/pauroux.com\\\/#website\"},\"datePublished\":\"2020-02-23T18:42:22+00:00\",\"dateModified\":\"2024-10-29T15:57:02+00:00\",\"breadcrumb\":{\"@id\":\"https:\\\/\\\/pauroux.com\\\/de\\\/diner\\\/#breadcrumb\"},\"inLanguage\":\"de-DE\",\"potentialAction\":[{\"@type\":\"ReadAction\",\"target\":[\"https:\\\/\\\/pauroux.com\\\/de\\\/diner\\\/\"]}]},{\"@type\":\"BreadcrumbList\",\"@id\":\"https:\\\/\\\/pauroux.com\\\/de\\\/diner\\\/#breadcrumb\",\"itemListElement\":[{\"@type\":\"ListItem\",\"position\":1,\"name\":\"Accueil\",\"item\":\"https:\\\/\\\/pauroux.com\\\/\"},{\"@type\":\"ListItem\",\"position\":2,\"name\":\"D\u00eener\"}]},{\"@type\":\"WebSite\",\"@id\":\"https:\\\/\\\/pauroux.com\\\/#website\",\"url\":\"https:\\\/\\\/pauroux.com\\\/\",\"name\":\"Ferme de Pauroux\",\"description\":\"Chambres d&#039;h\u00f4tes, Table d&#039;h\u00f4tes et G\u00eetes\",\"potentialAction\":[{\"@type\":\"SearchAction\",\"target\":{\"@type\":\"EntryPoint\",\"urlTemplate\":\"https:\\\/\\\/pauroux.com\\\/?s={search_term_string}\"},\"query-input\":{\"@type\":\"PropertyValueSpecification\",\"valueRequired\":true,\"valueName\":\"search_term_string\"}}],\"inLanguage\":\"de-DE\"}]}<\/script>\n<!-- \/ Yoast SEO plugin. -->","yoast_head_json":{"title":"D\u00eener - Ferme de Pauroux","robots":{"index":"index","follow":"follow","max-snippet":"max-snippet:-1","max-image-preview":"max-image-preview:large","max-video-preview":"max-video-preview:-1"},"canonical":"https:\/\/pauroux.com\/de\/diner\/","og_locale":"de_DE","og_type":"article","og_title":"D\u00eener - Ferme de Pauroux","og_description":"Wir servieren 3-G\u00e4nge-Men\u00fc fur Gruppe ab 8 Personen (30 Euro pro Person, Wein und Kafee inklusif). In Frankreich Table d&#8217;h\u00f4tes genannt.\u00a0 Wir essen so viel wie m\u00f6glich drau\u00dfen im attraktiven Innenhof unseres Bed &amp; Breakfast und bei weniger Wetter im nostalgischen Speisesaal.\u00a0 .Bei uns werden Ihnen echte franz\u00f6sische K\u00fcche und regionale Spezialit\u00e4ten serviert. Wir verwenden [&hellip;]","og_url":"https:\/\/pauroux.com\/de\/diner\/","og_site_name":"Ferme de Pauroux","article_modified_time":"2024-10-29T15:57:02+00:00","twitter_misc":{"Est. reading time":"1 minute"},"schema":{"@context":"https:\/\/schema.org","@graph":[{"@type":"WebPage","@id":"https:\/\/pauroux.com\/de\/diner\/","url":"https:\/\/pauroux.com\/de\/diner\/","name":"D\u00eener - Ferme de Pauroux","isPartOf":{"@id":"https:\/\/pauroux.com\/#website"},"datePublished":"2020-02-23T18:42:22+00:00","dateModified":"2024-10-29T15:57:02+00:00","breadcrumb":{"@id":"https:\/\/pauroux.com\/de\/diner\/#breadcrumb"},"inLanguage":"de-DE","potentialAction":[{"@type":"ReadAction","target":["https:\/\/pauroux.com\/de\/diner\/"]}]},{"@type":"BreadcrumbList","@id":"https:\/\/pauroux.com\/de\/diner\/#breadcrumb","itemListElement":[{"@type":"ListItem","position":1,"name":"Accueil","item":"https:\/\/pauroux.com\/"},{"@type":"ListItem","position":2,"name":"D\u00eener"}]},{"@type":"WebSite","@id":"https:\/\/pauroux.com\/#website","url":"https:\/\/pauroux.com\/","name":"Ferme de Pauroux","description":"Chambres d&#039;h\u00f4tes, Table d&#039;h\u00f4tes et G\u00eetes","potentialAction":[{"@type":"SearchAction","target":{"@type":"EntryPoint","urlTemplate":"https:\/\/pauroux.com\/?s={search_term_string}"},"query-input":{"@type":"PropertyValueSpecification","valueRequired":true,"valueName":"search_term_string"}}],"inLanguage":"de-DE"}]}},"_links":{"self":[{"href":"https:\/\/pauroux.com\/de\/wp-json\/wp\/v2\/pages\/3199","targetHints":{"allow":["GET"]}}],"collection":[{"href":"https:\/\/pauroux.com\/de\/wp-json\/wp\/v2\/pages"}],"about":[{"href":"https:\/\/pauroux.com\/de\/wp-json\/wp\/v2\/types\/page"}],"author":[{"embeddable":true,"href":"https:\/\/pauroux.com\/de\/wp-json\/wp\/v2\/users\/2"}],"replies":[{"embeddable":true,"href":"https:\/\/pauroux.com\/de\/wp-json\/wp\/v2\/comments?post=3199"}],"version-history":[{"count":5,"href":"https:\/\/pauroux.com\/de\/wp-json\/wp\/v2\/pages\/3199\/revisions"}],"predecessor-version":[{"id":3975,"href":"https:\/\/pauroux.com\/de\/wp-json\/wp\/v2\/pages\/3199\/revisions\/3975"}],"wp:attachment":[{"href":"https:\/\/pauroux.com\/de\/wp-json\/wp\/v2\/media?parent=3199"}],"curies":[{"name":"wp","href":"https:\/\/api.w.org\/{rel}","templated":true}]}}