{"id":3209,"date":"2020-02-23T20:52:55","date_gmt":"2020-02-23T18:52:55","guid":{"rendered":"https:\/\/pauroux.com\/?page_id=3209"},"modified":"2024-10-29T16:58:08","modified_gmt":"2024-10-29T15:58:08","slug":"diner-2","status":"publish","type":"page","link":"https:\/\/pauroux.com\/de\/diner-2\/","title":{"rendered":"Diner"},"content":{"rendered":"<p><img loading=\"lazy\" decoding=\"async\" class=\"alignleft size-full wp-image-3214\" src=\"https:\/\/pauroux.com\/wp-content\/uploads\/2020\/02\/diner-2019.jpg\" alt=\"\" width=\"929\" height=\"697\" srcset=\"https:\/\/pauroux.com\/wp-content\/uploads\/2020\/02\/diner-2019.jpg 929w, https:\/\/pauroux.com\/wp-content\/uploads\/2020\/02\/diner-2019-300x225.jpg 300w, https:\/\/pauroux.com\/wp-content\/uploads\/2020\/02\/diner-2019-768x576.jpg 768w, https:\/\/pauroux.com\/wp-content\/uploads\/2020\/02\/diner-2019-600x450.jpg 600w\" sizes=\"auto, (max-width: 929px) 100vw, 929px\" \/><\/p>\n<p><span class=\"tlid-translation translation\" lang=\"de\"><span class=\"\" title=\"\">Wir servieren unser 3-G\u00e4nge-Men\u00fc (30 Euro pro Person, ein Glas Wein inklusif) f\u00fcr Gruppe ab 8 Personen.<\/span> <span title=\"\">In Frankreich Table d&#8217;h\u00f4tes genannt.<\/span> <span title=\"\">Wir essen so viel wie m\u00f6glich drau\u00dfen im attraktiven Innenhof unseres Bed &amp; Breakfast und bei weniger Wetter im nostalgischen Speisesaal.<\/span>\u00a0<span title=\"\"> <a href=\"https:\/\/pauroux.com\/de\/diner\/\">Weiter lesen<\/a><br \/>\n<\/span><\/span><\/p>\n<p><script type=\"text\/javascript\" src=\"\/\/gadget.open-system.fr\/widgets-libs\/rel\/noyau-1.0.min.js\"><\/script><br \/>\n<script type=\"text\/javascript\"><br \/>\n( function() {<br \/>\n\tvar widgetProduit = AllianceReseaux.Widget.Instance( \"Produit\", { idPanier:\"GTgZGRk\", idIntegration:1200, langue:\"de\", ui:\"OSCH-1455\" } );<br \/>\n\twidgetProduit.Initialise();<br \/>\n})();<br \/>\n<\/script><\/p>\n<div id=\"widget-produit-OSCH-1455\"><\/div>\n<p><iframe loading=\"lazy\" title=\"Chambres d&#039;h\u00f4tes et g\u00eetes La Ferme de Pauroux\" width=\"500\" height=\"375\" src=\"https:\/\/www.youtube.com\/embed\/Y17A8e9Ncnw?feature=oembed\" frameborder=\"0\" allow=\"accelerometer; autoplay; clipboard-write; encrypted-media; gyroscope; picture-in-picture; web-share\" referrerpolicy=\"strict-origin-when-cross-origin\" allowfullscreen><\/iframe><\/p>\n","protected":false},"excerpt":{"rendered":"<p>Wir servieren unser 3-G\u00e4nge-Men\u00fc (30 Euro pro Person, ein Glas Wein inklusif) f\u00fcr Gruppe ab 8 Personen. In Frankreich Table d&#8217;h\u00f4tes genannt. Wir essen so viel wie m\u00f6glich drau\u00dfen im attraktiven Innenhof unseres Bed &amp; Breakfast und bei weniger Wetter im nostalgischen Speisesaal.\u00a0 Weiter lesen<\/p>\n","protected":false},"author":2,"featured_media":0,"parent":0,"menu_order":0,"comment_status":"closed","ping_status":"open","template":"","meta":{"footnotes":""},"class_list":["post-3209","page","type-page","status-publish","hentry"],"yoast_head":"<!-- This site is optimized with the Yoast SEO plugin v27.5 - https:\/\/yoast.com\/product\/yoast-seo-wordpress\/ -->\n<title>Diner - Ferme de Pauroux<\/title>\n<meta name=\"robots\" content=\"index, follow, max-snippet:-1, max-image-preview:large, max-video-preview:-1\" \/>\n<link rel=\"canonical\" href=\"https:\/\/pauroux.com\/de\/diner-2\/\" \/>\n<meta property=\"og:locale\" content=\"de_DE\" \/>\n<meta property=\"og:type\" content=\"article\" \/>\n<meta property=\"og:title\" content=\"Diner - Ferme de Pauroux\" \/>\n<meta property=\"og:description\" content=\"Wir servieren unser 3-G\u00e4nge-Men\u00fc (30 Euro pro Person, ein Glas Wein inklusif) f\u00fcr Gruppe ab 8 Personen. In Frankreich Table d&#8217;h\u00f4tes genannt. Wir essen so viel wie m\u00f6glich drau\u00dfen im attraktiven Innenhof unseres Bed &amp; Breakfast und bei weniger Wetter im nostalgischen Speisesaal.\u00a0 Weiter lesen\" \/>\n<meta property=\"og:url\" content=\"https:\/\/pauroux.com\/de\/diner-2\/\" \/>\n<meta property=\"og:site_name\" content=\"Ferme de Pauroux\" \/>\n<meta property=\"article:modified_time\" content=\"2024-10-29T15:58:08+00:00\" \/>\n<meta property=\"og:image\" content=\"https:\/\/pauroux.com\/wp-content\/uploads\/2020\/02\/diner-2019.jpg\" \/>\n\t<meta property=\"og:image:width\" content=\"929\" \/>\n\t<meta property=\"og:image:height\" content=\"697\" \/>\n\t<meta property=\"og:image:type\" content=\"image\/jpeg\" \/>\n<meta name=\"twitter:label1\" content=\"Est. reading time\" \/>\n\t<meta name=\"twitter:data1\" content=\"1 minute\" \/>\n<script type=\"application\/ld+json\" class=\"yoast-schema-graph\">{\"@context\":\"https:\\\/\\\/schema.org\",\"@graph\":[{\"@type\":\"WebPage\",\"@id\":\"https:\\\/\\\/pauroux.com\\\/de\\\/diner-2\\\/\",\"url\":\"https:\\\/\\\/pauroux.com\\\/de\\\/diner-2\\\/\",\"name\":\"Diner - Ferme de Pauroux\",\"isPartOf\":{\"@id\":\"https:\\\/\\\/pauroux.com\\\/#website\"},\"primaryImageOfPage\":{\"@id\":\"https:\\\/\\\/pauroux.com\\\/de\\\/diner-2\\\/#primaryimage\"},\"image\":{\"@id\":\"https:\\\/\\\/pauroux.com\\\/de\\\/diner-2\\\/#primaryimage\"},\"thumbnailUrl\":\"https:\\\/\\\/pauroux.com\\\/wp-content\\\/uploads\\\/2020\\\/02\\\/diner-2019.jpg\",\"datePublished\":\"2020-02-23T18:52:55+00:00\",\"dateModified\":\"2024-10-29T15:58:08+00:00\",\"breadcrumb\":{\"@id\":\"https:\\\/\\\/pauroux.com\\\/de\\\/diner-2\\\/#breadcrumb\"},\"inLanguage\":\"de-DE\",\"potentialAction\":[{\"@type\":\"ReadAction\",\"target\":[\"https:\\\/\\\/pauroux.com\\\/de\\\/diner-2\\\/\"]}]},{\"@type\":\"ImageObject\",\"inLanguage\":\"de-DE\",\"@id\":\"https:\\\/\\\/pauroux.com\\\/de\\\/diner-2\\\/#primaryimage\",\"url\":\"https:\\\/\\\/pauroux.com\\\/wp-content\\\/uploads\\\/2020\\\/02\\\/diner-2019.jpg\",\"contentUrl\":\"https:\\\/\\\/pauroux.com\\\/wp-content\\\/uploads\\\/2020\\\/02\\\/diner-2019.jpg\"},{\"@type\":\"BreadcrumbList\",\"@id\":\"https:\\\/\\\/pauroux.com\\\/de\\\/diner-2\\\/#breadcrumb\",\"itemListElement\":[{\"@type\":\"ListItem\",\"position\":1,\"name\":\"Accueil\",\"item\":\"https:\\\/\\\/pauroux.com\\\/\"},{\"@type\":\"ListItem\",\"position\":2,\"name\":\"Diner\"}]},{\"@type\":\"WebSite\",\"@id\":\"https:\\\/\\\/pauroux.com\\\/#website\",\"url\":\"https:\\\/\\\/pauroux.com\\\/\",\"name\":\"Ferme de Pauroux\",\"description\":\"Chambres d&#039;h\u00f4tes, Table d&#039;h\u00f4tes et G\u00eetes\",\"potentialAction\":[{\"@type\":\"SearchAction\",\"target\":{\"@type\":\"EntryPoint\",\"urlTemplate\":\"https:\\\/\\\/pauroux.com\\\/?s={search_term_string}\"},\"query-input\":{\"@type\":\"PropertyValueSpecification\",\"valueRequired\":true,\"valueName\":\"search_term_string\"}}],\"inLanguage\":\"de-DE\"}]}<\/script>\n<!-- \/ Yoast SEO plugin. -->","yoast_head_json":{"title":"Diner - Ferme de Pauroux","robots":{"index":"index","follow":"follow","max-snippet":"max-snippet:-1","max-image-preview":"max-image-preview:large","max-video-preview":"max-video-preview:-1"},"canonical":"https:\/\/pauroux.com\/de\/diner-2\/","og_locale":"de_DE","og_type":"article","og_title":"Diner - Ferme de Pauroux","og_description":"Wir servieren unser 3-G\u00e4nge-Men\u00fc (30 Euro pro Person, ein Glas Wein inklusif) f\u00fcr Gruppe ab 8 Personen. In Frankreich Table d&#8217;h\u00f4tes genannt. Wir essen so viel wie m\u00f6glich drau\u00dfen im attraktiven Innenhof unseres Bed &amp; Breakfast und bei weniger Wetter im nostalgischen Speisesaal.\u00a0 Weiter lesen","og_url":"https:\/\/pauroux.com\/de\/diner-2\/","og_site_name":"Ferme de Pauroux","article_modified_time":"2024-10-29T15:58:08+00:00","og_image":[{"width":929,"height":697,"url":"https:\/\/pauroux.com\/wp-content\/uploads\/2020\/02\/diner-2019.jpg","type":"image\/jpeg"}],"twitter_misc":{"Est. reading time":"1 minute"},"schema":{"@context":"https:\/\/schema.org","@graph":[{"@type":"WebPage","@id":"https:\/\/pauroux.com\/de\/diner-2\/","url":"https:\/\/pauroux.com\/de\/diner-2\/","name":"Diner - Ferme de Pauroux","isPartOf":{"@id":"https:\/\/pauroux.com\/#website"},"primaryImageOfPage":{"@id":"https:\/\/pauroux.com\/de\/diner-2\/#primaryimage"},"image":{"@id":"https:\/\/pauroux.com\/de\/diner-2\/#primaryimage"},"thumbnailUrl":"https:\/\/pauroux.com\/wp-content\/uploads\/2020\/02\/diner-2019.jpg","datePublished":"2020-02-23T18:52:55+00:00","dateModified":"2024-10-29T15:58:08+00:00","breadcrumb":{"@id":"https:\/\/pauroux.com\/de\/diner-2\/#breadcrumb"},"inLanguage":"de-DE","potentialAction":[{"@type":"ReadAction","target":["https:\/\/pauroux.com\/de\/diner-2\/"]}]},{"@type":"ImageObject","inLanguage":"de-DE","@id":"https:\/\/pauroux.com\/de\/diner-2\/#primaryimage","url":"https:\/\/pauroux.com\/wp-content\/uploads\/2020\/02\/diner-2019.jpg","contentUrl":"https:\/\/pauroux.com\/wp-content\/uploads\/2020\/02\/diner-2019.jpg"},{"@type":"BreadcrumbList","@id":"https:\/\/pauroux.com\/de\/diner-2\/#breadcrumb","itemListElement":[{"@type":"ListItem","position":1,"name":"Accueil","item":"https:\/\/pauroux.com\/"},{"@type":"ListItem","position":2,"name":"Diner"}]},{"@type":"WebSite","@id":"https:\/\/pauroux.com\/#website","url":"https:\/\/pauroux.com\/","name":"Ferme de Pauroux","description":"Chambres d&#039;h\u00f4tes, Table d&#039;h\u00f4tes et G\u00eetes","potentialAction":[{"@type":"SearchAction","target":{"@type":"EntryPoint","urlTemplate":"https:\/\/pauroux.com\/?s={search_term_string}"},"query-input":{"@type":"PropertyValueSpecification","valueRequired":true,"valueName":"search_term_string"}}],"inLanguage":"de-DE"}]}},"_links":{"self":[{"href":"https:\/\/pauroux.com\/de\/wp-json\/wp\/v2\/pages\/3209","targetHints":{"allow":["GET"]}}],"collection":[{"href":"https:\/\/pauroux.com\/de\/wp-json\/wp\/v2\/pages"}],"about":[{"href":"https:\/\/pauroux.com\/de\/wp-json\/wp\/v2\/types\/page"}],"author":[{"embeddable":true,"href":"https:\/\/pauroux.com\/de\/wp-json\/wp\/v2\/users\/2"}],"replies":[{"embeddable":true,"href":"https:\/\/pauroux.com\/de\/wp-json\/wp\/v2\/comments?post=3209"}],"version-history":[{"count":5,"href":"https:\/\/pauroux.com\/de\/wp-json\/wp\/v2\/pages\/3209\/revisions"}],"predecessor-version":[{"id":3976,"href":"https:\/\/pauroux.com\/de\/wp-json\/wp\/v2\/pages\/3209\/revisions\/3976"}],"wp:attachment":[{"href":"https:\/\/pauroux.com\/de\/wp-json\/wp\/v2\/media?parent=3209"}],"curies":[{"name":"wp","href":"https:\/\/api.w.org\/{rel}","templated":true}]}}