{"id":1073,"date":"2014-02-26T16:18:46","date_gmt":"2014-02-26T16:18:46","guid":{"rendered":"https:\/\/pauroux.com\/?page_id=1073"},"modified":"2024-10-29T16:53:04","modified_gmt":"2024-10-29T15:53:04","slug":"dinner-drome","status":"publish","type":"page","link":"https:\/\/pauroux.com\/en\/dinner-drome\/","title":{"rendered":"Dinner Dr\u00f4me"},"content":{"rendered":"<div id=\"attachment_289\" style=\"width: 310px\" class=\"wp-caption alignleft\"><a href=\"https:\/\/pauroux.com\/wp-content\/uploads\/2014\/01\/Chambres_dhotes_Nel_en_Wim_2006.jpg\" rel=\"lightbox[1073]\"><img loading=\"lazy\" decoding=\"async\" aria-describedby=\"caption-attachment-289\" class=\"size-medium wp-image-289 \" src=\"https:\/\/pauroux.com\/wp-content\/uploads\/2014\/01\/Chambres_dhotes_Nel_en_Wim_2006-300x225.jpg\" alt=\"Diner in de Dr\u00f4me\" width=\"300\" height=\"225\" srcset=\"https:\/\/pauroux.com\/wp-content\/uploads\/2014\/01\/Chambres_dhotes_Nel_en_Wim_2006-300x225.jpg 300w, https:\/\/pauroux.com\/wp-content\/uploads\/2014\/01\/Chambres_dhotes_Nel_en_Wim_2006-160x120.jpg 160w, https:\/\/pauroux.com\/wp-content\/uploads\/2014\/01\/Chambres_dhotes_Nel_en_Wim_2006.jpg 640w\" sizes=\"auto, (max-width: 300px) 100vw, 300px\" \/><\/a><p id=\"caption-attachment-289\" class=\"wp-caption-text\">.<\/p><\/div>\n<p>We only serve dinner for groups from 8 persons or more (three courses for 30 euros, wine and coffee included). In France called Table d&#8217;H\u00f4tes. We serve dinner either in our courtyard or in the dining room.<\/p>\n<div id=\"attachment_290\" style=\"width: 145px\" class=\"wp-caption alignright\"><a href=\"https:\/\/pauroux.com\/wp-content\/uploads\/2014\/01\/eetzaal.jpg\" rel=\"lightbox[1073]\"><img loading=\"lazy\" decoding=\"async\" aria-describedby=\"caption-attachment-290\" class=\" wp-image-290 \" src=\"https:\/\/pauroux.com\/wp-content\/uploads\/2014\/01\/eetzaal-225x300.jpg\" alt=\"Diner in de Dr\u00f4me\" width=\"135\" height=\"180\" srcset=\"https:\/\/pauroux.com\/wp-content\/uploads\/2014\/01\/eetzaal-225x300.jpg 225w, https:\/\/pauroux.com\/wp-content\/uploads\/2014\/01\/eetzaal.jpg 384w\" sizes=\"auto, (max-width: 135px) 100vw, 135px\" \/><\/a><p id=\"caption-attachment-290\" class=\"wp-caption-text\">.<\/p><\/div>\n<p>Thierry studied at the hotelschool in Strassbourg and really likes cooking for you. At our bed &amp; breakfast you will find the real French &#8216;cuisine&#8217; and regional dishes. You will find a few examples of menus of our dinner Dr\u00f4me below. Thierry uses as much as possible fruit and vegetables from our own garden and products from local farms.<\/p>\n<blockquote><p>&#8216;Thierry is an excellent cook. He even served my favorite dessert !\u2019 (tripadvisor, May 2018)<\/p><\/blockquote>\n<p style=\"text-align: center;\"><div class='one_half'>\n\t\t\t\t\t<h3 style=\"text-align: center;\">menu 1<\/h3>\n<p style=\"text-align: center;\">Aubergines far\u00e7ies au picodon<\/p>\n<p style=\"text-align: center;\"><em>Stuffed eggplant with picodon cheese<\/em><\/p>\n<p style=\"text-align: center;\">~<\/p>\n<p style=\"text-align: center;\">Pintadeau de la Dr\u00f4me<\/p>\n<p style=\"text-align: center;\"><em>Guineafowl from the Dr\u00f4me<\/em><\/p>\n<p style=\"text-align: center;\">~<\/p>\n<p style=\"text-align: center;\">Courgettes Magali<\/p>\n<p style=\"text-align: center;\"><em>Zucchini with tomato<\/em><\/p>\n<p style=\"text-align: center;\">~<\/p>\n<p style=\"text-align: center;\">Pommes rissol\u00e9es<\/p>\n<p style=\"text-align: center;\"><em>Baked patato&#8217;s<\/em><\/p>\n<p style=\"text-align: center;\">~<\/p>\n<p style=\"text-align: center;\">Gratin de figues<\/p>\n<p style=\"text-align: center;\"><em>Fig gratin\n<\/em><\/p>\n<p style=\"text-align: center;\">\n\t\t\t\t<\/div><div class='one_half'>\n\t\t\t\t\t\n\t\t\t\t<\/div><\/p>\n<h3 style=\"text-align: center;\">menu 2<\/h3>\n<p style=\"text-align: center;\">Salade de picodon chaud<\/p>\n<p style=\"text-align: center;\"><em>Salad with melted picodon cheese<\/em><\/p>\n<p style=\"text-align: center;\">~<\/p>\n<p style=\"text-align: center;\">Gigot d&#8217;agneau \u00e0 l&#8217;ail<\/p>\n<p style=\"text-align: center;\"><em>Lamb with garlic<br \/>\n<\/em><\/p>\n<p style=\"text-align: center;\">~<\/p>\n<p style=\"text-align: center;\">Roul\u00e9 d&#8217;aubergines \u00e0 la tomate<\/p>\n<p style=\"text-align: center;\"><em>Eggplant rolls with tomato<\/em><\/p>\n<p style=\"text-align: center;\">~<\/p>\n<p style=\"text-align: center;\">Gratin dauphinois<\/p>\n<p style=\"text-align: center;\"><em>Patato gratin<\/em><\/p>\n<p style=\"text-align: center;\">~<br \/>\nThierrymisu<\/p>\n<p style=\"text-align: center;\"><em>Tiramisu with homegrown strawberries<\/em><\/p>\n<p style=\"text-align: center;\"><div class='one_half et_column_last'>\n\t\t\t\t\t\n\t\t\t\t<\/div><div class='clear'><\/div><\/p>\n<p>For children up to 15 years the menu is 14 euros.<\/p>\n<p>If you follow a diet please let us know.<\/p>\n<h3>Some pictures of our Table d&#8217;hotes:<\/h3>\n<p><code>[print_gllr id=58]<\/code><\/p>\n","protected":false},"excerpt":{"rendered":"<p>We only serve dinner for groups from 8 persons or more (three courses for 30 euros, wine and coffee included). In France called Table d&#8217;H\u00f4tes. We serve dinner either in our courtyard or in the dining room. Thierry studied at the hotelschool in Strassbourg and really likes cooking for you. At our bed &amp; breakfast [&hellip;]<\/p>\n","protected":false},"author":2,"featured_media":0,"parent":0,"menu_order":0,"comment_status":"closed","ping_status":"open","template":"page-full.php","meta":{"footnotes":""},"class_list":["post-1073","page","type-page","status-publish","hentry"],"yoast_head":"<!-- This site is optimized with the Yoast SEO plugin v27.5 - https:\/\/yoast.com\/product\/yoast-seo-wordpress\/ -->\n<title>Dinner Dr\u00f4me - Ferme de Pauroux<\/title>\n<meta name=\"description\" content=\"Five times a week we serve dinner Dr\u00f4me in our bed &amp; breakfast at mornans near Bourdeaux, Sao\u00fb, Dieulefit and Crest.\" \/>\n<meta name=\"robots\" content=\"index, follow, max-snippet:-1, max-image-preview:large, max-video-preview:-1\" \/>\n<link rel=\"canonical\" href=\"https:\/\/pauroux.com\/en\/dinner-drome\/\" \/>\n<meta property=\"og:locale\" content=\"en_US\" \/>\n<meta property=\"og:type\" content=\"article\" \/>\n<meta property=\"og:title\" content=\"Dinner Dr\u00f4me - Ferme de Pauroux\" \/>\n<meta property=\"og:description\" content=\"Five times a week we serve dinner Dr\u00f4me in our bed &amp; breakfast at mornans near Bourdeaux, Sao\u00fb, Dieulefit and Crest.\" \/>\n<meta property=\"og:url\" content=\"https:\/\/pauroux.com\/en\/dinner-drome\/\" \/>\n<meta property=\"og:site_name\" content=\"Ferme de Pauroux\" \/>\n<meta property=\"article:modified_time\" content=\"2024-10-29T15:53:04+00:00\" \/>\n<meta property=\"og:image\" content=\"https:\/\/pauroux.com\/wp-content\/uploads\/2014\/01\/Chambres_dhotes_Nel_en_Wim_2006.jpg\" \/>\n\t<meta property=\"og:image:width\" content=\"640\" \/>\n\t<meta property=\"og:image:height\" content=\"480\" \/>\n\t<meta property=\"og:image:type\" content=\"image\/jpeg\" \/>\n<meta name=\"twitter:label1\" content=\"Est. reading time\" \/>\n\t<meta name=\"twitter:data1\" content=\"2 minutes\" \/>\n<script type=\"application\/ld+json\" class=\"yoast-schema-graph\">{\"@context\":\"https:\\\/\\\/schema.org\",\"@graph\":[{\"@type\":\"WebPage\",\"@id\":\"https:\\\/\\\/pauroux.com\\\/en\\\/dinner-drome\\\/\",\"url\":\"https:\\\/\\\/pauroux.com\\\/en\\\/dinner-drome\\\/\",\"name\":\"Dinner Dr\u00f4me - Ferme de Pauroux\",\"isPartOf\":{\"@id\":\"https:\\\/\\\/pauroux.com\\\/#website\"},\"primaryImageOfPage\":{\"@id\":\"https:\\\/\\\/pauroux.com\\\/en\\\/dinner-drome\\\/#primaryimage\"},\"image\":{\"@id\":\"https:\\\/\\\/pauroux.com\\\/en\\\/dinner-drome\\\/#primaryimage\"},\"thumbnailUrl\":\"https:\\\/\\\/pauroux.com\\\/wp-content\\\/uploads\\\/2014\\\/01\\\/Chambres_dhotes_Nel_en_Wim_2006-300x225.jpg\",\"datePublished\":\"2014-02-26T16:18:46+00:00\",\"dateModified\":\"2024-10-29T15:53:04+00:00\",\"description\":\"Five times a week we serve dinner Dr\u00f4me in our bed & breakfast at mornans near Bourdeaux, Sao\u00fb, Dieulefit and Crest.\",\"breadcrumb\":{\"@id\":\"https:\\\/\\\/pauroux.com\\\/en\\\/dinner-drome\\\/#breadcrumb\"},\"inLanguage\":\"en-US\",\"potentialAction\":[{\"@type\":\"ReadAction\",\"target\":[\"https:\\\/\\\/pauroux.com\\\/en\\\/dinner-drome\\\/\"]}]},{\"@type\":\"ImageObject\",\"inLanguage\":\"en-US\",\"@id\":\"https:\\\/\\\/pauroux.com\\\/en\\\/dinner-drome\\\/#primaryimage\",\"url\":\"https:\\\/\\\/pauroux.com\\\/wp-content\\\/uploads\\\/2014\\\/01\\\/Chambres_dhotes_Nel_en_Wim_2006-300x225.jpg\",\"contentUrl\":\"https:\\\/\\\/pauroux.com\\\/wp-content\\\/uploads\\\/2014\\\/01\\\/Chambres_dhotes_Nel_en_Wim_2006-300x225.jpg\"},{\"@type\":\"BreadcrumbList\",\"@id\":\"https:\\\/\\\/pauroux.com\\\/en\\\/dinner-drome\\\/#breadcrumb\",\"itemListElement\":[{\"@type\":\"ListItem\",\"position\":1,\"name\":\"Accueil\",\"item\":\"https:\\\/\\\/pauroux.com\\\/\"},{\"@type\":\"ListItem\",\"position\":2,\"name\":\"Dinner Dr\u00f4me\"}]},{\"@type\":\"WebSite\",\"@id\":\"https:\\\/\\\/pauroux.com\\\/#website\",\"url\":\"https:\\\/\\\/pauroux.com\\\/\",\"name\":\"Ferme de Pauroux\",\"description\":\"Chambres d&#039;h\u00f4tes, Table d&#039;h\u00f4tes et G\u00eetes\",\"potentialAction\":[{\"@type\":\"SearchAction\",\"target\":{\"@type\":\"EntryPoint\",\"urlTemplate\":\"https:\\\/\\\/pauroux.com\\\/?s={search_term_string}\"},\"query-input\":{\"@type\":\"PropertyValueSpecification\",\"valueRequired\":true,\"valueName\":\"search_term_string\"}}],\"inLanguage\":\"en-US\"}]}<\/script>\n<!-- \/ Yoast SEO plugin. -->","yoast_head_json":{"title":"Dinner Dr\u00f4me - Ferme de Pauroux","description":"Five times a week we serve dinner Dr\u00f4me in our bed & breakfast at mornans near Bourdeaux, Sao\u00fb, Dieulefit and Crest.","robots":{"index":"index","follow":"follow","max-snippet":"max-snippet:-1","max-image-preview":"max-image-preview:large","max-video-preview":"max-video-preview:-1"},"canonical":"https:\/\/pauroux.com\/en\/dinner-drome\/","og_locale":"en_US","og_type":"article","og_title":"Dinner Dr\u00f4me - Ferme de Pauroux","og_description":"Five times a week we serve dinner Dr\u00f4me in our bed & breakfast at mornans near Bourdeaux, Sao\u00fb, Dieulefit and Crest.","og_url":"https:\/\/pauroux.com\/en\/dinner-drome\/","og_site_name":"Ferme de Pauroux","article_modified_time":"2024-10-29T15:53:04+00:00","og_image":[{"width":640,"height":480,"url":"https:\/\/pauroux.com\/wp-content\/uploads\/2014\/01\/Chambres_dhotes_Nel_en_Wim_2006.jpg","type":"image\/jpeg"}],"twitter_misc":{"Est. reading time":"2 minutes"},"schema":{"@context":"https:\/\/schema.org","@graph":[{"@type":"WebPage","@id":"https:\/\/pauroux.com\/en\/dinner-drome\/","url":"https:\/\/pauroux.com\/en\/dinner-drome\/","name":"Dinner Dr\u00f4me - Ferme de Pauroux","isPartOf":{"@id":"https:\/\/pauroux.com\/#website"},"primaryImageOfPage":{"@id":"https:\/\/pauroux.com\/en\/dinner-drome\/#primaryimage"},"image":{"@id":"https:\/\/pauroux.com\/en\/dinner-drome\/#primaryimage"},"thumbnailUrl":"https:\/\/pauroux.com\/wp-content\/uploads\/2014\/01\/Chambres_dhotes_Nel_en_Wim_2006-300x225.jpg","datePublished":"2014-02-26T16:18:46+00:00","dateModified":"2024-10-29T15:53:04+00:00","description":"Five times a week we serve dinner Dr\u00f4me in our bed & breakfast at mornans near Bourdeaux, Sao\u00fb, Dieulefit and Crest.","breadcrumb":{"@id":"https:\/\/pauroux.com\/en\/dinner-drome\/#breadcrumb"},"inLanguage":"en-US","potentialAction":[{"@type":"ReadAction","target":["https:\/\/pauroux.com\/en\/dinner-drome\/"]}]},{"@type":"ImageObject","inLanguage":"en-US","@id":"https:\/\/pauroux.com\/en\/dinner-drome\/#primaryimage","url":"https:\/\/pauroux.com\/wp-content\/uploads\/2014\/01\/Chambres_dhotes_Nel_en_Wim_2006-300x225.jpg","contentUrl":"https:\/\/pauroux.com\/wp-content\/uploads\/2014\/01\/Chambres_dhotes_Nel_en_Wim_2006-300x225.jpg"},{"@type":"BreadcrumbList","@id":"https:\/\/pauroux.com\/en\/dinner-drome\/#breadcrumb","itemListElement":[{"@type":"ListItem","position":1,"name":"Accueil","item":"https:\/\/pauroux.com\/"},{"@type":"ListItem","position":2,"name":"Dinner Dr\u00f4me"}]},{"@type":"WebSite","@id":"https:\/\/pauroux.com\/#website","url":"https:\/\/pauroux.com\/","name":"Ferme de Pauroux","description":"Chambres d&#039;h\u00f4tes, Table d&#039;h\u00f4tes et G\u00eetes","potentialAction":[{"@type":"SearchAction","target":{"@type":"EntryPoint","urlTemplate":"https:\/\/pauroux.com\/?s={search_term_string}"},"query-input":{"@type":"PropertyValueSpecification","valueRequired":true,"valueName":"search_term_string"}}],"inLanguage":"en-US"}]}},"_links":{"self":[{"href":"https:\/\/pauroux.com\/en\/wp-json\/wp\/v2\/pages\/1073","targetHints":{"allow":["GET"]}}],"collection":[{"href":"https:\/\/pauroux.com\/en\/wp-json\/wp\/v2\/pages"}],"about":[{"href":"https:\/\/pauroux.com\/en\/wp-json\/wp\/v2\/types\/page"}],"author":[{"embeddable":true,"href":"https:\/\/pauroux.com\/en\/wp-json\/wp\/v2\/users\/2"}],"replies":[{"embeddable":true,"href":"https:\/\/pauroux.com\/en\/wp-json\/wp\/v2\/comments?post=1073"}],"version-history":[{"count":5,"href":"https:\/\/pauroux.com\/en\/wp-json\/wp\/v2\/pages\/1073\/revisions"}],"predecessor-version":[{"id":3970,"href":"https:\/\/pauroux.com\/en\/wp-json\/wp\/v2\/pages\/1073\/revisions\/3970"}],"wp:attachment":[{"href":"https:\/\/pauroux.com\/en\/wp-json\/wp\/v2\/media?parent=1073"}],"curies":[{"name":"wp","href":"https:\/\/api.w.org\/{rel}","templated":true}]}}