{"id":1731,"date":"2015-09-11T18:25:39","date_gmt":"2015-09-11T18:25:39","guid":{"rendered":"https:\/\/pauroux.com\/en\/?page_id=1731"},"modified":"2023-03-31T10:10:52","modified_gmt":"2023-03-31T08:10:52","slug":"bed-breakfast-drome","status":"publish","type":"page","link":"https:\/\/pauroux.com\/en\/bed-breakfast-drome\/","title":{"rendered":"La ferme de Pauroux"},"content":{"rendered":"<p>La Ferme de Pauroux is a bed &amp; breakfast in the Dr\u00f4me region (east of the Ardeche) with four guestrooms and two holiday homes.<\/p>\n<p>Come and enjoy the atmosphere of the Provence and join our table for dinner &#8230;.<!--more--><\/p>\n<h3>&#8216; Old&#8217; Proven\u00e7ial farm<\/h3>\n<div id=\"attachment_315\" style=\"width: 310px\" class=\"wp-caption alignright\"><a href=\"https:\/\/pauroux.com\/wp-content\/uploads\/2014\/01\/chambres_dhotes_potager_michaela_en_paul.jpg\" rel=\"lightbox[1731]\"><img loading=\"lazy\" decoding=\"async\" aria-describedby=\"caption-attachment-315\" class=\"size-medium wp-image-315 \" src=\"https:\/\/pauroux.com\/wp-content\/uploads\/2014\/01\/chambres_dhotes_potager_michaela_en_paul-300x225.jpg\" alt=\"voorkant chambres d'h\u00f4tes Dr\u00f4me\" width=\"300\" height=\"225\" srcset=\"https:\/\/pauroux.com\/wp-content\/uploads\/2014\/01\/chambres_dhotes_potager_michaela_en_paul-300x225.jpg 300w, https:\/\/pauroux.com\/wp-content\/uploads\/2014\/01\/chambres_dhotes_potager_michaela_en_paul-160x120.jpg 160w, https:\/\/pauroux.com\/wp-content\/uploads\/2014\/01\/chambres_dhotes_potager_michaela_en_paul.jpg 640w\" sizes=\"auto, (max-width: 300px) 100vw, 300px\" \/><\/a><p id=\"caption-attachment-315\" class=\"wp-caption-text\">The farm<\/p><\/div>\n<p>La Ferme de Pauroux is a typical Proven\u00e7ial farm from 1839 which nowadays serves as a bed &amp; breakfast (chambres d&#8217;h\u00f4tes) with four guestrooms and two holliday homes. Here you can enjoy all the things France has to offer. The beautiful landscape of the Dr\u00f4me, the hills, the cliffs of &#8216;La Roche Colombe&#8217;, the rivers and the typical French villages such as Saou and Bourdeaux. Stroll through picturesque markets and drink a glass of red wine on a terrace in a typical village. Enjoy great walks or cycle through the beautiful countryside.<\/p>\n<p>&nbsp;<\/p>\n<h3><\/h3>\n<h3><\/h3>\n<h3>Thierry, Sabine en C\u00e9dric<\/h3>\n<p>Thierry Chambrillon and his wife Sabine will warmly receive you. Thierry is son of a French farmer and also studied at the &#8216;\u00e9cole h\u00f4teli\u00e8re&#8217;, French hotel school. Thierry will cook up a storm and treat you to a delicious French meal (table d&#8217;h\u00f4tes). C\u00e9dric our son is 16 years and likes sports and spending time with his friends. He helps us out when needed. Do you enjoy the French way of life or are you interested to know more, you are more than welcome at La Ferme de Pauroux.<\/p>\n<p>&nbsp;<\/p>\n<div id=\"attachment_422\" style=\"width: 310px\" class=\"wp-caption aligncenter\"><a href=\"https:\/\/pauroux.com\/wp-content\/uploads\/2014\/01\/Gite_drome_Sabine_en_Thierry_1.jpg\" rel=\"lightbox[1731]\"><img loading=\"lazy\" decoding=\"async\" aria-describedby=\"caption-attachment-422\" class=\"size-medium wp-image-422 \" src=\"https:\/\/pauroux.com\/wp-content\/uploads\/2014\/01\/Gite_drome_Sabine_en_Thierry_1-300x225.jpg\" alt=\"Bed &amp; Breakfast Dr\u00f4me\" width=\"300\" height=\"225\" srcset=\"https:\/\/pauroux.com\/wp-content\/uploads\/2014\/01\/Gite_drome_Sabine_en_Thierry_1-300x225.jpg 300w, https:\/\/pauroux.com\/wp-content\/uploads\/2014\/01\/Gite_drome_Sabine_en_Thierry_1-160x120.jpg 160w, https:\/\/pauroux.com\/wp-content\/uploads\/2014\/01\/Gite_drome_Sabine_en_Thierry_1.jpg 900w\" sizes=\"auto, (max-width: 300px) 100vw, 300px\" \/><\/a><p id=\"caption-attachment-422\" class=\"wp-caption-text\">Thierry and Sabine<\/p><\/div>\n<p>&nbsp;<\/p>\n","protected":false},"excerpt":{"rendered":"<p>La Ferme de Pauroux is a bed &amp; breakfast in the Dr\u00f4me region (east of the Ardeche) with four guestrooms and two holiday homes. Come and enjoy the atmosphere of the Provence and join our table for dinner &#8230;.<\/p>\n","protected":false},"author":2,"featured_media":0,"parent":0,"menu_order":0,"comment_status":"closed","ping_status":"closed","template":"page-full.php","meta":{"footnotes":""},"class_list":["post-1731","page","type-page","status-publish","hentry"],"yoast_head":"<!-- This site is optimized with the Yoast SEO plugin v27.5 - https:\/\/yoast.com\/product\/yoast-seo-wordpress\/ -->\n<title>La ferme de Pauroux - Ferme de Pauroux<\/title>\n<meta name=\"robots\" content=\"index, follow, max-snippet:-1, max-image-preview:large, max-video-preview:-1\" \/>\n<link rel=\"canonical\" href=\"https:\/\/pauroux.com\/en\/bed-breakfast-drome\/\" \/>\n<meta property=\"og:locale\" content=\"en_US\" \/>\n<meta property=\"og:type\" content=\"article\" \/>\n<meta property=\"og:title\" content=\"La ferme de Pauroux - Ferme de Pauroux\" \/>\n<meta property=\"og:description\" content=\"La Ferme de Pauroux is a bed &amp; breakfast in the Dr\u00f4me region (east of the Ardeche) with four guestrooms and two holiday homes. Come and enjoy the atmosphere of the Provence and join our table for dinner &#8230;.\" \/>\n<meta property=\"og:url\" content=\"https:\/\/pauroux.com\/en\/bed-breakfast-drome\/\" \/>\n<meta property=\"og:site_name\" content=\"Ferme de Pauroux\" \/>\n<meta property=\"article:modified_time\" content=\"2023-03-31T08:10:52+00:00\" \/>\n<meta property=\"og:image\" content=\"https:\/\/pauroux.com\/wp-content\/uploads\/2014\/01\/chambres_dhotes_potager_michaela_en_paul-300x225.jpg\" \/>\n<meta name=\"twitter:label1\" content=\"Est. reading time\" \/>\n\t<meta name=\"twitter:data1\" content=\"1 minute\" \/>\n<script type=\"application\/ld+json\" class=\"yoast-schema-graph\">{\"@context\":\"https:\\\/\\\/schema.org\",\"@graph\":[{\"@type\":\"WebPage\",\"@id\":\"https:\\\/\\\/pauroux.com\\\/en\\\/bed-breakfast-drome\\\/\",\"url\":\"https:\\\/\\\/pauroux.com\\\/en\\\/bed-breakfast-drome\\\/\",\"name\":\"La ferme de Pauroux - Ferme de Pauroux\",\"isPartOf\":{\"@id\":\"https:\\\/\\\/pauroux.com\\\/#website\"},\"primaryImageOfPage\":{\"@id\":\"https:\\\/\\\/pauroux.com\\\/en\\\/bed-breakfast-drome\\\/#primaryimage\"},\"image\":{\"@id\":\"https:\\\/\\\/pauroux.com\\\/en\\\/bed-breakfast-drome\\\/#primaryimage\"},\"thumbnailUrl\":\"https:\\\/\\\/pauroux.com\\\/wp-content\\\/uploads\\\/2014\\\/01\\\/chambres_dhotes_potager_michaela_en_paul-300x225.jpg\",\"datePublished\":\"2015-09-11T18:25:39+00:00\",\"dateModified\":\"2023-03-31T08:10:52+00:00\",\"breadcrumb\":{\"@id\":\"https:\\\/\\\/pauroux.com\\\/en\\\/bed-breakfast-drome\\\/#breadcrumb\"},\"inLanguage\":\"en-US\",\"potentialAction\":[{\"@type\":\"ReadAction\",\"target\":[\"https:\\\/\\\/pauroux.com\\\/en\\\/bed-breakfast-drome\\\/\"]}]},{\"@type\":\"ImageObject\",\"inLanguage\":\"en-US\",\"@id\":\"https:\\\/\\\/pauroux.com\\\/en\\\/bed-breakfast-drome\\\/#primaryimage\",\"url\":\"https:\\\/\\\/pauroux.com\\\/wp-content\\\/uploads\\\/2014\\\/01\\\/chambres_dhotes_potager_michaela_en_paul-300x225.jpg\",\"contentUrl\":\"https:\\\/\\\/pauroux.com\\\/wp-content\\\/uploads\\\/2014\\\/01\\\/chambres_dhotes_potager_michaela_en_paul-300x225.jpg\"},{\"@type\":\"BreadcrumbList\",\"@id\":\"https:\\\/\\\/pauroux.com\\\/en\\\/bed-breakfast-drome\\\/#breadcrumb\",\"itemListElement\":[{\"@type\":\"ListItem\",\"position\":1,\"name\":\"Accueil\",\"item\":\"https:\\\/\\\/pauroux.com\\\/\"},{\"@type\":\"ListItem\",\"position\":2,\"name\":\"La ferme de Pauroux\"}]},{\"@type\":\"WebSite\",\"@id\":\"https:\\\/\\\/pauroux.com\\\/#website\",\"url\":\"https:\\\/\\\/pauroux.com\\\/\",\"name\":\"Ferme de Pauroux\",\"description\":\"Chambres d&#039;h\u00f4tes, Table d&#039;h\u00f4tes et G\u00eetes\",\"potentialAction\":[{\"@type\":\"SearchAction\",\"target\":{\"@type\":\"EntryPoint\",\"urlTemplate\":\"https:\\\/\\\/pauroux.com\\\/?s={search_term_string}\"},\"query-input\":{\"@type\":\"PropertyValueSpecification\",\"valueRequired\":true,\"valueName\":\"search_term_string\"}}],\"inLanguage\":\"en-US\"}]}<\/script>\n<!-- \/ Yoast SEO plugin. -->","yoast_head_json":{"title":"La ferme de Pauroux - Ferme de Pauroux","robots":{"index":"index","follow":"follow","max-snippet":"max-snippet:-1","max-image-preview":"max-image-preview:large","max-video-preview":"max-video-preview:-1"},"canonical":"https:\/\/pauroux.com\/en\/bed-breakfast-drome\/","og_locale":"en_US","og_type":"article","og_title":"La ferme de Pauroux - Ferme de Pauroux","og_description":"La Ferme de Pauroux is a bed &amp; breakfast in the Dr\u00f4me region (east of the Ardeche) with four guestrooms and two holiday homes. Come and enjoy the atmosphere of the Provence and join our table for dinner &#8230;.","og_url":"https:\/\/pauroux.com\/en\/bed-breakfast-drome\/","og_site_name":"Ferme de Pauroux","article_modified_time":"2023-03-31T08:10:52+00:00","og_image":[{"url":"https:\/\/pauroux.com\/wp-content\/uploads\/2014\/01\/chambres_dhotes_potager_michaela_en_paul-300x225.jpg","type":"","width":"","height":""}],"twitter_misc":{"Est. reading time":"1 minute"},"schema":{"@context":"https:\/\/schema.org","@graph":[{"@type":"WebPage","@id":"https:\/\/pauroux.com\/en\/bed-breakfast-drome\/","url":"https:\/\/pauroux.com\/en\/bed-breakfast-drome\/","name":"La ferme de Pauroux - Ferme de Pauroux","isPartOf":{"@id":"https:\/\/pauroux.com\/#website"},"primaryImageOfPage":{"@id":"https:\/\/pauroux.com\/en\/bed-breakfast-drome\/#primaryimage"},"image":{"@id":"https:\/\/pauroux.com\/en\/bed-breakfast-drome\/#primaryimage"},"thumbnailUrl":"https:\/\/pauroux.com\/wp-content\/uploads\/2014\/01\/chambres_dhotes_potager_michaela_en_paul-300x225.jpg","datePublished":"2015-09-11T18:25:39+00:00","dateModified":"2023-03-31T08:10:52+00:00","breadcrumb":{"@id":"https:\/\/pauroux.com\/en\/bed-breakfast-drome\/#breadcrumb"},"inLanguage":"en-US","potentialAction":[{"@type":"ReadAction","target":["https:\/\/pauroux.com\/en\/bed-breakfast-drome\/"]}]},{"@type":"ImageObject","inLanguage":"en-US","@id":"https:\/\/pauroux.com\/en\/bed-breakfast-drome\/#primaryimage","url":"https:\/\/pauroux.com\/wp-content\/uploads\/2014\/01\/chambres_dhotes_potager_michaela_en_paul-300x225.jpg","contentUrl":"https:\/\/pauroux.com\/wp-content\/uploads\/2014\/01\/chambres_dhotes_potager_michaela_en_paul-300x225.jpg"},{"@type":"BreadcrumbList","@id":"https:\/\/pauroux.com\/en\/bed-breakfast-drome\/#breadcrumb","itemListElement":[{"@type":"ListItem","position":1,"name":"Accueil","item":"https:\/\/pauroux.com\/"},{"@type":"ListItem","position":2,"name":"La ferme de Pauroux"}]},{"@type":"WebSite","@id":"https:\/\/pauroux.com\/#website","url":"https:\/\/pauroux.com\/","name":"Ferme de Pauroux","description":"Chambres d&#039;h\u00f4tes, Table d&#039;h\u00f4tes et G\u00eetes","potentialAction":[{"@type":"SearchAction","target":{"@type":"EntryPoint","urlTemplate":"https:\/\/pauroux.com\/?s={search_term_string}"},"query-input":{"@type":"PropertyValueSpecification","valueRequired":true,"valueName":"search_term_string"}}],"inLanguage":"en-US"}]}},"_links":{"self":[{"href":"https:\/\/pauroux.com\/en\/wp-json\/wp\/v2\/pages\/1731","targetHints":{"allow":["GET"]}}],"collection":[{"href":"https:\/\/pauroux.com\/en\/wp-json\/wp\/v2\/pages"}],"about":[{"href":"https:\/\/pauroux.com\/en\/wp-json\/wp\/v2\/types\/page"}],"author":[{"embeddable":true,"href":"https:\/\/pauroux.com\/en\/wp-json\/wp\/v2\/users\/2"}],"replies":[{"embeddable":true,"href":"https:\/\/pauroux.com\/en\/wp-json\/wp\/v2\/comments?post=1731"}],"version-history":[{"count":1,"href":"https:\/\/pauroux.com\/en\/wp-json\/wp\/v2\/pages\/1731\/revisions"}],"predecessor-version":[{"id":3853,"href":"https:\/\/pauroux.com\/en\/wp-json\/wp\/v2\/pages\/1731\/revisions\/3853"}],"wp:attachment":[{"href":"https:\/\/pauroux.com\/en\/wp-json\/wp\/v2\/media?parent=1731"}],"curies":[{"name":"wp","href":"https:\/\/api.w.org\/{rel}","templated":true}]}}