{"id":877,"date":"2014-02-27T13:12:45","date_gmt":"2014-02-27T13:12:45","guid":{"rendered":"https:\/\/pauroux.com\/?page_id=877"},"modified":"2023-03-31T10:10:51","modified_gmt":"2023-03-31T08:10:51","slug":"hiking-drome-region","status":"publish","type":"page","link":"https:\/\/pauroux.com\/en\/hiking-drome-region\/","title":{"rendered":"Hiking and activities in the Dr\u00f4me region"},"content":{"rendered":"<div id=\"attachment_301\" style=\"width: 310px\" class=\"wp-caption alignright\"><a href=\"https:\/\/pauroux.com\/wp-content\/uploads\/2014\/02\/drome-le-roubion.jpg\" rel=\"lightbox[877]\"><img loading=\"lazy\" decoding=\"async\" aria-describedby=\"caption-attachment-301\" class=\"size-medium wp-image-301     \" title=\"Activeiten dr\u00f4me\" alt=\"Activiteiten Dr\u00f4me\" src=\"https:\/\/pauroux.com\/wp-content\/uploads\/2014\/02\/drome-le-roubion-300x205.jpg\" width=\"300\" height=\"205\" srcset=\"https:\/\/pauroux.com\/wp-content\/uploads\/2014\/02\/drome-le-roubion-300x205.jpg 300w, https:\/\/pauroux.com\/wp-content\/uploads\/2014\/02\/drome-le-roubion.jpg 750w\" sizes=\"auto, (max-width: 300px) 100vw, 300px\" \/><\/a><p id=\"caption-attachment-301\" class=\"wp-caption-text\">Le Roubion<\/p><\/div>\n<p>There is a lot to do in the Dr\u00f4me. You can go for a hike or a swim, visit typical French villages or enjoy the beautiful landscape. Below you will find information on all the things you can do in the Dr\u00f4me.<\/p>\n<h3><\/h3>\n<h3>Around the farm<\/h3>\n<ul>\n<li>Relax<\/li>\n<li>Jeu de Boules<\/li>\n<li>Visit the the cheese factory of Picodon cheese<\/li>\n<li>Feed the chickens<\/li>\n<li>Climb at the playground<\/li>\n<li>Swim and play in the Roubion<\/li>\n<li>Read a book under the limetree<\/li>\n<li>Join us for a delicous French dinner<\/li>\n<\/ul>\n<div id=\"attachment_497\" style=\"width: 235px\" class=\"wp-caption alignleft\"><a href=\"https:\/\/pauroux.com\/wp-content\/uploads\/2014\/02\/chambres_dhotes_ferme.jpg\" rel=\"lightbox[877]\"><img loading=\"lazy\" decoding=\"async\" aria-describedby=\"caption-attachment-497\" class=\"size-medium wp-image-497    \" title=\"Activeiten dr\u00f4me\" alt=\"Activiteiten Dr\u00f4me\" src=\"https:\/\/pauroux.com\/wp-content\/uploads\/2014\/02\/chambres_dhotes_ferme-225x300.jpg\" width=\"225\" height=\"300\" srcset=\"https:\/\/pauroux.com\/wp-content\/uploads\/2014\/02\/chambres_dhotes_ferme-225x300.jpg 225w, https:\/\/pauroux.com\/wp-content\/uploads\/2014\/02\/chambres_dhotes_ferme.jpg 360w\" sizes=\"auto, (max-width: 225px) 100vw, 225px\" \/><\/a><p id=\"caption-attachment-497\" class=\"wp-caption-text\">The garden<\/p><\/div>\n<h3><\/h3>\n<h3>Nature<\/h3>\n<p>There are beautiful things to see such as:<\/p>\n<ul>\n<li>Visiting by car the spectacular cliffs and countryside of the Vercors<\/li>\n<li>Visiting the waterfall (72m) of the gorges d&#8217;Ombl\u00e8ze<\/li>\n<li>The natural reserve des Rami\u00e8res du Val-de-Dr\u00f4me between Crest and Livron (along the banks of river the Dr\u00f4me)<\/li>\n<li>The forest of Sao\u00fb<\/li>\n<li>The mountains of Couspeau and Grand Delmas (above Mornans en Bourdeaux)<\/li>\n<li>The lavender fields<\/li>\n<\/ul>\n<p>&nbsp;<\/p>\n<div id=\"attachment_561\" style=\"width: 310px\" class=\"wp-caption alignright\"><a href=\"https:\/\/pauroux.com\/wp-content\/uploads\/2014\/02\/NyonsMarkt.jpg\" rel=\"lightbox[877]\"><img loading=\"lazy\" decoding=\"async\" aria-describedby=\"caption-attachment-561\" class=\"size-medium wp-image-561    \" title=\"Activiteiten Dr\u00f4me\" alt=\"Activiteiten Dr\u00f4me\" src=\"https:\/\/pauroux.com\/wp-content\/uploads\/2014\/02\/NyonsMarkt-300x168.jpg\" width=\"300\" height=\"168\" srcset=\"https:\/\/pauroux.com\/wp-content\/uploads\/2014\/02\/NyonsMarkt-300x168.jpg 300w, https:\/\/pauroux.com\/wp-content\/uploads\/2014\/02\/NyonsMarkt.jpg 500w\" sizes=\"auto, (max-width: 300px) 100vw, 300px\" \/><\/a><p id=\"caption-attachment-561\" class=\"wp-caption-text\">Market in Nyons<\/p><\/div>\n<h3><\/h3>\n<h3>Markets<\/h3>\n<p>Every day of the week there is a market. You will find an overview of all markets at the farm. Some examples: Bourdeaux (Thursday), Crest (Saturday and Tuesday), Dieulefit (Friday) and Nyons (Thursday). Brocantes and Fleemarkets are organised regularly. You will also find an eventcalender at our Bed &amp; Breakfast.<\/p>\n<p>&nbsp;<\/p>\n<p>&nbsp;<\/p>\n<div id=\"attachment_586\" style=\"width: 274px\" class=\"wp-caption alignleft\"><a href=\"https:\/\/pauroux.com\/wp-content\/uploads\/2014\/02\/poet-laval.jpg\" rel=\"lightbox[877]\"><img loading=\"lazy\" decoding=\"async\" aria-describedby=\"caption-attachment-586\" class=\"size-full wp-image-586 \" alt=\"poet laval\" src=\"https:\/\/pauroux.com\/wp-content\/uploads\/2014\/02\/poet-laval.jpg\" width=\"264\" height=\"191\" \/><\/a><p id=\"caption-attachment-586\" class=\"wp-caption-text\">Po\u00ebt-Laval<\/p><\/div>\n<h3>Villages, cities and castles<\/h3>\n<ul>\n<li>The tower of Crest and the medieval streets<\/li>\n<li>Les villages perch\u00e9s, villages with castles build on a hill<\/li>\n<li>Montelimar, city of the Nougat<\/li>\n<li>Avignon with a beautiful old city centre and the well known bridge Pont d&#8217;Avignon<\/li>\n<li>Valence, gateway to the Dr\u00f4me<\/li>\n<li>Die, known for its aperitif wine Clarette de Die<\/li>\n<li>Dieulefit whith it&#8217;s beautiful small streets and great markets<\/li>\n<li>Mirmande, a medieval village with a lot of artists and pottery<\/li>\n<li>The dream palace of postman Cheval in Hauterives<\/li>\n<\/ul>\n<p>&nbsp;<\/p>\n<p>&nbsp;<\/p>\n<div id=\"attachment_299\" style=\"width: 310px\" class=\"wp-caption alignright\"><a href=\"https:\/\/pauroux.com\/wp-content\/uploads\/2014\/02\/RIMG1403.jpg\" rel=\"lightbox[877]\"><img loading=\"lazy\" decoding=\"async\" aria-describedby=\"caption-attachment-299\" class=\"size-medium wp-image-299 \" alt=\"Activiteiten Dr\u00f4me\" src=\"https:\/\/pauroux.com\/wp-content\/uploads\/2014\/02\/RIMG1403-300x225.jpg\" width=\"300\" height=\"225\" srcset=\"https:\/\/pauroux.com\/wp-content\/uploads\/2014\/02\/RIMG1403-300x225.jpg 300w, https:\/\/pauroux.com\/wp-content\/uploads\/2014\/02\/RIMG1403-1024x768.jpg 1024w, https:\/\/pauroux.com\/wp-content\/uploads\/2014\/02\/RIMG1403-160x120.jpg 160w, https:\/\/pauroux.com\/wp-content\/uploads\/2014\/02\/RIMG1403.jpg 2048w\" sizes=\"auto, (max-width: 300px) 100vw, 300px\" \/><\/a><p id=\"caption-attachment-299\" class=\"wp-caption-text\">Goatfarm<\/p><\/div>\n<h3><\/h3>\n<h3>Local specialties<\/h3>\n<p>At several locations in the Dr\u00f4me it is possible to visit a farm and join a tour around the property. At the same time you can taste and buy products such as meat, goat cheese, fruit and wine. Next to la Ferme de Pauroux there is a cheese factory of Picodon (the regional specialty of goat cheese).<\/p>\n<p>&nbsp;<\/p>\n<p>&nbsp;<\/p>\n<p>&nbsp;<\/p>\n<div id=\"attachment_565\" style=\"width: 310px\" class=\"wp-caption alignleft\"><a href=\"https:\/\/pauroux.com\/wp-content\/uploads\/2014\/02\/RIMG1535.jpg\" rel=\"lightbox[877]\"><img loading=\"lazy\" decoding=\"async\" aria-describedby=\"caption-attachment-565\" class=\"size-medium wp-image-565  \" alt=\"Activiteiten Dr\u00f4me\" src=\"https:\/\/pauroux.com\/wp-content\/uploads\/2014\/02\/RIMG1535-300x225.jpg\" width=\"300\" height=\"225\" srcset=\"https:\/\/pauroux.com\/wp-content\/uploads\/2014\/02\/RIMG1535-300x225.jpg 300w, https:\/\/pauroux.com\/wp-content\/uploads\/2014\/02\/RIMG1535-1024x768.jpg 1024w, https:\/\/pauroux.com\/wp-content\/uploads\/2014\/02\/RIMG1535-160x120.jpg 160w, https:\/\/pauroux.com\/wp-content\/uploads\/2014\/02\/RIMG1535.jpg 2048w\" sizes=\"auto, (max-width: 300px) 100vw, 300px\" \/><\/a><p id=\"caption-attachment-565\" class=\"wp-caption-text\">Les Trois Becs<\/p><\/div>\n<h3><\/h3>\n<h3><\/h3>\n<h3>Hiking in the Dr\u00f4me<\/h3>\n<p>There are beautiful hiking trails for all levels of difficulty. At every tourist office you will find information on the hiking trials (120 in the Dr\u00f4me-valley). At the farm or nearby you will find several trails like:<\/p>\n<ul>\n<li>Bourdeaux and Mornans an easy hike from about 11 km (3.30 hours).<\/li>\n<li>Poet C\u00e9lard an easy hike from 9 km (3 hours) with the possability to visit the village and the castle.<\/li>\n<li>Crupies an easy (but long) hike from 21 km (7 hours) accross the beautiful country of Bourdeaux<\/li>\n<\/ul>\n<p>&nbsp;<\/p>\n<p>&nbsp;<\/p>\n<h3>Biking<\/h3>\n<p>There are many itineraries of bicycle and mountainbike routes. You can find a booklet with them at the tourist office. New this year is the possibility to rent electrical bikes.<\/p>\n<p>&nbsp;<\/p>\n<p>&nbsp;<\/p>\n<div id=\"attachment_594\" style=\"width: 310px\" class=\"wp-caption alignleft\"><a href=\"https:\/\/pauroux.com\/wp-content\/uploads\/2014\/02\/drome-le-roubion-2.jpg\" rel=\"lightbox[877]\"><img loading=\"lazy\" decoding=\"async\" aria-describedby=\"caption-attachment-594\" class=\"size-full wp-image-594  \" alt=\"Activiteiten Dr\u00f4me\" src=\"https:\/\/pauroux.com\/wp-content\/uploads\/2014\/02\/drome-le-roubion-2.jpg\" width=\"300\" height=\"215\" \/><\/a><p id=\"caption-attachment-594\" class=\"wp-caption-text\">Le roubion<\/p><\/div>\n<h3><\/h3>\n<h3>Swimming<\/h3>\n<p>Near our property you can find the river Le Roubion where you can swim (and play). Or you can have fun in one of the other rivers like the Jabron or the Dr\u00f4me. At\u00a0 4 km you will find in Bourdeaux a swimmingpool which is open in July and August. In Crest the swimmingpool is open from 1 June to 30 September.<\/p>\n<p>&nbsp;<\/p>\n<p>&nbsp;<\/p>\n<p>&nbsp;<\/p>\n<h3><\/h3>\n<p>&nbsp;<\/p>\n<div id=\"attachment_596\" style=\"width: 310px\" class=\"wp-caption alignright\"><a href=\"https:\/\/pauroux.com\/wp-content\/uploads\/2014\/02\/BILD0224.jpg\" rel=\"lightbox[877]\"><img loading=\"lazy\" decoding=\"async\" aria-describedby=\"caption-attachment-596\" class=\"size-medium wp-image-596   \" alt=\"Activiteiten Dr\u00f4me\" src=\"https:\/\/pauroux.com\/wp-content\/uploads\/2014\/02\/BILD0224-300x225.jpg\" width=\"300\" height=\"225\" srcset=\"https:\/\/pauroux.com\/wp-content\/uploads\/2014\/02\/BILD0224-300x225.jpg 300w, https:\/\/pauroux.com\/wp-content\/uploads\/2014\/02\/BILD0224-1024x768.jpg 1024w, https:\/\/pauroux.com\/wp-content\/uploads\/2014\/02\/BILD0224-160x120.jpg 160w\" sizes=\"auto, (max-width: 300px) 100vw, 300px\" \/><\/a><p id=\"caption-attachment-596\" class=\"wp-caption-text\">Geocaching<\/p><\/div>\n<h3><\/h3>\n<h3>GEOcaching<\/h3>\n<p>Treasure hunt with a GPS. You are going to search the cache which is hidden at certain coordinates. When you have found it you write something in the small logbook and exchange one item for an other. We have different Geocaching hunts avaliable. Great for parents with teenagers.<\/p>\n<p>&nbsp;<\/p>\n<p>&nbsp;<\/p>\n<h3>For children (but often also fun for parents):<\/h3>\n<ul>\n<li>Le Jardin des Papillions at Die (butterflies)<\/li>\n<li>La Ferme aux crocodilles at Pierrelatte (crocodiles)<\/li>\n<li>Le monde merveilleux des Lutins at Hostun (gnoms)<\/li>\n<li>Parc Robinson at Marsanne (survivaltrail in the trees)<\/li>\n<li>Tropical aquarium at Allex<\/li>\n<li>Excursion to the goats in Chabrillan<\/li>\n<li>Passeport Vacances in Bourdeaux ( all kind of sports and activities)<\/li>\n<li>and a lot more<\/li>\n<\/ul>\n","protected":false},"excerpt":{"rendered":"<p>There is a lot to do in the Dr\u00f4me. You can go for a hike or a swim, visit typical French villages or enjoy the beautiful landscape. Below you will find information on all the things you can do in the Dr\u00f4me. Around the farm Relax Jeu de Boules Visit the the cheese factory of [&hellip;]<\/p>\n","protected":false},"author":2,"featured_media":0,"parent":0,"menu_order":0,"comment_status":"closed","ping_status":"open","template":"page-full.php","meta":{"footnotes":""},"class_list":["post-877","page","type-page","status-publish","hentry"],"yoast_head":"<!-- This site is optimized with the Yoast SEO plugin v27.5 - https:\/\/yoast.com\/product\/yoast-seo-wordpress\/ -->\n<title>Hiking in the Dr\u00f4me<\/title>\n<meta name=\"description\" content=\"Hiking in the Dr\u00f4me. Many itineraries avalable as well for cycling, mountanbiking, rockclimbing and car. Hinkingtrails around Bourdeaux and Sao\u00fb\" \/>\n<meta name=\"robots\" content=\"index, follow, max-snippet:-1, max-image-preview:large, max-video-preview:-1\" \/>\n<link rel=\"canonical\" href=\"https:\/\/pauroux.com\/en\/hiking-drome-region\/\" \/>\n<meta property=\"og:locale\" content=\"en_US\" \/>\n<meta property=\"og:type\" content=\"article\" \/>\n<meta property=\"og:title\" content=\"Hiking in the Dr\u00f4me\" \/>\n<meta property=\"og:description\" content=\"Hiking in the Dr\u00f4me. Many itineraries avalable as well for cycling, mountanbiking, rockclimbing and car. Hinkingtrails around Bourdeaux and Sao\u00fb\" \/>\n<meta property=\"og:url\" content=\"https:\/\/pauroux.com\/en\/hiking-drome-region\/\" \/>\n<meta property=\"og:site_name\" content=\"Ferme de Pauroux\" \/>\n<meta property=\"article:modified_time\" content=\"2023-03-31T08:10:51+00:00\" \/>\n<meta property=\"og:image\" content=\"https:\/\/pauroux.com\/wp-content\/uploads\/2014\/02\/drome-le-roubion-300x205.jpg\" \/>\n<meta name=\"twitter:label1\" content=\"Est. reading time\" \/>\n\t<meta name=\"twitter:data1\" content=\"4 minutes\" \/>\n<script type=\"application\/ld+json\" class=\"yoast-schema-graph\">{\"@context\":\"https:\\\/\\\/schema.org\",\"@graph\":[{\"@type\":\"WebPage\",\"@id\":\"https:\\\/\\\/pauroux.com\\\/en\\\/hiking-drome-region\\\/\",\"url\":\"https:\\\/\\\/pauroux.com\\\/en\\\/hiking-drome-region\\\/\",\"name\":\"Hiking in the Dr\u00f4me\",\"isPartOf\":{\"@id\":\"https:\\\/\\\/pauroux.com\\\/#website\"},\"primaryImageOfPage\":{\"@id\":\"https:\\\/\\\/pauroux.com\\\/en\\\/hiking-drome-region\\\/#primaryimage\"},\"image\":{\"@id\":\"https:\\\/\\\/pauroux.com\\\/en\\\/hiking-drome-region\\\/#primaryimage\"},\"thumbnailUrl\":\"https:\\\/\\\/pauroux.com\\\/wp-content\\\/uploads\\\/2014\\\/02\\\/drome-le-roubion-300x205.jpg\",\"datePublished\":\"2014-02-27T13:12:45+00:00\",\"dateModified\":\"2023-03-31T08:10:51+00:00\",\"description\":\"Hiking in the Dr\u00f4me. Many itineraries avalable as well for cycling, mountanbiking, rockclimbing and car. Hinkingtrails around Bourdeaux and Sao\u00fb\",\"breadcrumb\":{\"@id\":\"https:\\\/\\\/pauroux.com\\\/en\\\/hiking-drome-region\\\/#breadcrumb\"},\"inLanguage\":\"en-US\",\"potentialAction\":[{\"@type\":\"ReadAction\",\"target\":[\"https:\\\/\\\/pauroux.com\\\/en\\\/hiking-drome-region\\\/\"]}]},{\"@type\":\"ImageObject\",\"inLanguage\":\"en-US\",\"@id\":\"https:\\\/\\\/pauroux.com\\\/en\\\/hiking-drome-region\\\/#primaryimage\",\"url\":\"https:\\\/\\\/pauroux.com\\\/wp-content\\\/uploads\\\/2014\\\/02\\\/drome-le-roubion-300x205.jpg\",\"contentUrl\":\"https:\\\/\\\/pauroux.com\\\/wp-content\\\/uploads\\\/2014\\\/02\\\/drome-le-roubion-300x205.jpg\"},{\"@type\":\"BreadcrumbList\",\"@id\":\"https:\\\/\\\/pauroux.com\\\/en\\\/hiking-drome-region\\\/#breadcrumb\",\"itemListElement\":[{\"@type\":\"ListItem\",\"position\":1,\"name\":\"Accueil\",\"item\":\"https:\\\/\\\/pauroux.com\\\/\"},{\"@type\":\"ListItem\",\"position\":2,\"name\":\"Hiking and activities in the Dr\u00f4me region\"}]},{\"@type\":\"WebSite\",\"@id\":\"https:\\\/\\\/pauroux.com\\\/#website\",\"url\":\"https:\\\/\\\/pauroux.com\\\/\",\"name\":\"Ferme de Pauroux\",\"description\":\"Chambres d&#039;h\u00f4tes, Table d&#039;h\u00f4tes et G\u00eetes\",\"potentialAction\":[{\"@type\":\"SearchAction\",\"target\":{\"@type\":\"EntryPoint\",\"urlTemplate\":\"https:\\\/\\\/pauroux.com\\\/?s={search_term_string}\"},\"query-input\":{\"@type\":\"PropertyValueSpecification\",\"valueRequired\":true,\"valueName\":\"search_term_string\"}}],\"inLanguage\":\"en-US\"}]}<\/script>\n<!-- \/ Yoast SEO plugin. -->","yoast_head_json":{"title":"Hiking in the Dr\u00f4me","description":"Hiking in the Dr\u00f4me. Many itineraries avalable as well for cycling, mountanbiking, rockclimbing and car. Hinkingtrails around Bourdeaux and Sao\u00fb","robots":{"index":"index","follow":"follow","max-snippet":"max-snippet:-1","max-image-preview":"max-image-preview:large","max-video-preview":"max-video-preview:-1"},"canonical":"https:\/\/pauroux.com\/en\/hiking-drome-region\/","og_locale":"en_US","og_type":"article","og_title":"Hiking in the Dr\u00f4me","og_description":"Hiking in the Dr\u00f4me. Many itineraries avalable as well for cycling, mountanbiking, rockclimbing and car. Hinkingtrails around Bourdeaux and Sao\u00fb","og_url":"https:\/\/pauroux.com\/en\/hiking-drome-region\/","og_site_name":"Ferme de Pauroux","article_modified_time":"2023-03-31T08:10:51+00:00","og_image":[{"url":"https:\/\/pauroux.com\/wp-content\/uploads\/2014\/02\/drome-le-roubion-300x205.jpg","type":"","width":"","height":""}],"twitter_misc":{"Est. reading time":"4 minutes"},"schema":{"@context":"https:\/\/schema.org","@graph":[{"@type":"WebPage","@id":"https:\/\/pauroux.com\/en\/hiking-drome-region\/","url":"https:\/\/pauroux.com\/en\/hiking-drome-region\/","name":"Hiking in the Dr\u00f4me","isPartOf":{"@id":"https:\/\/pauroux.com\/#website"},"primaryImageOfPage":{"@id":"https:\/\/pauroux.com\/en\/hiking-drome-region\/#primaryimage"},"image":{"@id":"https:\/\/pauroux.com\/en\/hiking-drome-region\/#primaryimage"},"thumbnailUrl":"https:\/\/pauroux.com\/wp-content\/uploads\/2014\/02\/drome-le-roubion-300x205.jpg","datePublished":"2014-02-27T13:12:45+00:00","dateModified":"2023-03-31T08:10:51+00:00","description":"Hiking in the Dr\u00f4me. Many itineraries avalable as well for cycling, mountanbiking, rockclimbing and car. Hinkingtrails around Bourdeaux and Sao\u00fb","breadcrumb":{"@id":"https:\/\/pauroux.com\/en\/hiking-drome-region\/#breadcrumb"},"inLanguage":"en-US","potentialAction":[{"@type":"ReadAction","target":["https:\/\/pauroux.com\/en\/hiking-drome-region\/"]}]},{"@type":"ImageObject","inLanguage":"en-US","@id":"https:\/\/pauroux.com\/en\/hiking-drome-region\/#primaryimage","url":"https:\/\/pauroux.com\/wp-content\/uploads\/2014\/02\/drome-le-roubion-300x205.jpg","contentUrl":"https:\/\/pauroux.com\/wp-content\/uploads\/2014\/02\/drome-le-roubion-300x205.jpg"},{"@type":"BreadcrumbList","@id":"https:\/\/pauroux.com\/en\/hiking-drome-region\/#breadcrumb","itemListElement":[{"@type":"ListItem","position":1,"name":"Accueil","item":"https:\/\/pauroux.com\/"},{"@type":"ListItem","position":2,"name":"Hiking and activities in the Dr\u00f4me region"}]},{"@type":"WebSite","@id":"https:\/\/pauroux.com\/#website","url":"https:\/\/pauroux.com\/","name":"Ferme de Pauroux","description":"Chambres d&#039;h\u00f4tes, Table d&#039;h\u00f4tes et G\u00eetes","potentialAction":[{"@type":"SearchAction","target":{"@type":"EntryPoint","urlTemplate":"https:\/\/pauroux.com\/?s={search_term_string}"},"query-input":{"@type":"PropertyValueSpecification","valueRequired":true,"valueName":"search_term_string"}}],"inLanguage":"en-US"}]}},"_links":{"self":[{"href":"https:\/\/pauroux.com\/en\/wp-json\/wp\/v2\/pages\/877","targetHints":{"allow":["GET"]}}],"collection":[{"href":"https:\/\/pauroux.com\/en\/wp-json\/wp\/v2\/pages"}],"about":[{"href":"https:\/\/pauroux.com\/en\/wp-json\/wp\/v2\/types\/page"}],"author":[{"embeddable":true,"href":"https:\/\/pauroux.com\/en\/wp-json\/wp\/v2\/users\/2"}],"replies":[{"embeddable":true,"href":"https:\/\/pauroux.com\/en\/wp-json\/wp\/v2\/comments?post=877"}],"version-history":[{"count":1,"href":"https:\/\/pauroux.com\/en\/wp-json\/wp\/v2\/pages\/877\/revisions"}],"predecessor-version":[{"id":3852,"href":"https:\/\/pauroux.com\/en\/wp-json\/wp\/v2\/pages\/877\/revisions\/3852"}],"wp:attachment":[{"href":"https:\/\/pauroux.com\/en\/wp-json\/wp\/v2\/media?parent=877"}],"curies":[{"name":"wp","href":"https:\/\/api.w.org\/{rel}","templated":true}]}}