{"id":185,"date":"2014-02-05T11:23:52","date_gmt":"2014-02-05T11:23:52","guid":{"rendered":"https:\/\/pauroux.com\/?page_id=185"},"modified":"2023-03-31T10:10:43","modified_gmt":"2023-03-31T08:10:43","slug":"bb-en-chambres-dhotes-wandelen","status":"publish","type":"page","link":"https:\/\/pauroux.com\/nl\/bb-en-chambres-dhotes-wandelen\/","title":{"rendered":"Activiteiten Dr\u00f4me"},"content":{"rendered":"<p><a href=\"https:\/\/pauroux.com\/wp-content\/uploads\/2014\/02\/drome-le-roubion.jpg\" rel=\"lightbox[185]\"><img loading=\"lazy\" decoding=\"async\" class=\"  aligncenter wp-image-301\" title=\"Activeiten dr\u00f4me\" src=\"https:\/\/pauroux.com\/wp-content\/uploads\/2014\/02\/drome-le-roubion-300x205.jpg\" alt=\"Wandelen Dr\u00f4me\" width=\"437\" height=\"299\" srcset=\"https:\/\/pauroux.com\/wp-content\/uploads\/2014\/02\/drome-le-roubion-300x205.jpg 300w, https:\/\/pauroux.com\/wp-content\/uploads\/2014\/02\/drome-le-roubion.jpg 750w\" sizes=\"auto, (max-width: 437px) 100vw, 437px\" \/><\/a><\/p>\n<p>Naast de activiteiten op deze pagina is Sabine sinds 2015 een <a href=\"http:\/\/www.drome-blog.nl\">www.drome-blog.nl<\/a> gestart een blog over wat te zien en te doen in de Dr\u00f4me.<\/p>\n<p>In de Dr\u00f4me, rond Ferme de Pauroux zijn er vele activiteiten, je kunt er:<\/p>\n<ul>\n<li>Lekker ontspannen in de rivier aan de overkant op 50m. Met een boek en stoel in het water of dammetjes bouwen en zwemmen<\/li>\n<li>Thierry uitdagen voor een partijtje Jeu de Boules<\/li>\n<li>De kippen voeren<\/li>\n<li>Kijken bij het melken van de geiten van Laurent<\/li>\n<li>Klimmen op het klimrek<\/li>\n<li>Een boek lezen onder de grote lindeboom<\/li>\n<\/ul>\n<p>&nbsp;<\/p>\n<p><img loading=\"lazy\" decoding=\"async\" class=\"aligncenter wp-image-3550 size-full\" src=\"https:\/\/pauroux.com\/wp-content\/uploads\/2021\/02\/IMG_7931-couspeau-verkleind.jpg\" alt=\"Les Trois Becs et le Couspeau\" width=\"564\" height=\"376\" srcset=\"https:\/\/pauroux.com\/wp-content\/uploads\/2021\/02\/IMG_7931-couspeau-verkleind.jpg 564w, https:\/\/pauroux.com\/wp-content\/uploads\/2021\/02\/IMG_7931-couspeau-verkleind-300x200.jpg 300w, https:\/\/pauroux.com\/wp-content\/uploads\/2021\/02\/IMG_7931-couspeau-verkleind-140x94.jpg 140w\" sizes=\"auto, (max-width: 564px) 100vw, 564px\" \/><\/p>\n<h3>De prachtige natuur nodigt uit tot vele uitstapjes zoals:<\/h3>\n<ul>\n<li>Een dagje toeren met de auto langs de enorme rotsen en spectaculaire afgronden van het ruige landschap van de Vercors<\/li>\n<li>Een bezoekje aan de waterval (72m) van de gorges d&#8217;Ombl\u00e8ze<\/li>\n<li>La r\u00e9serve naturelle des Rami\u00e8res du Val-de-Dr\u00f4me tussen Crest en Livron (langs de oevers van de Dr\u00f4me)<\/li>\n<li>Het bos van Sao\u00fb<\/li>\n<li>Cr\u00eate de la Montagne de Couspeau et Grand Delmas (bergketen boven Mornans en Bourdeaux)<\/li>\n<\/ul>\n<p>&nbsp;<\/p>\n<p><img loading=\"lazy\" decoding=\"async\" class=\"size-full wp-image-3562 aligncenter\" src=\"https:\/\/pauroux.com\/wp-content\/uploads\/2021\/02\/markt-Saou.jpg\" alt=\"\" width=\"512\" height=\"308\" srcset=\"https:\/\/pauroux.com\/wp-content\/uploads\/2021\/02\/markt-Saou.jpg 512w, https:\/\/pauroux.com\/wp-content\/uploads\/2021\/02\/markt-Saou-300x180.jpg 300w\" sizes=\"auto, (max-width: 512px) 100vw, 512px\" \/><\/p>\n<h3><\/h3>\n<h3>Markten<\/h3>\n<p>Elke dag van de week is er wel ergens een ochtendmarkt. In de eetkamer hangt de volledige lijst met alle locale markten. Enkele voorbeelden: Bourdeaux (donderdag), Dieulefit (vrijdag) en Nyons (Donderdag) Verder zijn er regelmatig Brocantes en jaarmarkten. Hiervoor kunt u de evenementenkalender in de boerderij raadplegen.<\/p>\n<h3><\/h3>\n<h3><\/h3>\n<p><img loading=\"lazy\" decoding=\"async\" class=\"aligncenter wp-image-3554\" src=\"https:\/\/pauroux.com\/wp-content\/uploads\/2021\/02\/mirmande-verkleind.jpg\" alt=\"Mirmande\" width=\"385\" height=\"577\" srcset=\"https:\/\/pauroux.com\/wp-content\/uploads\/2021\/02\/mirmande-verkleind.jpg 519w, https:\/\/pauroux.com\/wp-content\/uploads\/2021\/02\/mirmande-verkleind-200x300.jpg 200w\" sizes=\"auto, (max-width: 385px) 100vw, 385px\" \/><\/p>\n<h3>Dorpen, steden en kastelen<\/h3>\n<ul>\n<li>La tour de <a href=\"http:\/\/www.mairie-crest.fr\/-Nederlands-.html\">Crest<\/a> en de middeleeuwse straatjes<\/li>\n<li>Les villages perch\u00e9s. hooggelegen dorpjes met kastelen<\/li>\n<li>Mont\u00e9limar, de stad van de Noga<\/li>\n<li>Avignon met de prachtige binnenstad en bekende Pont d&#8217;Avignon<\/li>\n<li>Die, bekend om zijn aperitiefwijn Clairette de Die<\/li>\n<li>Dieulefit met zijn kleine straatjes en mooie markten<\/li>\n<li>Po\u00ebt-Laval, met prachtige doorkijkjes en een kasteel van de ridders van Malta<\/li>\n<li>Mirmande, een middeleeuws dorp met veel ateliers van pottenbakkers<\/li>\n<li><a title=\"Het droompaleis\" href=\"http:\/\/www.facteurcheval.com\" target=\"_blank\" rel=\"noopener noreferrer\">Het droompaleis<\/a> van postbode Cheval in Hauterives<\/li>\n<\/ul>\n<p>&nbsp;<\/p>\n<h3><img loading=\"lazy\" decoding=\"async\" class=\" wp-image-3566 aligncenter\" src=\"https:\/\/pauroux.com\/wp-content\/uploads\/2021\/02\/Picodon-ines-1.jpg\" alt=\"\" width=\"605\" height=\"405\" srcset=\"https:\/\/pauroux.com\/wp-content\/uploads\/2021\/02\/Picodon-ines-1.jpg 736w, https:\/\/pauroux.com\/wp-content\/uploads\/2021\/02\/Picodon-ines-1-300x201.jpg 300w, https:\/\/pauroux.com\/wp-content\/uploads\/2021\/02\/Picodon-ines-1-600x401.jpg 600w, https:\/\/pauroux.com\/wp-content\/uploads\/2021\/02\/Picodon-ines-1-140x94.jpg 140w\" sizes=\"auto, (max-width: 605px) 100vw, 605px\" \/><\/h3>\n<h3><\/h3>\n<h3>Streekproducten proeven<\/h3>\n<p>Op verschillende plaatsen in de Dr\u00f4me is het mogelijk om een boerderij<\/p>\n<p>te bezoeken en rondleidingen mee te maken. Tegelijkertijd kunt u er producten als vlees, geitenkaas, fruit en wijn proeven en kopen. Op 1km van la Ferme de Pauroux ligt een kaasmakerij van Picodon (de geitenkaas uit de streek). En verder zijn er boerderijen met een o.a. een grote appelboomgaard, met siropen, slakken en is er in Saou een heuse <a href=\"http:\/\/www.markusbiere.com\/\">bierbrouwerij<\/a>!<\/p>\n<h3><\/h3>\n<h3>Wandelen<\/h3>\n<p>Er zijn veel mooie wandeltochten van verschillende niveaus om te wandelen in de Dr\u00f4me. Bij ons op de boerderij vindt u routebeschrijvingen van alle uitgezette wandelingen in de omgeving (120 in alleen al de Dr\u00f4me-vallei!) en bekijk ook onze <a title=\"Arrangementen Dr\u00f4me\" href=\"https:\/\/pauroux.com\/arrangementen-drome\/\">arrangementen<\/a> die hier goed mee zijn te combineren.<\/p>\n<p><img loading=\"lazy\" decoding=\"async\" class=\"wp-image-3570 aligncenter\" src=\"https:\/\/pauroux.com\/wp-content\/uploads\/2021\/02\/IMG-20180929-WA0003_resized_1.jpg\" alt=\"\" width=\"634\" height=\"357\" srcset=\"https:\/\/pauroux.com\/wp-content\/uploads\/2021\/02\/IMG-20180929-WA0003_resized_1.jpg 800w, https:\/\/pauroux.com\/wp-content\/uploads\/2021\/02\/IMG-20180929-WA0003_resized_1-300x169.jpg 300w, https:\/\/pauroux.com\/wp-content\/uploads\/2021\/02\/IMG-20180929-WA0003_resized_1-768x432.jpg 768w, https:\/\/pauroux.com\/wp-content\/uploads\/2021\/02\/IMG-20180929-WA0003_resized_1-600x338.jpg 600w\" sizes=\"auto, (max-width: 634px) 100vw, 634px\" \/><\/p>\n<p>Vanaf de boerderij of binnen loopafstand bevinden zich een aantal mooie uitgezette routes zoals:<\/p>\n<ul>\n<li>Bourdeaux en Mornans\u00a0 Een makkelijke rondwandeling van 11 km (circa 3.30 uur).<\/li>\n<li>Poet C\u00e9lard Een makkelijke rondwandeling van 9 km (circa 3 uur) met de mogelijkheid het dorp en het kasteel te bezoeken.<\/li>\n<li>Crupies Een makkelijke (maar wel lange) rondwandeling van 21 km (circa 7 uur) door het mooie landschap van Bourdeaux.<\/li>\n<li>en Les Trois Becs: 9 uur wandelen, 1000 meter hoogteverschil en een machtig mooi uitzicht over de omgeving<\/li>\n<li>Enne&#8230;.. wat dacht u van een wandeling met een ezel?<\/li>\n<\/ul>\n<p><a href=\"https:\/\/pauroux.com\/wp-content\/uploads\/2014\/02\/Fietsen-Drome.jpg\" rel=\"lightbox[185]\"><img loading=\"lazy\" decoding=\"async\" class=\"  aligncenter wp-image-1287\" title=\"Colletje in de omgeving\" src=\"https:\/\/pauroux.com\/wp-content\/uploads\/2014\/02\/Fietsen-Drome-300x168.jpg\" alt=\"Fietsen Dr\u00f4me\" width=\"566\" height=\"317\" srcset=\"https:\/\/pauroux.com\/wp-content\/uploads\/2014\/02\/Fietsen-Drome-300x168.jpg 300w, https:\/\/pauroux.com\/wp-content\/uploads\/2014\/02\/Fietsen-Drome-1024x576.jpg 1024w\" sizes=\"auto, (max-width: 566px) 100vw, 566px\" \/><\/a><\/p>\n<h3>Fietsen<\/h3>\n<p>De boerderij is een ideaal vertrekpunt voor fietsers. Er zijn geen grote hoogteverschillen. Bij vertrek of aankomst en er zijn vele routes voor de wielrenner, de tourfietser en de mountainbiker. Bij ons op de boerderij hebben we beschrijvingen van zeker 12 uitgezette routes en van verschillende niveaus. Klik<a title=\"Arrangementen\" href=\"https:\/\/pauroux.com\/arrangementen\/\"> hier<\/a> voor een arrangement voor wielrenners en tourfietsers. Ook Mountainbikers komen aan hun trekken. Routes zijn te vinden bij ons op de boerderij. <strong>Nieuw<\/strong> dit jaar is de mogelijkheid tot het huren van een elektrische fiets.<\/p>\n<p>&nbsp;<\/p>\n<p>&nbsp;<\/p>\n<p><img loading=\"lazy\" decoding=\"async\" class=\"aligncenter wp-image-3545\" src=\"https:\/\/pauroux.com\/wp-content\/uploads\/2021\/02\/a-scoot_nomad.jpg\" alt=\"Scood Nomad\" width=\"427\" height=\"427\" srcset=\"https:\/\/pauroux.com\/wp-content\/uploads\/2021\/02\/a-scoot_nomad.jpg 410w, https:\/\/pauroux.com\/wp-content\/uploads\/2021\/02\/a-scoot_nomad-300x300.jpg 300w, https:\/\/pauroux.com\/wp-content\/uploads\/2021\/02\/a-scoot_nomad-150x150.jpg 150w, https:\/\/pauroux.com\/wp-content\/uploads\/2021\/02\/a-scoot_nomad-48x48.jpg 48w, https:\/\/pauroux.com\/wp-content\/uploads\/2021\/02\/a-scoot_nomad-186x186.jpg 186w, https:\/\/pauroux.com\/wp-content\/uploads\/2021\/02\/a-scoot_nomad-184x184.jpg 184w\" sizes=\"auto, (max-width: 427px) 100vw, 427px\" \/><\/p>\n<h3>Scooteren<\/h3>\n<p>Op pad met een scooter. Hoe leuk is dat. <a href=\"https:\/\/www.scoot-nomad.com\/our-trip-in-drome-provencale.php\">Klik hier op de link<\/a> voor meer informatie (in het engels)<\/p>\n<p>&nbsp;<\/p>\n<p>&nbsp;<\/p>\n<p><img loading=\"lazy\" decoding=\"async\" class=\"wp-image-3574 aligncenter\" src=\"https:\/\/pauroux.com\/wp-content\/uploads\/2021\/02\/Roubion-utomne-2018-5520-verkleind.jpg\" alt=\"\" width=\"502\" height=\"334\" srcset=\"https:\/\/pauroux.com\/wp-content\/uploads\/2021\/02\/Roubion-utomne-2018-5520-verkleind.jpg 1204w, https:\/\/pauroux.com\/wp-content\/uploads\/2021\/02\/Roubion-utomne-2018-5520-verkleind-300x199.jpg 300w, https:\/\/pauroux.com\/wp-content\/uploads\/2021\/02\/Roubion-utomne-2018-5520-verkleind-1024x680.jpg 1024w, https:\/\/pauroux.com\/wp-content\/uploads\/2021\/02\/Roubion-utomne-2018-5520-verkleind-768x510.jpg 768w, https:\/\/pauroux.com\/wp-content\/uploads\/2021\/02\/Roubion-utomne-2018-5520-verkleind-600x399.jpg 600w, https:\/\/pauroux.com\/wp-content\/uploads\/2021\/02\/Roubion-utomne-2018-5520-verkleind-462x306.jpg 462w, https:\/\/pauroux.com\/wp-content\/uploads\/2021\/02\/Roubion-utomne-2018-5520-verkleind-140x94.jpg 140w\" sizes=\"auto, (max-width: 502px) 100vw, 502px\" \/><\/p>\n<p>&nbsp;<\/p>\n<h3>Zwemmen<\/h3>\n<p>Er kan gezwommen en gespeeld worden in de rivier Le Roubion die grenst aan het eigen terrein van La Ferme de Pauroux. Op 1,5 km is een fantastische plek met baden (tot 2,5m diep), watervalletjes en plekjes om dammen te bouwen. Of in \u00e9\u00e9n van de andere riviertjes zoals de Jabron en de Dr\u00f4me. Daarnaast is er op 4 km een openluchtzwembad in Bourdeaux dat in juli en augustus open is en een openluchtzwembad in Crest geopend van 1 juni tot 30 september.<\/p>\n<p>&nbsp;<\/p>\n<p>&nbsp;<\/p>\n<p><a href=\"https:\/\/pauroux.com\/wp-content\/uploads\/2014\/02\/BILD0224.jpg\" rel=\"lightbox[185]\"><img loading=\"lazy\" decoding=\"async\" class=\"  aligncenter wp-image-596\" src=\"https:\/\/pauroux.com\/wp-content\/uploads\/2014\/02\/BILD0224-300x225.jpg\" alt=\"Wandelen Dr\u00f4me\" width=\"477\" height=\"358\" srcset=\"https:\/\/pauroux.com\/wp-content\/uploads\/2014\/02\/BILD0224-300x225.jpg 300w, https:\/\/pauroux.com\/wp-content\/uploads\/2014\/02\/BILD0224-1024x768.jpg 1024w, https:\/\/pauroux.com\/wp-content\/uploads\/2014\/02\/BILD0224-160x120.jpg 160w\" sizes=\"auto, (max-width: 477px) 100vw, 477px\" \/><\/a><\/p>\n<h3>GEOcaching<\/h3>\n<p>Een wandeltocht met GPS met als doel een &#8216;cache&#8217; te vinden, een doosje dat verborgen ligt op bepaalde coordinaten. Plek gevonden, dan log je in en ruilt \u00e9\u00e9n van de kleine hebbedingetjes uit het doosje. We hebben een GPS beschikbaar en verschillende zoektochten. Een leuke manier om te wandelen in de Dr\u00f4me voor volwassenen en grotere kinderen (&#8216;h\u00e8 getsie alweer wandelen&#8217;, zult u met deze activiteit niet meer horen!) <a title=\"Video\" href=\"https:\/\/pauroux.com\/video\/\">Video<\/a><\/p>\n<h3><\/h3>\n<h3><\/h3>\n<h3>Voor de kinderen<\/h3>\n<ul>\n<li>La Gare de Rami\u00e8res, natuurcentrum aan de Dr\u00f4me met leuke kinderactiviteiten<\/li>\n<li><a href=\"http:\/\/www.canoe-drome.com\/HTML\/nl\/raftcanoe.html\">Cano\u00ebn<\/a> op de Dr\u00f4me<\/li>\n<li>Le Jardin des Papillions in Die\u00a0 (vlinders)<\/li>\n<li><a href=\"http:\/\/eng.lafermeauxcrocodiles.com\/\">La Ferme aux crocodilles<\/a> in Pierrelatte (krokodillen)<\/li>\n<li>La Tour de Crest (reuze spannend)<\/li>\n<li>Village miniature in Grignan (miniatuur proven\u00e7aalse dorpjes)<\/li>\n<li>Parc Robinson in Marsanne (boomsurvival)<\/li>\n<li>Spectacle des Perroquets in Bren (papegaaien)<\/li>\n<li>Tropisch aquarium in Allex<\/li>\n<li>Bezoek geitenboerderij<\/li>\n<li>Paardrijden met Hugue door de heuvels rond de boerderij (vanaf 10 jaar)<\/li>\n<li>Een ritje in een paard met wagen<\/li>\n<li>Wandelen met een ezel rond Saou<\/li>\n<\/ul>\n<p>En nog veel meer&#8230;&#8230;&#8230;<\/p>\n<h4>en bij slecht weer (maar dat is niet vaak!)<\/h4>\n<ul>\n<li>Snoepjesmuseum in Montelimar<\/li>\n<li>Eco Knikkermuseum in Mirabel et Blacons<\/li>\n<li>Het zijdemuseum in Saillans<\/li>\n<li>Nogafabriek in Mont\u00e9limar<\/li>\n<li>Miniaturenmuseum in Mont\u00e9limar<\/li>\n<\/ul>\n<p>En nog veel meer&#8230;<\/p>\n<p>&nbsp;<\/p>\n<p>&nbsp;<\/p>\n","protected":false},"excerpt":{"rendered":"<p>Naast de activiteiten op deze pagina is Sabine sinds 2015 een www.drome-blog.nl gestart een blog over wat te zien en te doen in de Dr\u00f4me. In de Dr\u00f4me, rond Ferme de Pauroux zijn er vele activiteiten, je kunt er: Lekker ontspannen in de rivier aan de overkant op 50m. Met een boek en stoel in [&hellip;]<\/p>\n","protected":false},"author":2,"featured_media":0,"parent":0,"menu_order":0,"comment_status":"closed","ping_status":"open","template":"page-full.php","meta":{"footnotes":""},"class_list":["post-185","page","type-page","status-publish","hentry"],"yoast_head":"<!-- This site is optimized with the Yoast SEO plugin v27.5 - https:\/\/yoast.com\/product\/yoast-seo-wordpress\/ -->\n<title>B&amp;B om heerlijk te wandelen en fietsen in de Dr\u00f4me<\/title>\n<meta name=\"description\" content=\"Fijne B&amp;B en chambres d&#039;h\u00f4tes om te wandelen en fietsen in de Dr\u00f4me. UItgebreide fietsroutes. Er vele leuke activiteiten zoals: zwemmen, paardrijden, GEOcaching.\" \/>\n<meta name=\"robots\" content=\"index, follow, max-snippet:-1, max-image-preview:large, max-video-preview:-1\" \/>\n<link rel=\"canonical\" href=\"https:\/\/pauroux.com\/nl\/bb-en-chambres-dhotes-wandelen\/\" \/>\n<meta property=\"og:locale\" content=\"nl_NL\" \/>\n<meta property=\"og:type\" content=\"article\" \/>\n<meta property=\"og:title\" content=\"B&amp;B om heerlijk te wandelen en fietsen in de Dr\u00f4me\" \/>\n<meta property=\"og:description\" content=\"Fijne B&amp;B en chambres d&#039;h\u00f4tes om te wandelen en fietsen in de Dr\u00f4me. UItgebreide fietsroutes. Er vele leuke activiteiten zoals: zwemmen, paardrijden, GEOcaching.\" \/>\n<meta property=\"og:url\" content=\"https:\/\/pauroux.com\/nl\/bb-en-chambres-dhotes-wandelen\/\" \/>\n<meta property=\"og:site_name\" content=\"Ferme de Pauroux\" \/>\n<meta property=\"article:modified_time\" content=\"2023-03-31T08:10:43+00:00\" \/>\n<meta property=\"og:image\" content=\"https:\/\/pauroux.com\/wp-content\/uploads\/2014\/02\/drome-le-roubion-300x205.jpg\" \/>\n<meta name=\"twitter:label1\" content=\"Geschatte leestijd\" \/>\n\t<meta name=\"twitter:data1\" content=\"5 minuten\" \/>\n<script type=\"application\/ld+json\" class=\"yoast-schema-graph\">{\"@context\":\"https:\\\/\\\/schema.org\",\"@graph\":[{\"@type\":\"WebPage\",\"@id\":\"https:\\\/\\\/pauroux.com\\\/nl\\\/bb-en-chambres-dhotes-wandelen\\\/\",\"url\":\"https:\\\/\\\/pauroux.com\\\/nl\\\/bb-en-chambres-dhotes-wandelen\\\/\",\"name\":\"B&B om heerlijk te wandelen en fietsen in de Dr\u00f4me\",\"isPartOf\":{\"@id\":\"https:\\\/\\\/pauroux.com\\\/#website\"},\"primaryImageOfPage\":{\"@id\":\"https:\\\/\\\/pauroux.com\\\/nl\\\/bb-en-chambres-dhotes-wandelen\\\/#primaryimage\"},\"image\":{\"@id\":\"https:\\\/\\\/pauroux.com\\\/nl\\\/bb-en-chambres-dhotes-wandelen\\\/#primaryimage\"},\"thumbnailUrl\":\"https:\\\/\\\/pauroux.com\\\/wp-content\\\/uploads\\\/2014\\\/02\\\/drome-le-roubion-300x205.jpg\",\"datePublished\":\"2014-02-05T11:23:52+00:00\",\"dateModified\":\"2023-03-31T08:10:43+00:00\",\"description\":\"Fijne B&B en chambres d'h\u00f4tes om te wandelen en fietsen in de Dr\u00f4me. UItgebreide fietsroutes. Er vele leuke activiteiten zoals: zwemmen, paardrijden, GEOcaching.\",\"breadcrumb\":{\"@id\":\"https:\\\/\\\/pauroux.com\\\/nl\\\/bb-en-chambres-dhotes-wandelen\\\/#breadcrumb\"},\"inLanguage\":\"nl-NL\",\"potentialAction\":[{\"@type\":\"ReadAction\",\"target\":[\"https:\\\/\\\/pauroux.com\\\/nl\\\/bb-en-chambres-dhotes-wandelen\\\/\"]}]},{\"@type\":\"ImageObject\",\"inLanguage\":\"nl-NL\",\"@id\":\"https:\\\/\\\/pauroux.com\\\/nl\\\/bb-en-chambres-dhotes-wandelen\\\/#primaryimage\",\"url\":\"https:\\\/\\\/pauroux.com\\\/wp-content\\\/uploads\\\/2014\\\/02\\\/drome-le-roubion-300x205.jpg\",\"contentUrl\":\"https:\\\/\\\/pauroux.com\\\/wp-content\\\/uploads\\\/2014\\\/02\\\/drome-le-roubion-300x205.jpg\"},{\"@type\":\"BreadcrumbList\",\"@id\":\"https:\\\/\\\/pauroux.com\\\/nl\\\/bb-en-chambres-dhotes-wandelen\\\/#breadcrumb\",\"itemListElement\":[{\"@type\":\"ListItem\",\"position\":1,\"name\":\"Accueil\",\"item\":\"https:\\\/\\\/pauroux.com\\\/\"},{\"@type\":\"ListItem\",\"position\":2,\"name\":\"Activiteiten Dr\u00f4me\"}]},{\"@type\":\"WebSite\",\"@id\":\"https:\\\/\\\/pauroux.com\\\/#website\",\"url\":\"https:\\\/\\\/pauroux.com\\\/\",\"name\":\"Ferme de Pauroux\",\"description\":\"Chambres d&#039;h\u00f4tes, Table d&#039;h\u00f4tes et G\u00eetes\",\"potentialAction\":[{\"@type\":\"SearchAction\",\"target\":{\"@type\":\"EntryPoint\",\"urlTemplate\":\"https:\\\/\\\/pauroux.com\\\/?s={search_term_string}\"},\"query-input\":{\"@type\":\"PropertyValueSpecification\",\"valueRequired\":true,\"valueName\":\"search_term_string\"}}],\"inLanguage\":\"nl-NL\"}]}<\/script>\n<!-- \/ Yoast SEO plugin. -->","yoast_head_json":{"title":"B&B om heerlijk te wandelen en fietsen in de Dr\u00f4me","description":"Fijne B&B en chambres d'h\u00f4tes om te wandelen en fietsen in de Dr\u00f4me. UItgebreide fietsroutes. Er vele leuke activiteiten zoals: zwemmen, paardrijden, GEOcaching.","robots":{"index":"index","follow":"follow","max-snippet":"max-snippet:-1","max-image-preview":"max-image-preview:large","max-video-preview":"max-video-preview:-1"},"canonical":"https:\/\/pauroux.com\/nl\/bb-en-chambres-dhotes-wandelen\/","og_locale":"nl_NL","og_type":"article","og_title":"B&B om heerlijk te wandelen en fietsen in de Dr\u00f4me","og_description":"Fijne B&B en chambres d'h\u00f4tes om te wandelen en fietsen in de Dr\u00f4me. UItgebreide fietsroutes. Er vele leuke activiteiten zoals: zwemmen, paardrijden, GEOcaching.","og_url":"https:\/\/pauroux.com\/nl\/bb-en-chambres-dhotes-wandelen\/","og_site_name":"Ferme de Pauroux","article_modified_time":"2023-03-31T08:10:43+00:00","og_image":[{"url":"https:\/\/pauroux.com\/wp-content\/uploads\/2014\/02\/drome-le-roubion-300x205.jpg","type":"","width":"","height":""}],"twitter_misc":{"Geschatte leestijd":"5 minuten"},"schema":{"@context":"https:\/\/schema.org","@graph":[{"@type":"WebPage","@id":"https:\/\/pauroux.com\/nl\/bb-en-chambres-dhotes-wandelen\/","url":"https:\/\/pauroux.com\/nl\/bb-en-chambres-dhotes-wandelen\/","name":"B&B om heerlijk te wandelen en fietsen in de Dr\u00f4me","isPartOf":{"@id":"https:\/\/pauroux.com\/#website"},"primaryImageOfPage":{"@id":"https:\/\/pauroux.com\/nl\/bb-en-chambres-dhotes-wandelen\/#primaryimage"},"image":{"@id":"https:\/\/pauroux.com\/nl\/bb-en-chambres-dhotes-wandelen\/#primaryimage"},"thumbnailUrl":"https:\/\/pauroux.com\/wp-content\/uploads\/2014\/02\/drome-le-roubion-300x205.jpg","datePublished":"2014-02-05T11:23:52+00:00","dateModified":"2023-03-31T08:10:43+00:00","description":"Fijne B&B en chambres d'h\u00f4tes om te wandelen en fietsen in de Dr\u00f4me. UItgebreide fietsroutes. Er vele leuke activiteiten zoals: zwemmen, paardrijden, GEOcaching.","breadcrumb":{"@id":"https:\/\/pauroux.com\/nl\/bb-en-chambres-dhotes-wandelen\/#breadcrumb"},"inLanguage":"nl-NL","potentialAction":[{"@type":"ReadAction","target":["https:\/\/pauroux.com\/nl\/bb-en-chambres-dhotes-wandelen\/"]}]},{"@type":"ImageObject","inLanguage":"nl-NL","@id":"https:\/\/pauroux.com\/nl\/bb-en-chambres-dhotes-wandelen\/#primaryimage","url":"https:\/\/pauroux.com\/wp-content\/uploads\/2014\/02\/drome-le-roubion-300x205.jpg","contentUrl":"https:\/\/pauroux.com\/wp-content\/uploads\/2014\/02\/drome-le-roubion-300x205.jpg"},{"@type":"BreadcrumbList","@id":"https:\/\/pauroux.com\/nl\/bb-en-chambres-dhotes-wandelen\/#breadcrumb","itemListElement":[{"@type":"ListItem","position":1,"name":"Accueil","item":"https:\/\/pauroux.com\/"},{"@type":"ListItem","position":2,"name":"Activiteiten Dr\u00f4me"}]},{"@type":"WebSite","@id":"https:\/\/pauroux.com\/#website","url":"https:\/\/pauroux.com\/","name":"Ferme de Pauroux","description":"Chambres d&#039;h\u00f4tes, Table d&#039;h\u00f4tes et G\u00eetes","potentialAction":[{"@type":"SearchAction","target":{"@type":"EntryPoint","urlTemplate":"https:\/\/pauroux.com\/?s={search_term_string}"},"query-input":{"@type":"PropertyValueSpecification","valueRequired":true,"valueName":"search_term_string"}}],"inLanguage":"nl-NL"}]}},"_links":{"self":[{"href":"https:\/\/pauroux.com\/nl\/wp-json\/wp\/v2\/pages\/185","targetHints":{"allow":["GET"]}}],"collection":[{"href":"https:\/\/pauroux.com\/nl\/wp-json\/wp\/v2\/pages"}],"about":[{"href":"https:\/\/pauroux.com\/nl\/wp-json\/wp\/v2\/types\/page"}],"author":[{"embeddable":true,"href":"https:\/\/pauroux.com\/nl\/wp-json\/wp\/v2\/users\/2"}],"replies":[{"embeddable":true,"href":"https:\/\/pauroux.com\/nl\/wp-json\/wp\/v2\/comments?post=185"}],"version-history":[{"count":7,"href":"https:\/\/pauroux.com\/nl\/wp-json\/wp\/v2\/pages\/185\/revisions"}],"predecessor-version":[{"id":3578,"href":"https:\/\/pauroux.com\/nl\/wp-json\/wp\/v2\/pages\/185\/revisions\/3578"}],"wp:attachment":[{"href":"https:\/\/pauroux.com\/nl\/wp-json\/wp\/v2\/media?parent=185"}],"curies":[{"name":"wp","href":"https:\/\/api.w.org\/{rel}","templated":true}]}}