{"id":242,"date":"2014-02-05T14:59:19","date_gmt":"2014-02-05T14:59:19","guid":{"rendered":"https:\/\/pauroux.com\/?page_id=242"},"modified":"2023-03-31T10:10:45","modified_gmt":"2023-03-31T08:10:45","slug":"de-drome","status":"publish","type":"page","link":"https:\/\/pauroux.com\/nl\/de-drome\/","title":{"rendered":"De Dr\u00f4me"},"content":{"rendered":"<p><img loading=\"lazy\" decoding=\"async\" class=\"alignleft wp-image-2341\" src=\"https:\/\/pauroux.com\/wp-content\/uploads\/2018\/07\/Verrassend-Dr\u00f4me-OS-3D-reduit.jpg\" alt=\"\" width=\"208\" height=\"269\" srcset=\"https:\/\/pauroux.com\/wp-content\/uploads\/2018\/07\/Verrassend-Dr\u00f4me-OS-3D-reduit.jpg 250w, https:\/\/pauroux.com\/wp-content\/uploads\/2018\/07\/Verrassend-Dr\u00f4me-OS-3D-reduit-232x300.jpg 232w\" sizes=\"auto, (max-width: 208px) 100vw, 208px\" \/>Kent u de Dr\u00f4me niet dan zult u aangenaam verrast worden tijdens uw bezoek. Omdat het moeilijk is goede reisinformatie vinden over de Dr\u00f4me (vaak in reisgidsen met de Ard\u00e8che of Alpen hetgeen niet geheel voor de hand ligt) heeft Sabine <a href=\"http:\/\/drome-blog.nl\/mijn-boek-verrassende-drome\/\">een reisgids<\/a> geschreven en is ze vijf jaar geleden een blog gestart <a href=\"http:\/\/www.drome-blog.nl\">www.drome-blog.nl<\/a> met toeristische bezienswaardigheden in de Dr\u00f4me.<\/p>\n<p>Hieronder alvast het \u00e9\u00e9n en ander toegelicht.\u00a0 In de eetkamer vindt u een aantal mappen met toeristische informatie. Bij aankomst ontvangt u een kaart van de Dr\u00f4me en informeren we u graag verder over de belangrijkste bezienswaardigheden in de omgeving.<\/p>\n<blockquote><p>&#8216;De Dr\u00f4me is een fantastisch mooi stukje Frankrijk en voor mij als hobby-fotograaf een waar paradijs&#8217; (reactie Zoover)<\/p><\/blockquote>\n<div id=\"attachment_169\" style=\"width: 310px\" class=\"wp-caption alignright\"><a href=\"https:\/\/pauroux.com\/wp-content\/uploads\/2014\/01\/clocher-2.jpg\" rel=\"lightbox[242]\"><img loading=\"lazy\" decoding=\"async\" aria-describedby=\"caption-attachment-169\" class=\"size-medium wp-image-169\" src=\"https:\/\/pauroux.com\/wp-content\/uploads\/2014\/01\/clocher-2-300x199.jpg\" alt=\"Bourdeaux Dr\u00f4me\" width=\"300\" height=\"199\" srcset=\"https:\/\/pauroux.com\/wp-content\/uploads\/2014\/01\/clocher-2-300x199.jpg 300w, https:\/\/pauroux.com\/wp-content\/uploads\/2014\/01\/clocher-2-462x306.jpg 462w, https:\/\/pauroux.com\/wp-content\/uploads\/2014\/01\/clocher-2-207x136.jpg 207w, https:\/\/pauroux.com\/wp-content\/uploads\/2014\/01\/clocher-2-140x94.jpg 140w, https:\/\/pauroux.com\/wp-content\/uploads\/2014\/01\/clocher-2-120x80.jpg 120w, https:\/\/pauroux.com\/wp-content\/uploads\/2014\/01\/clocher-2.jpg 1024w\" sizes=\"auto, (max-width: 300px) 100vw, 300px\" \/><\/a><p id=\"caption-attachment-169\" class=\"wp-caption-text\">Bourdeaux<\/p><\/div>\n<h3>Bourdeaux<\/h3>\n<p><a href=\"http:\/\/www.bourdeauxtourisme.com\/indexa.php\">Bourdeaux<\/a> is een lieflijk dorpje met een prachtig middeleeuws centrum met kasteelru\u00efne als trekpleister. Een kleine rondwandeling brengt u in drie kwartier door oude straatjes naar de ru\u00efne met prachtig uitzicht over de omgeving. Op de wekelijkse markt is het een gezellige drukte. In de zomer is er ook een &#8216;march\u00e9 nocturne&#8217;, waar men &#8217;s avonds kan genieten van de regionale producten en specialiteiten, zoals bijvoorbeeld de aperitiefwijn Clarette de Die en heerlijke geitenkaasjes zoals de Picodon. Vanuit La Ferme de Pauroux loopt een mooie wandelroute van circa 6 kilometer door de heuvels naar Bourdeaux.<\/p>\n<p>&nbsp;<\/p>\n<div id=\"attachment_167\" style=\"width: 310px\" class=\"wp-caption alignleft\"><a href=\"https:\/\/pauroux.com\/wp-content\/uploads\/2014\/02\/saouforet_1.jpg\" rel=\"lightbox[242]\"><img loading=\"lazy\" decoding=\"async\" aria-describedby=\"caption-attachment-167\" class=\"size-medium wp-image-167 \" src=\"https:\/\/pauroux.com\/wp-content\/uploads\/2014\/02\/saouforet_1-300x174.jpg\" alt=\"La For\u00eat de Saou\" width=\"300\" height=\"174\" srcset=\"https:\/\/pauroux.com\/wp-content\/uploads\/2014\/02\/saouforet_1-300x174.jpg 300w, https:\/\/pauroux.com\/wp-content\/uploads\/2014\/02\/saouforet_1.jpg 400w\" sizes=\"auto, (max-width: 300px) 100vw, 300px\" \/><\/a><p id=\"caption-attachment-167\" class=\"wp-caption-text\">La For\u00eat de Saou<\/p><\/div>\n<h3>Foret Sao\u00fb<\/h3>\n<p>Het bos van <a href=\"http:\/\/www.saou.net\/-Accueil-\">Sao\u00fb<\/a> is een prachtig natuurgebied met veel soorten bomen. Veel wandelmogelijkheden van eenvoudig tot moeilijk met als hoogtepunt &#8216;les Trois Becs&#8217;. Mooie picknickplaatsen en een grote speel- en luierweide. Tevens een unieke plek voor rotsklimmen (vele niveaus) Het bos van Saou ligt tegen bergen op die een gesloten kom vormen.<\/p>\n<p>&nbsp;<\/p>\n<p>&nbsp;<\/p>\n<p>&nbsp;<\/p>\n<div id=\"attachment_160\" style=\"width: 310px\" class=\"wp-caption alignright\"><a href=\"https:\/\/pauroux.com\/wp-content\/uploads\/2014\/01\/poetcelard.jpg\" rel=\"lightbox[242]\"><img loading=\"lazy\" decoding=\"async\" aria-describedby=\"caption-attachment-160\" class=\"size-medium wp-image-160 \" src=\"https:\/\/pauroux.com\/wp-content\/uploads\/2014\/01\/poetcelard-300x227.jpg\" alt=\"Po\u00ebt-Celard Dr\u00f4me\" width=\"300\" height=\"227\" srcset=\"https:\/\/pauroux.com\/wp-content\/uploads\/2014\/01\/poetcelard-300x227.jpg 300w, https:\/\/pauroux.com\/wp-content\/uploads\/2014\/01\/poetcelard-160x120.jpg 160w, https:\/\/pauroux.com\/wp-content\/uploads\/2014\/01\/poetcelard.jpg 310w\" sizes=\"auto, (max-width: 300px) 100vw, 300px\" \/><\/a><p id=\"caption-attachment-160\" class=\"wp-caption-text\">Po\u00ebt-Celard<\/p><\/div>\n<h3>Les Villages Perch\u00e9s<\/h3>\n<p>&#8216;Les Villages Perch\u00e9s&#8217; zijn een aantal dorpen die allemaal hoog op een heuvel liggen aan de voet van een kasteel. Wij hebben een aantal auto- en fietsroutes uitgezet langs deze dorpjes inclusief uitleg over de omgeving.<\/p>\n<p>&nbsp;<\/p>\n<blockquote>\n<p style=\"text-align: center;\">&#8216;Je kunt iedere richting oprijden. De ene streek is nog mooier dan de andere&#8217; (reactie gastenboek mei 2019)<\/p>\n<\/blockquote>\n<p>&nbsp;<\/p>\n<p>&nbsp;<\/p>\n<div id=\"attachment_156\" style=\"width: 130px\" class=\"wp-caption alignleft\"><a href=\"https:\/\/pauroux.com\/wp-content\/uploads\/2014\/01\/Crest.jpg\" rel=\"lightbox[242]\"><img loading=\"lazy\" decoding=\"async\" aria-describedby=\"caption-attachment-156\" class=\"size-full wp-image-156 \" src=\"https:\/\/pauroux.com\/wp-content\/uploads\/2014\/01\/Crest.jpg\" alt=\"Crest Dr\u00f4me\" width=\"120\" height=\"183\" \/><\/a><p id=\"caption-attachment-156\" class=\"wp-caption-text\">Crest<\/p><\/div>\n<h3>Crest<\/h3>\n<p>Ten noorden van Mornans, op circa 20 minuten, ligt <a href=\"http:\/\/www.valleedeladrome-tourisme.com\/crest-et-sa-region\">Crest<\/a>. Deze plaats staat bekend om zijn oude middeleeuwse binnenstad met zijn kleine straatjes en om &#8216;La Tour&#8217;; een 52 m hoge toren die daarmee de hoogste middeleeuwse toren van Frankrijk is. Zeker een bezoekje waard. De rivier de Dr\u00f4me doorkruist deze bruisende stad, die in de zomer veel toeristen trekt die op de leuke winkelstraatjes en gezellige restaurantjes afkomen.<\/p>\n<p>&nbsp;<\/p>\n<p>&nbsp;<\/p>\n<p>&nbsp;<\/p>\n<div id=\"attachment_768\" style=\"width: 310px\" class=\"wp-caption alignright\"><a href=\"https:\/\/pauroux.com\/wp-content\/uploads\/2014\/02\/drome_03.jpg\" rel=\"lightbox[242]\"><img loading=\"lazy\" decoding=\"async\" aria-describedby=\"caption-attachment-768\" class=\"size-medium wp-image-768\" src=\"https:\/\/pauroux.com\/wp-content\/uploads\/2014\/02\/drome_03-300x225.jpg\" alt=\"Dr\u00f4me natuur\" width=\"300\" height=\"225\" srcset=\"https:\/\/pauroux.com\/wp-content\/uploads\/2014\/02\/drome_03-300x225.jpg 300w, https:\/\/pauroux.com\/wp-content\/uploads\/2014\/02\/drome_03-1024x768.jpg 1024w, https:\/\/pauroux.com\/wp-content\/uploads\/2014\/02\/drome_03-160x120.jpg 160w\" sizes=\"auto, (max-width: 300px) 100vw, 300px\" \/><\/a><p id=\"caption-attachment-768\" class=\"wp-caption-text\">.<\/p><\/div>\n<h3>Dieulefit<\/h3>\n<p>Ook <a href=\"http:\/\/www.paysdedieulefit.eu\/nl\/index.htm\">Dieulefit<\/a> ligt op 20 minuten rijden van Mornans, maar dan in zuidelijke richting. Net als Crest is dit een stadje met veel leuke smalle straatjes en leuke markten. Dieulefit staat bekend om zijn pottenbakkers. La Ferme de Pauroux ligt in de Dr\u00f4me-vallei, hier begint het gebied van de Dr\u00f4me Proven\u00e7ale.<\/p>\n<p>&nbsp;<\/p>\n<div id=\"attachment_178\" style=\"width: 210px\" class=\"wp-caption alignleft\"><a href=\"https:\/\/pauroux.com\/wp-content\/uploads\/2014\/01\/chute_de_la_druise.jpg\" rel=\"lightbox[242]\"><img loading=\"lazy\" decoding=\"async\" aria-describedby=\"caption-attachment-178\" class=\"size-medium wp-image-178 \" src=\"https:\/\/pauroux.com\/wp-content\/uploads\/2014\/01\/chute_de_la_druise-200x300.jpg\" alt=\"Chute de la Druise Dr\u00f4me\" width=\"200\" height=\"300\" srcset=\"https:\/\/pauroux.com\/wp-content\/uploads\/2014\/01\/chute_de_la_druise-200x300.jpg 200w, https:\/\/pauroux.com\/wp-content\/uploads\/2014\/01\/chute_de_la_druise.jpg 501w\" sizes=\"auto, (max-width: 200px) 100vw, 200px\" \/><\/a><p id=\"caption-attachment-178\" class=\"wp-caption-text\">Waterval La Druise<\/p><\/div>\n<h3><\/h3>\n<h3>De natuur<\/h3>\n<p>Naast de dorpen heeft ook de natuur veel te bieden zoals het natuurreservaat &#8216;Des Ramieres&#8217; langs de oevers van de rivier de Dr\u00f4me. Tussen Gr\u00e2ne en Allex ligt vlak bij de rivier de Dr\u00f4me een bezoekerscentrum &#8216;La Gare Des Rami\u00e8res&#8217; met alle informatie over de natuur in de omgeving. Er zijn fiets- en wandelroutes. Echt de moeite waard!<\/p>\n<p>Bevers in het natuurreservaat en&#8230;&#8230; op 200 m van de boerderij in de Roubion hebben ze twee indrukwekkende dammen gebouwd. Moet u tijdens uw vakantie gezien hebben, vraag ons waar ze precies zijn!<\/p>\n<p>De rotsen van Ombl\u00e8ze zijn indrukwekkend met een 72m hoge waterval, die via een makkelijk wandelpad te bereiken is (en een geweldige plek is om te zwemmen en te spelen). Een must tijdens u vakantie.<\/p>\n<p>&nbsp;<\/p>\n<p>&nbsp;<\/p>\n<p>&nbsp;<\/p>\n<div id=\"attachment_180\" style=\"width: 235px\" class=\"wp-caption alignright\"><a href=\"https:\/\/pauroux.com\/wp-content\/uploads\/2014\/01\/hpis_93525220.jpg\" rel=\"lightbox[242]\"><img loading=\"lazy\" decoding=\"async\" aria-describedby=\"caption-attachment-180\" class=\"size-medium wp-image-180 \" src=\"https:\/\/pauroux.com\/wp-content\/uploads\/2014\/01\/hpis_93525220-225x300.jpg\" alt=\"Lavendel Dr\u00f4me\" width=\"225\" height=\"300\" srcset=\"https:\/\/pauroux.com\/wp-content\/uploads\/2014\/01\/hpis_93525220-225x300.jpg 225w, https:\/\/pauroux.com\/wp-content\/uploads\/2014\/01\/hpis_93525220-768x1024.jpg 768w, https:\/\/pauroux.com\/wp-content\/uploads\/2014\/01\/hpis_93525220.jpg 900w\" sizes=\"auto, (max-width: 225px) 100vw, 225px\" \/><\/a><p id=\"caption-attachment-180\" class=\"wp-caption-text\">Lavendel<\/p><\/div>\n<p>In mei zijn er vele orchidee\u00ebn. Gasten vonden onlangs 7 verschillende soorten vlak bij de boerderij. De Ophrys Drumana is een orchidee die vrijwel alleen in de Dr\u00f4me te vinden is. Het is een orchidee met een bloemetje in de vorm van een vliegje. Verder bloeien hier o.a. de Orchis Simia, de Orchis Brul\u00e9e, de Orchis Sepha en de Platanthera Bifolia.<\/p>\n<p>&nbsp;<\/p>\n<p>Vanaf eind juni tot half augustus staat de lavendel in bloei. Wij hebben verschillende auto- en fietsroutes beschikbaar langs de lavendelvelden. Ook is een bezoekje aan een lavendeldistileerderij mogelijk.<\/p>\n<p>&nbsp;<\/p>\n<p>Daarnaast vindt u in de directe omgeving bergen tot 1550m hoog, zoals les 3 becs, le Couspeau, Le Grand Delmas en de Mielandre. Verder is de noordelijk gelegen Vercors met zijn ruige rotsen en imposante kloven een prachtig gebied in Frankrijk om te bezoeken.<\/p>\n<p>&nbsp;<\/p>\n<div id=\"attachment_182\" style=\"width: 310px\" class=\"wp-caption alignleft\"><a href=\"https:\/\/pauroux.com\/wp-content\/uploads\/2014\/01\/Avignon.jpg\" rel=\"lightbox[242]\"><img loading=\"lazy\" decoding=\"async\" aria-describedby=\"caption-attachment-182\" class=\"size-medium wp-image-182 \" src=\"https:\/\/pauroux.com\/wp-content\/uploads\/2014\/01\/Avignon-300x199.jpg\" alt=\"Avignon Dr\u00f4me\" width=\"300\" height=\"199\" srcset=\"https:\/\/pauroux.com\/wp-content\/uploads\/2014\/01\/Avignon-300x199.jpg 300w, https:\/\/pauroux.com\/wp-content\/uploads\/2014\/01\/Avignon-1024x682.jpg 1024w, https:\/\/pauroux.com\/wp-content\/uploads\/2014\/01\/Avignon-462x306.jpg 462w, https:\/\/pauroux.com\/wp-content\/uploads\/2014\/01\/Avignon-207x136.jpg 207w, https:\/\/pauroux.com\/wp-content\/uploads\/2014\/01\/Avignon-140x94.jpg 140w, https:\/\/pauroux.com\/wp-content\/uploads\/2014\/01\/Avignon-120x80.jpg 120w, https:\/\/pauroux.com\/wp-content\/uploads\/2014\/01\/Avignon.jpg 2000w\" sizes=\"auto, (max-width: 300px) 100vw, 300px\" \/><\/a><p id=\"caption-attachment-182\" class=\"wp-caption-text\">Avignon<\/p><\/div>\n<h3>Steden<\/h3>\n<p>Naast vele dorpjes is het ook de moeite waard om een aantal steden te bezoeken. Zo ligt Montelimar de stad van de nougat op circa 40 minuten, Valence op \u00e9\u00e9n uur en Avignon met de bekende pont d&#8217;Avignon en prachtige oude binnenstad op 1,5 uur.<\/p>\n<p>&nbsp;<\/p>\n<p>&nbsp;<\/p>\n<p>&nbsp;<\/p>\n<p>&nbsp;<\/p>\n","protected":false},"excerpt":{"rendered":"<p>Kent u de Dr\u00f4me niet dan zult u aangenaam verrast worden tijdens uw bezoek. Omdat het moeilijk is goede reisinformatie vinden over de Dr\u00f4me (vaak in reisgidsen met de Ard\u00e8che of Alpen hetgeen niet geheel voor de hand ligt) heeft Sabine een reisgids geschreven en is ze vijf jaar geleden een blog gestart www.drome-blog.nl met [&hellip;]<\/p>\n","protected":false},"author":2,"featured_media":0,"parent":0,"menu_order":0,"comment_status":"closed","ping_status":"closed","template":"page-full.php","meta":{"footnotes":""},"class_list":["post-242","page","type-page","status-publish","hentry"],"yoast_head":"<!-- This site is optimized with the Yoast SEO plugin v27.5 - https:\/\/yoast.com\/product\/yoast-seo-wordpress\/ -->\n<title>De Dr\u00f4me - Ferme de Pauroux<\/title>\n<meta name=\"description\" content=\"Rondom onze B&amp;B en Chambres d&#039;h\u00f4tes in de Dr\u00f4me, vele mooie dorpjes als Bourdeaux, Crest, Sao\u00fb, Dieulefit en steden als Montelimar en Valence. Prachtige natuur met de waterval chute de la Druise.\" \/>\n<meta name=\"robots\" content=\"index, follow, max-snippet:-1, max-image-preview:large, max-video-preview:-1\" \/>\n<link rel=\"canonical\" href=\"https:\/\/pauroux.com\/nl\/de-drome\/\" \/>\n<meta property=\"og:locale\" content=\"nl_NL\" \/>\n<meta property=\"og:type\" content=\"article\" \/>\n<meta property=\"og:title\" content=\"De Dr\u00f4me - Ferme de Pauroux\" \/>\n<meta property=\"og:description\" content=\"Rondom onze B&amp;B en Chambres d&#039;h\u00f4tes in de Dr\u00f4me, vele mooie dorpjes als Bourdeaux, Crest, Sao\u00fb, Dieulefit en steden als Montelimar en Valence. Prachtige natuur met de waterval chute de la Druise.\" \/>\n<meta property=\"og:url\" content=\"https:\/\/pauroux.com\/nl\/de-drome\/\" \/>\n<meta property=\"og:site_name\" content=\"Ferme de Pauroux\" \/>\n<meta property=\"article:modified_time\" content=\"2023-03-31T08:10:45+00:00\" \/>\n<meta property=\"og:image\" content=\"https:\/\/pauroux.com\/wp-content\/uploads\/2014\/01\/clocher-2-300x199.jpg\" \/>\n<meta name=\"twitter:label1\" content=\"Geschatte leestijd\" \/>\n\t<meta name=\"twitter:data1\" content=\"4 minuten\" \/>\n<script type=\"application\/ld+json\" class=\"yoast-schema-graph\">{\"@context\":\"https:\\\/\\\/schema.org\",\"@graph\":[{\"@type\":\"WebPage\",\"@id\":\"https:\\\/\\\/pauroux.com\\\/nl\\\/de-drome\\\/\",\"url\":\"https:\\\/\\\/pauroux.com\\\/nl\\\/de-drome\\\/\",\"name\":\"De Dr\u00f4me - Ferme de Pauroux\",\"isPartOf\":{\"@id\":\"https:\\\/\\\/pauroux.com\\\/#website\"},\"primaryImageOfPage\":{\"@id\":\"https:\\\/\\\/pauroux.com\\\/nl\\\/de-drome\\\/#primaryimage\"},\"image\":{\"@id\":\"https:\\\/\\\/pauroux.com\\\/nl\\\/de-drome\\\/#primaryimage\"},\"thumbnailUrl\":\"https:\\\/\\\/pauroux.com\\\/wp-content\\\/uploads\\\/2014\\\/01\\\/clocher-2-300x199.jpg\",\"datePublished\":\"2014-02-05T14:59:19+00:00\",\"dateModified\":\"2023-03-31T08:10:45+00:00\",\"description\":\"Rondom onze B&B en Chambres d'h\u00f4tes in de Dr\u00f4me, vele mooie dorpjes als Bourdeaux, Crest, Sao\u00fb, Dieulefit en steden als Montelimar en Valence. Prachtige natuur met de waterval chute de la Druise.\",\"breadcrumb\":{\"@id\":\"https:\\\/\\\/pauroux.com\\\/nl\\\/de-drome\\\/#breadcrumb\"},\"inLanguage\":\"nl-NL\",\"potentialAction\":[{\"@type\":\"ReadAction\",\"target\":[\"https:\\\/\\\/pauroux.com\\\/nl\\\/de-drome\\\/\"]}]},{\"@type\":\"ImageObject\",\"inLanguage\":\"nl-NL\",\"@id\":\"https:\\\/\\\/pauroux.com\\\/nl\\\/de-drome\\\/#primaryimage\",\"url\":\"https:\\\/\\\/pauroux.com\\\/wp-content\\\/uploads\\\/2014\\\/01\\\/clocher-2-300x199.jpg\",\"contentUrl\":\"https:\\\/\\\/pauroux.com\\\/wp-content\\\/uploads\\\/2014\\\/01\\\/clocher-2-300x199.jpg\"},{\"@type\":\"BreadcrumbList\",\"@id\":\"https:\\\/\\\/pauroux.com\\\/nl\\\/de-drome\\\/#breadcrumb\",\"itemListElement\":[{\"@type\":\"ListItem\",\"position\":1,\"name\":\"Accueil\",\"item\":\"https:\\\/\\\/pauroux.com\\\/\"},{\"@type\":\"ListItem\",\"position\":2,\"name\":\"De Dr\u00f4me\"}]},{\"@type\":\"WebSite\",\"@id\":\"https:\\\/\\\/pauroux.com\\\/#website\",\"url\":\"https:\\\/\\\/pauroux.com\\\/\",\"name\":\"Ferme de Pauroux\",\"description\":\"Chambres d&#039;h\u00f4tes, Table d&#039;h\u00f4tes et G\u00eetes\",\"potentialAction\":[{\"@type\":\"SearchAction\",\"target\":{\"@type\":\"EntryPoint\",\"urlTemplate\":\"https:\\\/\\\/pauroux.com\\\/?s={search_term_string}\"},\"query-input\":{\"@type\":\"PropertyValueSpecification\",\"valueRequired\":true,\"valueName\":\"search_term_string\"}}],\"inLanguage\":\"nl-NL\"}]}<\/script>\n<!-- \/ Yoast SEO plugin. -->","yoast_head_json":{"title":"De Dr\u00f4me - Ferme de Pauroux","description":"Rondom onze B&B en Chambres d'h\u00f4tes in de Dr\u00f4me, vele mooie dorpjes als Bourdeaux, Crest, Sao\u00fb, Dieulefit en steden als Montelimar en Valence. Prachtige natuur met de waterval chute de la Druise.","robots":{"index":"index","follow":"follow","max-snippet":"max-snippet:-1","max-image-preview":"max-image-preview:large","max-video-preview":"max-video-preview:-1"},"canonical":"https:\/\/pauroux.com\/nl\/de-drome\/","og_locale":"nl_NL","og_type":"article","og_title":"De Dr\u00f4me - Ferme de Pauroux","og_description":"Rondom onze B&B en Chambres d'h\u00f4tes in de Dr\u00f4me, vele mooie dorpjes als Bourdeaux, Crest, Sao\u00fb, Dieulefit en steden als Montelimar en Valence. Prachtige natuur met de waterval chute de la Druise.","og_url":"https:\/\/pauroux.com\/nl\/de-drome\/","og_site_name":"Ferme de Pauroux","article_modified_time":"2023-03-31T08:10:45+00:00","og_image":[{"url":"https:\/\/pauroux.com\/wp-content\/uploads\/2014\/01\/clocher-2-300x199.jpg","type":"","width":"","height":""}],"twitter_misc":{"Geschatte leestijd":"4 minuten"},"schema":{"@context":"https:\/\/schema.org","@graph":[{"@type":"WebPage","@id":"https:\/\/pauroux.com\/nl\/de-drome\/","url":"https:\/\/pauroux.com\/nl\/de-drome\/","name":"De Dr\u00f4me - Ferme de Pauroux","isPartOf":{"@id":"https:\/\/pauroux.com\/#website"},"primaryImageOfPage":{"@id":"https:\/\/pauroux.com\/nl\/de-drome\/#primaryimage"},"image":{"@id":"https:\/\/pauroux.com\/nl\/de-drome\/#primaryimage"},"thumbnailUrl":"https:\/\/pauroux.com\/wp-content\/uploads\/2014\/01\/clocher-2-300x199.jpg","datePublished":"2014-02-05T14:59:19+00:00","dateModified":"2023-03-31T08:10:45+00:00","description":"Rondom onze B&B en Chambres d'h\u00f4tes in de Dr\u00f4me, vele mooie dorpjes als Bourdeaux, Crest, Sao\u00fb, Dieulefit en steden als Montelimar en Valence. Prachtige natuur met de waterval chute de la Druise.","breadcrumb":{"@id":"https:\/\/pauroux.com\/nl\/de-drome\/#breadcrumb"},"inLanguage":"nl-NL","potentialAction":[{"@type":"ReadAction","target":["https:\/\/pauroux.com\/nl\/de-drome\/"]}]},{"@type":"ImageObject","inLanguage":"nl-NL","@id":"https:\/\/pauroux.com\/nl\/de-drome\/#primaryimage","url":"https:\/\/pauroux.com\/wp-content\/uploads\/2014\/01\/clocher-2-300x199.jpg","contentUrl":"https:\/\/pauroux.com\/wp-content\/uploads\/2014\/01\/clocher-2-300x199.jpg"},{"@type":"BreadcrumbList","@id":"https:\/\/pauroux.com\/nl\/de-drome\/#breadcrumb","itemListElement":[{"@type":"ListItem","position":1,"name":"Accueil","item":"https:\/\/pauroux.com\/"},{"@type":"ListItem","position":2,"name":"De Dr\u00f4me"}]},{"@type":"WebSite","@id":"https:\/\/pauroux.com\/#website","url":"https:\/\/pauroux.com\/","name":"Ferme de Pauroux","description":"Chambres d&#039;h\u00f4tes, Table d&#039;h\u00f4tes et G\u00eetes","potentialAction":[{"@type":"SearchAction","target":{"@type":"EntryPoint","urlTemplate":"https:\/\/pauroux.com\/?s={search_term_string}"},"query-input":{"@type":"PropertyValueSpecification","valueRequired":true,"valueName":"search_term_string"}}],"inLanguage":"nl-NL"}]}},"_links":{"self":[{"href":"https:\/\/pauroux.com\/nl\/wp-json\/wp\/v2\/pages\/242","targetHints":{"allow":["GET"]}}],"collection":[{"href":"https:\/\/pauroux.com\/nl\/wp-json\/wp\/v2\/pages"}],"about":[{"href":"https:\/\/pauroux.com\/nl\/wp-json\/wp\/v2\/types\/page"}],"author":[{"embeddable":true,"href":"https:\/\/pauroux.com\/nl\/wp-json\/wp\/v2\/users\/2"}],"replies":[{"embeddable":true,"href":"https:\/\/pauroux.com\/nl\/wp-json\/wp\/v2\/comments?post=242"}],"version-history":[{"count":4,"href":"https:\/\/pauroux.com\/nl\/wp-json\/wp\/v2\/pages\/242\/revisions"}],"predecessor-version":[{"id":3509,"href":"https:\/\/pauroux.com\/nl\/wp-json\/wp\/v2\/pages\/242\/revisions\/3509"}],"wp:attachment":[{"href":"https:\/\/pauroux.com\/nl\/wp-json\/wp\/v2\/media?parent=242"}],"curies":[{"name":"wp","href":"https:\/\/api.w.org\/{rel}","templated":true}]}}