{"id":2585,"date":"2019-01-10T16:50:11","date_gmt":"2019-01-10T14:50:11","guid":{"rendered":"https:\/\/pauroux.com\/?page_id=2585"},"modified":"2023-03-31T10:10:51","modified_gmt":"2023-03-31T08:10:51","slug":"groepsaccommodatie","status":"publish","type":"page","link":"https:\/\/pauroux.com\/nl\/groepsaccommodatie\/","title":{"rendered":"Groepen"},"content":{"rendered":"<p style=\"text-align: left;\">Door het bij elkaar voegen van onze accommodatie (g\u00eetes en kamers) is het mogelijk om groepen tot 18 personen te ontvangen op basis van halfpension.<\/p>\n<p>Dit kan om hier te fietsen of te wandelen of een gezellig samen zijn in de omgeving van Bourdeaux et Sao\u00fb met familie en vrienden.<\/p>\n<h3>Voor wie?<\/h3>\n<ul>\n<li>families<\/li>\n<li>vrienden<\/li>\n<li>wandelaars<\/li>\n<li>fietsers (toeren, racen en mountainbiken)<\/li>\n<li>coll\u00e9ga&#8217;s<\/li>\n<li>bedrijven<\/li>\n<li>clubs<\/li>\n<\/ul>\n<h3><img loading=\"lazy\" decoding=\"async\" class=\"alignleft wp-image-1946\" src=\"https:\/\/pauroux.com\/wp-content\/uploads\/2016\/12\/Rando-Foret-de-Saou-groupe.jpg\" alt=\"rando-foret-de-saou-groupe\" width=\"263\" height=\"198\" srcset=\"https:\/\/pauroux.com\/wp-content\/uploads\/2016\/12\/Rando-Foret-de-Saou-groupe.jpg 598w, https:\/\/pauroux.com\/wp-content\/uploads\/2016\/12\/Rando-Foret-de-Saou-groupe-300x225.jpg 300w\" sizes=\"auto, (max-width: 263px) 100vw, 263px\" \/>Accommodatie<\/h3>\n<p>Wij hebben \u00e9\u00e9n en tweepersoonsbedden. Groepen mannen, vrouwen, echtparen of gezinnen, neem contact met ons op voor de mogelijkheden. Bedlinnen en handdoeken zijn in de prijs inbegrepen.<\/p>\n<h3>Diner<\/h3>\n<p>Wij serveren een 3-gangen menu en een glas wijn. We kunnen het diner aanpassen aan de groep: pasta voor de sportievelingen, een feestmaaltijd als jullie iets te vieren hebben (eventueel met een toeslag), vegetarisch, gluten- of lactosevrij, etc. <img loading=\"lazy\" decoding=\"async\" class=\" wp-image-399 alignright\" src=\"https:\/\/pauroux.com\/wp-content\/uploads\/2014\/02\/table-d-hotes-pauroux-1.jpg\" alt=\"table-d-hotes-pauroux-1.jpg\" width=\"272\" height=\"204\" srcset=\"https:\/\/pauroux.com\/wp-content\/uploads\/2014\/02\/table-d-hotes-pauroux-1.jpg 300w, https:\/\/pauroux.com\/wp-content\/uploads\/2014\/02\/table-d-hotes-pauroux-1-160x120.jpg 160w\" sizes=\"auto, (max-width: 272px) 100vw, 272px\" \/><\/p>\n<h3>Tarieven<\/h3>\n<p>Afhankelijk van het aantal personen per kamer en het aantal kamers is het tarief tussen de 55 en 62 euro per persoon op basis van halfpension. Inbegrepen in de prijs:<\/p>\n<ul>\n<li>De overnachting<\/li>\n<li>Het bedlinnen en de handdoeken<\/li>\n<li>Het ontbijt<\/li>\n<li>Het 4-gangendiner en de drankjes<\/li>\n<\/ul>\n<p>Toeristenbeslasting 0,80 euro per persoon per dag.<\/p>\n<p>Prijs voor kinderen op aanvraag.<\/p>\n<h3>Picknick<\/h3>\n<p>we kunnen een eenvoudige picknick verzorgen. De kosten zijn 8,50 per persoon per picknick. De picknick bestaat uit brood, vleeswaren, rauwkostsalade, Franse kaas en fruit.<\/p>\n<h3>Groepsactiviteiten<\/h3>\n<p>Wij hebben op de boerderij een uitgebreide map met wandelingen en fietstochten (voor toer- en racefietsers en mountainbikers). Jullie kunnen ons ook altijd om advies vragen. Sabine heeft een Frans wandelgidsdiploma (SA1) van de Franse wandelvereniging. Wij hebben ook veel toeristische informatie beschikbaar. Jullie kunnen ook op mijn dromeblog.nl kijken voor informatie. of mijn toeristische gids aanschaffen &#8216;Verrassende Dr\u00f4me&#8217; ;).\u00a0 <strong>Een paar leuke idee\u00ebn voor groepen:<\/strong><\/p>\n<ul>\n<li>Rondleiding door het middeleeuwse gedeelte van Bourdeaux<img loading=\"lazy\" decoding=\"async\" class=\"alignright wp-image-299\" src=\"https:\/\/pauroux.com\/wp-content\/uploads\/2014\/02\/RIMG1403.jpg\" alt=\"Activiteiten Dr\u00f4me\" width=\"235\" height=\"176\" srcset=\"https:\/\/pauroux.com\/wp-content\/uploads\/2014\/02\/RIMG1403.jpg 2048w, https:\/\/pauroux.com\/wp-content\/uploads\/2014\/02\/RIMG1403-300x225.jpg 300w, https:\/\/pauroux.com\/wp-content\/uploads\/2014\/02\/RIMG1403-1024x768.jpg 1024w, https:\/\/pauroux.com\/wp-content\/uploads\/2014\/02\/RIMG1403-160x120.jpg 160w\" sizes=\"auto, (max-width: 235px) 100vw, 235px\" \/><\/li>\n<li>Paddenstoelen zoeken (herfst)<\/li>\n<li>GPS-wandeling vanaf de boerderij<\/li>\n<li>Wandeling met een ezel<\/li>\n<li>Rondrit met paard en wagen<\/li>\n<li>Bezoek aan een geitenkaasfabiek<\/li>\n<li>Lokale bierproeverij<\/li>\n<li>Proeverij van lokale wijnen<\/li>\n<li>Proeverij van natuurwijnen<\/li>\n<li>Ritje met een scooter<\/li>\n<li>Autorondritten<\/li>\n<li>Rotsklimmen in het bos van Sao\u00fb voor beginners of gevorderden<\/li>\n<li>Nordic walken, beginners of gevorderden<\/li>\n<li>Kano\u00ebn op de Dr\u00f4me<\/li>\n<\/ul>\n<p>Neem contact met ons op voor aanvullende informatie.<\/p>\n","protected":false},"excerpt":{"rendered":"<p>Door het bij elkaar voegen van onze accommodatie (g\u00eetes en kamers) is het mogelijk om groepen tot 18 personen te ontvangen op basis van halfpension. Dit kan om hier te fietsen of te wandelen of een gezellig samen zijn in de omgeving van Bourdeaux et Sao\u00fb met familie en vrienden. Voor wie? families vrienden wandelaars [&hellip;]<\/p>\n","protected":false},"author":2,"featured_media":0,"parent":0,"menu_order":0,"comment_status":"closed","ping_status":"closed","template":"page-full.php","meta":{"footnotes":""},"class_list":["post-2585","page","type-page","status-publish","hentry"],"yoast_head":"<!-- This site is optimized with the Yoast SEO plugin v27.5 - https:\/\/yoast.com\/product\/yoast-seo-wordpress\/ -->\n<title>Groepen - Ferme de Pauroux Groep fietsen en wandelen in de Dr\u00f4me<\/title>\n<meta name=\"description\" content=\"Accomodatie voor groepen in de Dr\u00f4me: wandelaars, fietsers en families. B&amp;B en chambres d&#039;h\u00f4tes in een mooi berglandschap. Ideaal voor fietsen en wandelen.\" \/>\n<meta name=\"robots\" content=\"index, follow, max-snippet:-1, max-image-preview:large, max-video-preview:-1\" \/>\n<link rel=\"canonical\" href=\"https:\/\/pauroux.com\/nl\/groepsaccommodatie\/\" \/>\n<meta property=\"og:locale\" content=\"nl_NL\" \/>\n<meta property=\"og:type\" content=\"article\" \/>\n<meta property=\"og:title\" content=\"Groepen - Ferme de Pauroux Groep fietsen en wandelen in de Dr\u00f4me\" \/>\n<meta property=\"og:description\" content=\"Accomodatie voor groepen in de Dr\u00f4me: wandelaars, fietsers en families. B&amp;B en chambres d&#039;h\u00f4tes in een mooi berglandschap. Ideaal voor fietsen en wandelen.\" \/>\n<meta property=\"og:url\" content=\"https:\/\/pauroux.com\/nl\/groepsaccommodatie\/\" \/>\n<meta property=\"og:site_name\" content=\"Ferme de Pauroux\" \/>\n<meta property=\"article:modified_time\" content=\"2023-03-31T08:10:51+00:00\" \/>\n<meta property=\"og:image\" content=\"https:\/\/pauroux.com\/wp-content\/uploads\/2016\/12\/Rando-Foret-de-Saou-groupe.jpg\" \/>\n<meta name=\"twitter:label1\" content=\"Geschatte leestijd\" \/>\n\t<meta name=\"twitter:data1\" content=\"2 minuten\" \/>\n<script type=\"application\/ld+json\" class=\"yoast-schema-graph\">{\"@context\":\"https:\\\/\\\/schema.org\",\"@graph\":[{\"@type\":\"WebPage\",\"@id\":\"https:\\\/\\\/pauroux.com\\\/nl\\\/groepsaccommodatie\\\/\",\"url\":\"https:\\\/\\\/pauroux.com\\\/nl\\\/groepsaccommodatie\\\/\",\"name\":\"Groepen - Ferme de Pauroux Groep fietsen en wandelen in de Dr\u00f4me\",\"isPartOf\":{\"@id\":\"https:\\\/\\\/pauroux.com\\\/#website\"},\"primaryImageOfPage\":{\"@id\":\"https:\\\/\\\/pauroux.com\\\/nl\\\/groepsaccommodatie\\\/#primaryimage\"},\"image\":{\"@id\":\"https:\\\/\\\/pauroux.com\\\/nl\\\/groepsaccommodatie\\\/#primaryimage\"},\"thumbnailUrl\":\"https:\\\/\\\/pauroux.com\\\/wp-content\\\/uploads\\\/2016\\\/12\\\/Rando-Foret-de-Saou-groupe.jpg\",\"datePublished\":\"2019-01-10T14:50:11+00:00\",\"dateModified\":\"2023-03-31T08:10:51+00:00\",\"description\":\"Accomodatie voor groepen in de Dr\u00f4me: wandelaars, fietsers en families. B&B en chambres d'h\u00f4tes in een mooi berglandschap. Ideaal voor fietsen en wandelen.\",\"breadcrumb\":{\"@id\":\"https:\\\/\\\/pauroux.com\\\/nl\\\/groepsaccommodatie\\\/#breadcrumb\"},\"inLanguage\":\"nl-NL\",\"potentialAction\":[{\"@type\":\"ReadAction\",\"target\":[\"https:\\\/\\\/pauroux.com\\\/nl\\\/groepsaccommodatie\\\/\"]}]},{\"@type\":\"ImageObject\",\"inLanguage\":\"nl-NL\",\"@id\":\"https:\\\/\\\/pauroux.com\\\/nl\\\/groepsaccommodatie\\\/#primaryimage\",\"url\":\"https:\\\/\\\/pauroux.com\\\/wp-content\\\/uploads\\\/2016\\\/12\\\/Rando-Foret-de-Saou-groupe.jpg\",\"contentUrl\":\"https:\\\/\\\/pauroux.com\\\/wp-content\\\/uploads\\\/2016\\\/12\\\/Rando-Foret-de-Saou-groupe.jpg\"},{\"@type\":\"BreadcrumbList\",\"@id\":\"https:\\\/\\\/pauroux.com\\\/nl\\\/groepsaccommodatie\\\/#breadcrumb\",\"itemListElement\":[{\"@type\":\"ListItem\",\"position\":1,\"name\":\"Accueil\",\"item\":\"https:\\\/\\\/pauroux.com\\\/\"},{\"@type\":\"ListItem\",\"position\":2,\"name\":\"Groepen\"}]},{\"@type\":\"WebSite\",\"@id\":\"https:\\\/\\\/pauroux.com\\\/#website\",\"url\":\"https:\\\/\\\/pauroux.com\\\/\",\"name\":\"Ferme de Pauroux\",\"description\":\"Chambres d&#039;h\u00f4tes, Table d&#039;h\u00f4tes et G\u00eetes\",\"potentialAction\":[{\"@type\":\"SearchAction\",\"target\":{\"@type\":\"EntryPoint\",\"urlTemplate\":\"https:\\\/\\\/pauroux.com\\\/?s={search_term_string}\"},\"query-input\":{\"@type\":\"PropertyValueSpecification\",\"valueRequired\":true,\"valueName\":\"search_term_string\"}}],\"inLanguage\":\"nl-NL\"}]}<\/script>\n<!-- \/ Yoast SEO plugin. -->","yoast_head_json":{"title":"Groepen - Ferme de Pauroux Groep fietsen en wandelen in de Dr\u00f4me","description":"Accomodatie voor groepen in de Dr\u00f4me: wandelaars, fietsers en families. B&B en chambres d'h\u00f4tes in een mooi berglandschap. Ideaal voor fietsen en wandelen.","robots":{"index":"index","follow":"follow","max-snippet":"max-snippet:-1","max-image-preview":"max-image-preview:large","max-video-preview":"max-video-preview:-1"},"canonical":"https:\/\/pauroux.com\/nl\/groepsaccommodatie\/","og_locale":"nl_NL","og_type":"article","og_title":"Groepen - Ferme de Pauroux Groep fietsen en wandelen in de Dr\u00f4me","og_description":"Accomodatie voor groepen in de Dr\u00f4me: wandelaars, fietsers en families. B&B en chambres d'h\u00f4tes in een mooi berglandschap. Ideaal voor fietsen en wandelen.","og_url":"https:\/\/pauroux.com\/nl\/groepsaccommodatie\/","og_site_name":"Ferme de Pauroux","article_modified_time":"2023-03-31T08:10:51+00:00","og_image":[{"url":"https:\/\/pauroux.com\/wp-content\/uploads\/2016\/12\/Rando-Foret-de-Saou-groupe.jpg","type":"","width":"","height":""}],"twitter_misc":{"Geschatte leestijd":"2 minuten"},"schema":{"@context":"https:\/\/schema.org","@graph":[{"@type":"WebPage","@id":"https:\/\/pauroux.com\/nl\/groepsaccommodatie\/","url":"https:\/\/pauroux.com\/nl\/groepsaccommodatie\/","name":"Groepen - Ferme de Pauroux Groep fietsen en wandelen in de Dr\u00f4me","isPartOf":{"@id":"https:\/\/pauroux.com\/#website"},"primaryImageOfPage":{"@id":"https:\/\/pauroux.com\/nl\/groepsaccommodatie\/#primaryimage"},"image":{"@id":"https:\/\/pauroux.com\/nl\/groepsaccommodatie\/#primaryimage"},"thumbnailUrl":"https:\/\/pauroux.com\/wp-content\/uploads\/2016\/12\/Rando-Foret-de-Saou-groupe.jpg","datePublished":"2019-01-10T14:50:11+00:00","dateModified":"2023-03-31T08:10:51+00:00","description":"Accomodatie voor groepen in de Dr\u00f4me: wandelaars, fietsers en families. B&B en chambres d'h\u00f4tes in een mooi berglandschap. Ideaal voor fietsen en wandelen.","breadcrumb":{"@id":"https:\/\/pauroux.com\/nl\/groepsaccommodatie\/#breadcrumb"},"inLanguage":"nl-NL","potentialAction":[{"@type":"ReadAction","target":["https:\/\/pauroux.com\/nl\/groepsaccommodatie\/"]}]},{"@type":"ImageObject","inLanguage":"nl-NL","@id":"https:\/\/pauroux.com\/nl\/groepsaccommodatie\/#primaryimage","url":"https:\/\/pauroux.com\/wp-content\/uploads\/2016\/12\/Rando-Foret-de-Saou-groupe.jpg","contentUrl":"https:\/\/pauroux.com\/wp-content\/uploads\/2016\/12\/Rando-Foret-de-Saou-groupe.jpg"},{"@type":"BreadcrumbList","@id":"https:\/\/pauroux.com\/nl\/groepsaccommodatie\/#breadcrumb","itemListElement":[{"@type":"ListItem","position":1,"name":"Accueil","item":"https:\/\/pauroux.com\/"},{"@type":"ListItem","position":2,"name":"Groepen"}]},{"@type":"WebSite","@id":"https:\/\/pauroux.com\/#website","url":"https:\/\/pauroux.com\/","name":"Ferme de Pauroux","description":"Chambres d&#039;h\u00f4tes, Table d&#039;h\u00f4tes et G\u00eetes","potentialAction":[{"@type":"SearchAction","target":{"@type":"EntryPoint","urlTemplate":"https:\/\/pauroux.com\/?s={search_term_string}"},"query-input":{"@type":"PropertyValueSpecification","valueRequired":true,"valueName":"search_term_string"}}],"inLanguage":"nl-NL"}]}},"_links":{"self":[{"href":"https:\/\/pauroux.com\/nl\/wp-json\/wp\/v2\/pages\/2585","targetHints":{"allow":["GET"]}}],"collection":[{"href":"https:\/\/pauroux.com\/nl\/wp-json\/wp\/v2\/pages"}],"about":[{"href":"https:\/\/pauroux.com\/nl\/wp-json\/wp\/v2\/types\/page"}],"author":[{"embeddable":true,"href":"https:\/\/pauroux.com\/nl\/wp-json\/wp\/v2\/users\/2"}],"replies":[{"embeddable":true,"href":"https:\/\/pauroux.com\/nl\/wp-json\/wp\/v2\/comments?post=2585"}],"version-history":[{"count":4,"href":"https:\/\/pauroux.com\/nl\/wp-json\/wp\/v2\/pages\/2585\/revisions"}],"predecessor-version":[{"id":3540,"href":"https:\/\/pauroux.com\/nl\/wp-json\/wp\/v2\/pages\/2585\/revisions\/3540"}],"wp:attachment":[{"href":"https:\/\/pauroux.com\/nl\/wp-json\/wp\/v2\/media?parent=2585"}],"curies":[{"name":"wp","href":"https:\/\/api.w.org\/{rel}","templated":true}]}}