{"id":3583,"date":"2021-02-18T18:19:29","date_gmt":"2021-02-18T16:19:29","guid":{"rendered":"https:\/\/pauroux.com\/?page_id=3583"},"modified":"2023-03-31T10:11:09","modified_gmt":"2023-03-31T08:11:09","slug":"passdrome","status":"publish","type":"page","link":"https:\/\/pauroux.com\/nl\/passdrome\/","title":{"rendered":"Pass&#8217;Dr\u00f4me"},"content":{"rendered":"<h3 style=\"text-align: center;\">50 euro of 150 euro korting met de Pass&#8217;Dr\u00f4me<\/h3>\n<p style=\"text-align: center;\">(te gebruiken tot 30 september 2021 voor een reservering die gemaakt is voor 30 juni 2021)<\/p>\n<h5><strong>ZE ZIJN GEMAKKELIJK TE VERKRIJGEN:<\/strong><\/h5>\n<p>1 \u2013 <strong>U maakt een reservering via onze website of via de mail<\/strong><\/p>\n<p>U ontvangt dan voor 1 of 2 overnachtingen 1 Pass\u2019Dr\u00f4me ter waarde van \u20ac 50 en 3 Pass\u2019Dr\u00f4me (ofwel \u20ac 150 aan waardebonnen) voor 3 opeenvolgende overnachtingen en meer. (Pas op u kunt slechts \u00e9\u00e9n Pass&#8217;Dr\u00f4me \u00e0 50 euros gebruiken per aanbieder, dus heb je er drie dan kan je er \u00e9\u00e9n bij ons inleveren)<\/p>\n<p>2 \u2013 U ontvangt als u online reserveert automatisch uw Pass\u2019Dr\u00f4me per mail, of op vertoon van een reserveringsbevestiging via het e-mailadres <a href=\"https:\/\/webmail1j.orange.fr\/webmail\/fr_FR\/read.html?FOLDER=SF_INBOX&amp;IDMSG=104376&amp;check=&amp;SORTBY=1\"><strong>passdrome@drome-cestmanature.fr<\/strong><\/a>.<\/p>\n<p>De Pass\u2019Dr\u00f4me krijgt u als u rechtstreeks reserveert bij ons en de reserveringsbevestiging (met vermelding van uw voor- en achternaam, adres, postcode en gemeente, e-mailadres en telefoonnummer) en een adresbewijs stuurt naar <a href=\"https:\/\/webmail1j.orange.fr\/webmail\/fr_FR\/read.html?FOLDER=SF_INBOX&amp;IDMSG=104376&amp;check=&amp;SORTBY=1\"><strong>passdrome@drome-cestmanature.fr<\/strong><\/a>.<\/p>\n<p>3 \u2013<strong> U gebruikt uw Pass\u2019Dr\u00f4me voor (een deel van) uw uitgaven bij deelnemende partners van de actie Pass\u2019Dr\u00f4me:<\/strong><\/p>\n<ul>\n<li><strong>culturele, sportieve en recreatieve activiteiten, restaurants, boerderijen en ambachten,<\/strong><\/li>\n<li><strong>accommodaties\u2026<\/strong><\/li>\n<\/ul>\n<p>Lijst met deelnemende partners op<a href=\"http:\/\/drome-cestmanature.fr\"> drome-cestmanature.fr<\/a><\/p>\n","protected":false},"excerpt":{"rendered":"<p>50 euro of 150 euro korting met de Pass&#8217;Dr\u00f4me (te gebruiken tot 30 september 2021 voor een reservering die gemaakt is voor 30 juni 2021) ZE ZIJN GEMAKKELIJK TE VERKRIJGEN: 1 \u2013 U maakt een reservering via onze website of via de mail U ontvangt dan voor 1 of 2 overnachtingen 1 Pass\u2019Dr\u00f4me ter waarde [&hellip;]<\/p>\n","protected":false},"author":2,"featured_media":0,"parent":0,"menu_order":0,"comment_status":"closed","ping_status":"closed","template":"page-full.php","meta":{"footnotes":""},"class_list":["post-3583","page","type-page","status-publish","hentry"],"yoast_head":"<!-- This site is optimized with the Yoast SEO plugin v27.5 - https:\/\/yoast.com\/product\/yoast-seo-wordpress\/ -->\n<title>Pass&#039;Dr\u00f4me - Ferme de Pauroux<\/title>\n<meta name=\"robots\" content=\"index, follow, max-snippet:-1, max-image-preview:large, max-video-preview:-1\" \/>\n<link rel=\"canonical\" href=\"https:\/\/pauroux.com\/nl\/passdrome\/\" \/>\n<meta property=\"og:locale\" content=\"nl_NL\" \/>\n<meta property=\"og:type\" content=\"article\" \/>\n<meta property=\"og:title\" content=\"Pass&#039;Dr\u00f4me - Ferme de Pauroux\" \/>\n<meta property=\"og:description\" content=\"50 euro of 150 euro korting met de Pass&#8217;Dr\u00f4me (te gebruiken tot 30 september 2021 voor een reservering die gemaakt is voor 30 juni 2021) ZE ZIJN GEMAKKELIJK TE VERKRIJGEN: 1 \u2013 U maakt een reservering via onze website of via de mail U ontvangt dan voor 1 of 2 overnachtingen 1 Pass\u2019Dr\u00f4me ter waarde [&hellip;]\" \/>\n<meta property=\"og:url\" content=\"https:\/\/pauroux.com\/nl\/passdrome\/\" \/>\n<meta property=\"og:site_name\" content=\"Ferme de Pauroux\" \/>\n<meta property=\"article:modified_time\" content=\"2023-03-31T08:11:09+00:00\" \/>\n<meta name=\"twitter:label1\" content=\"Geschatte leestijd\" \/>\n\t<meta name=\"twitter:data1\" content=\"1 minuut\" \/>\n<script type=\"application\/ld+json\" class=\"yoast-schema-graph\">{\"@context\":\"https:\\\/\\\/schema.org\",\"@graph\":[{\"@type\":\"WebPage\",\"@id\":\"https:\\\/\\\/pauroux.com\\\/nl\\\/passdrome\\\/\",\"url\":\"https:\\\/\\\/pauroux.com\\\/nl\\\/passdrome\\\/\",\"name\":\"Pass'Dr\u00f4me - Ferme de Pauroux\",\"isPartOf\":{\"@id\":\"https:\\\/\\\/pauroux.com\\\/#website\"},\"datePublished\":\"2021-02-18T16:19:29+00:00\",\"dateModified\":\"2023-03-31T08:11:09+00:00\",\"breadcrumb\":{\"@id\":\"https:\\\/\\\/pauroux.com\\\/nl\\\/passdrome\\\/#breadcrumb\"},\"inLanguage\":\"nl-NL\",\"potentialAction\":[{\"@type\":\"ReadAction\",\"target\":[\"https:\\\/\\\/pauroux.com\\\/nl\\\/passdrome\\\/\"]}]},{\"@type\":\"BreadcrumbList\",\"@id\":\"https:\\\/\\\/pauroux.com\\\/nl\\\/passdrome\\\/#breadcrumb\",\"itemListElement\":[{\"@type\":\"ListItem\",\"position\":1,\"name\":\"Accueil\",\"item\":\"https:\\\/\\\/pauroux.com\\\/\"},{\"@type\":\"ListItem\",\"position\":2,\"name\":\"Pass&#8217;Dr\u00f4me\"}]},{\"@type\":\"WebSite\",\"@id\":\"https:\\\/\\\/pauroux.com\\\/#website\",\"url\":\"https:\\\/\\\/pauroux.com\\\/\",\"name\":\"Ferme de Pauroux\",\"description\":\"Chambres d&#039;h\u00f4tes, Table d&#039;h\u00f4tes et G\u00eetes\",\"potentialAction\":[{\"@type\":\"SearchAction\",\"target\":{\"@type\":\"EntryPoint\",\"urlTemplate\":\"https:\\\/\\\/pauroux.com\\\/?s={search_term_string}\"},\"query-input\":{\"@type\":\"PropertyValueSpecification\",\"valueRequired\":true,\"valueName\":\"search_term_string\"}}],\"inLanguage\":\"nl-NL\"}]}<\/script>\n<!-- \/ Yoast SEO plugin. -->","yoast_head_json":{"title":"Pass'Dr\u00f4me - Ferme de Pauroux","robots":{"index":"index","follow":"follow","max-snippet":"max-snippet:-1","max-image-preview":"max-image-preview:large","max-video-preview":"max-video-preview:-1"},"canonical":"https:\/\/pauroux.com\/nl\/passdrome\/","og_locale":"nl_NL","og_type":"article","og_title":"Pass'Dr\u00f4me - Ferme de Pauroux","og_description":"50 euro of 150 euro korting met de Pass&#8217;Dr\u00f4me (te gebruiken tot 30 september 2021 voor een reservering die gemaakt is voor 30 juni 2021) ZE ZIJN GEMAKKELIJK TE VERKRIJGEN: 1 \u2013 U maakt een reservering via onze website of via de mail U ontvangt dan voor 1 of 2 overnachtingen 1 Pass\u2019Dr\u00f4me ter waarde [&hellip;]","og_url":"https:\/\/pauroux.com\/nl\/passdrome\/","og_site_name":"Ferme de Pauroux","article_modified_time":"2023-03-31T08:11:09+00:00","twitter_misc":{"Geschatte leestijd":"1 minuut"},"schema":{"@context":"https:\/\/schema.org","@graph":[{"@type":"WebPage","@id":"https:\/\/pauroux.com\/nl\/passdrome\/","url":"https:\/\/pauroux.com\/nl\/passdrome\/","name":"Pass'Dr\u00f4me - Ferme de Pauroux","isPartOf":{"@id":"https:\/\/pauroux.com\/#website"},"datePublished":"2021-02-18T16:19:29+00:00","dateModified":"2023-03-31T08:11:09+00:00","breadcrumb":{"@id":"https:\/\/pauroux.com\/nl\/passdrome\/#breadcrumb"},"inLanguage":"nl-NL","potentialAction":[{"@type":"ReadAction","target":["https:\/\/pauroux.com\/nl\/passdrome\/"]}]},{"@type":"BreadcrumbList","@id":"https:\/\/pauroux.com\/nl\/passdrome\/#breadcrumb","itemListElement":[{"@type":"ListItem","position":1,"name":"Accueil","item":"https:\/\/pauroux.com\/"},{"@type":"ListItem","position":2,"name":"Pass&#8217;Dr\u00f4me"}]},{"@type":"WebSite","@id":"https:\/\/pauroux.com\/#website","url":"https:\/\/pauroux.com\/","name":"Ferme de Pauroux","description":"Chambres d&#039;h\u00f4tes, Table d&#039;h\u00f4tes et G\u00eetes","potentialAction":[{"@type":"SearchAction","target":{"@type":"EntryPoint","urlTemplate":"https:\/\/pauroux.com\/?s={search_term_string}"},"query-input":{"@type":"PropertyValueSpecification","valueRequired":true,"valueName":"search_term_string"}}],"inLanguage":"nl-NL"}]}},"_links":{"self":[{"href":"https:\/\/pauroux.com\/nl\/wp-json\/wp\/v2\/pages\/3583","targetHints":{"allow":["GET"]}}],"collection":[{"href":"https:\/\/pauroux.com\/nl\/wp-json\/wp\/v2\/pages"}],"about":[{"href":"https:\/\/pauroux.com\/nl\/wp-json\/wp\/v2\/types\/page"}],"author":[{"embeddable":true,"href":"https:\/\/pauroux.com\/nl\/wp-json\/wp\/v2\/users\/2"}],"replies":[{"embeddable":true,"href":"https:\/\/pauroux.com\/nl\/wp-json\/wp\/v2\/comments?post=3583"}],"version-history":[{"count":3,"href":"https:\/\/pauroux.com\/nl\/wp-json\/wp\/v2\/pages\/3583\/revisions"}],"predecessor-version":[{"id":3609,"href":"https:\/\/pauroux.com\/nl\/wp-json\/wp\/v2\/pages\/3583\/revisions\/3609"}],"wp:attachment":[{"href":"https:\/\/pauroux.com\/nl\/wp-json\/wp\/v2\/media?parent=3583"}],"curies":[{"name":"wp","href":"https:\/\/api.w.org\/{rel}","templated":true}]}}