{"id":56,"date":"2014-01-30T12:38:09","date_gmt":"2014-01-30T12:38:09","guid":{"rendered":"https:\/\/pauroux.com\/?page_id=56"},"modified":"2024-11-02T17:25:11","modified_gmt":"2024-11-02T16:25:11","slug":"diner-drome","status":"publish","type":"page","link":"https:\/\/pauroux.com\/nl\/diner-drome\/","title":{"rendered":"Diner in de Dr\u00f4me"},"content":{"rendered":"<div id=\"attachment_289\" style=\"width: 310px\" class=\"wp-caption alignleft\"><a href=\"https:\/\/pauroux.com\/wp-content\/uploads\/2014\/01\/Chambres_dhotes_Nel_en_Wim_2006.jpg\" rel=\"lightbox[56]\"><img loading=\"lazy\" decoding=\"async\" aria-describedby=\"caption-attachment-289\" class=\"size-medium wp-image-289 \" src=\"https:\/\/pauroux.com\/wp-content\/uploads\/2014\/01\/Chambres_dhotes_Nel_en_Wim_2006-300x225.jpg\" alt=\"Diner in de Dr\u00f4me\" width=\"300\" height=\"225\" srcset=\"https:\/\/pauroux.com\/wp-content\/uploads\/2014\/01\/Chambres_dhotes_Nel_en_Wim_2006-300x225.jpg 300w, https:\/\/pauroux.com\/wp-content\/uploads\/2014\/01\/Chambres_dhotes_Nel_en_Wim_2006-160x120.jpg 160w, https:\/\/pauroux.com\/wp-content\/uploads\/2014\/01\/Chambres_dhotes_Nel_en_Wim_2006.jpg 640w\" sizes=\"auto, (max-width: 300px) 100vw, 300px\" \/><\/a><p id=\"caption-attachment-289\" class=\"wp-caption-text\">.<\/p><\/div>\n<p><strong>Wij serveren vanaf 2025 alleen nog table d&#8217;h\u00f4te voor groepsreserveringen vanaf 8 personen. U kunt wel warme of koude schotel aanvragen (graag vooraf reserveren). <\/strong>Indien vooraf gereserveerd, serveren we voor groepen een\u00a0 3-gangen diner\u00a0 (30 euro inclusief wijn en koffie). We eten zoveel mogelijk buiten op de sfeervolle binnenplaats van onze chambres d&#8217;h\u00f4tes en bij minder weer in de nostalgische eetkamer. .<\/p>\n<div id=\"attachment_290\" style=\"width: 145px\" class=\"wp-caption alignright\"><a href=\"https:\/\/pauroux.com\/wp-content\/uploads\/2014\/01\/eetzaal.jpg\" rel=\"lightbox[56]\"><img loading=\"lazy\" decoding=\"async\" aria-describedby=\"caption-attachment-290\" class=\" wp-image-290 \" src=\"https:\/\/pauroux.com\/wp-content\/uploads\/2014\/01\/eetzaal-225x300.jpg\" alt=\"Diner in de Dr\u00f4me\" width=\"135\" height=\"180\" srcset=\"https:\/\/pauroux.com\/wp-content\/uploads\/2014\/01\/eetzaal-225x300.jpg 225w, https:\/\/pauroux.com\/wp-content\/uploads\/2014\/01\/eetzaal.jpg 384w\" sizes=\"auto, (max-width: 135px) 100vw, 135px\" \/><\/a><p id=\"caption-attachment-290\" class=\"wp-caption-text\">.<\/p><\/div>\n<p>Bij ons krijgt u dus de echte Franse keuken en regionale specialiteiten voorgeschoteld. Zie hieronder een paar menuvoorbeelden. We maken hierbij zoveel mogelijk gebruik van groente en fruit uit onze eigen moestuin en producten van de boerderijen uit de omgeving.<\/p>\n<p>Voor kinderen tot 15 jaar die het menu mee eten zijn de kosten 14 euro.<\/p>\n<p><span style=\"color: #000000;\">We houden graag rekening met dieet-wensen, intolerantie en allergie\u00ebn en stellen het bijzonder op prijs als u ons dat voor aankomst laat weten.<\/span><\/p>\n<h3>Enkele foto&#8217;s van onze Table d&#8217;hotes:<\/h3>\n<p><code><\/code><\/p>\n\n\t\t<style type=\"text\/css\">\n\t\t\t#gallery-1 {\n\t\t\t\tmargin: auto;\n\t\t\t}\n\t\t\t#gallery-1 .gallery-item {\n\t\t\t\tfloat: left;\n\t\t\t\tmargin-top: 10px;\n\t\t\t\ttext-align: center;\n\t\t\t\twidth: 33%;\n\t\t\t}\n\t\t\t#gallery-1 img {\n\t\t\t\tborder: 2px solid #cfcfcf;\n\t\t\t}\n\t\t\t#gallery-1 .gallery-caption {\n\t\t\t\tmargin-left: 0;\n\t\t\t}\n\t\t\t\/* see gallery_shortcode() in wp-includes\/media.php *\/\n\t\t<\/style>\n\t\t<div id='gallery-1' class='gallery galleryid-56 gallery-columns-3 gallery-size-thumbnail'><dl class='gallery-item'>\n\t\t\t<dt class='gallery-icon landscape'>\n\t\t\t\t<img loading=\"lazy\" decoding=\"async\" width=\"150\" height=\"150\" src=\"https:\/\/pauroux.com\/wp-content\/uploads\/2014\/01\/IMG_3523-150x150.jpg\" class=\"attachment-thumbnail size-thumbnail\" alt=\"\" srcset=\"https:\/\/pauroux.com\/wp-content\/uploads\/2014\/01\/IMG_3523-150x150.jpg 150w, https:\/\/pauroux.com\/wp-content\/uploads\/2014\/01\/IMG_3523-48x48.jpg 48w, https:\/\/pauroux.com\/wp-content\/uploads\/2014\/01\/IMG_3523-186x186.jpg 186w, https:\/\/pauroux.com\/wp-content\/uploads\/2014\/01\/IMG_3523-184x184.jpg 184w\" sizes=\"auto, (max-width: 150px) 100vw, 150px\" \/>\n\t\t\t<\/dt><\/dl><dl class='gallery-item'>\n\t\t\t<dt class='gallery-icon landscape'>\n\t\t\t\t<img loading=\"lazy\" decoding=\"async\" width=\"150\" height=\"150\" src=\"https:\/\/pauroux.com\/wp-content\/uploads\/2014\/01\/RIMG1528-150x150.jpg\" class=\"attachment-thumbnail size-thumbnail\" alt=\"\" srcset=\"https:\/\/pauroux.com\/wp-content\/uploads\/2014\/01\/RIMG1528-150x150.jpg 150w, https:\/\/pauroux.com\/wp-content\/uploads\/2014\/01\/RIMG1528-48x48.jpg 48w, https:\/\/pauroux.com\/wp-content\/uploads\/2014\/01\/RIMG1528-186x186.jpg 186w, https:\/\/pauroux.com\/wp-content\/uploads\/2014\/01\/RIMG1528-184x184.jpg 184w\" sizes=\"auto, (max-width: 150px) 100vw, 150px\" \/>\n\t\t\t<\/dt><\/dl><dl class='gallery-item'>\n\t\t\t<dt class='gallery-icon portrait'>\n\t\t\t\t<img loading=\"lazy\" decoding=\"async\" width=\"150\" height=\"150\" src=\"https:\/\/pauroux.com\/wp-content\/uploads\/2014\/01\/IMG_1801-150x150.jpg\" class=\"attachment-thumbnail size-thumbnail\" alt=\"\" srcset=\"https:\/\/pauroux.com\/wp-content\/uploads\/2014\/01\/IMG_1801-150x150.jpg 150w, https:\/\/pauroux.com\/wp-content\/uploads\/2014\/01\/IMG_1801-48x48.jpg 48w, https:\/\/pauroux.com\/wp-content\/uploads\/2014\/01\/IMG_1801-186x186.jpg 186w, https:\/\/pauroux.com\/wp-content\/uploads\/2014\/01\/IMG_1801-184x184.jpg 184w\" sizes=\"auto, (max-width: 150px) 100vw, 150px\" \/>\n\t\t\t<\/dt><\/dl><br style=\"clear: both\" \/><dl class='gallery-item'>\n\t\t\t<dt class='gallery-icon landscape'>\n\t\t\t\t<img loading=\"lazy\" decoding=\"async\" width=\"150\" height=\"150\" src=\"https:\/\/pauroux.com\/wp-content\/uploads\/2014\/01\/gratin-de-figues-150x150.jpg\" class=\"attachment-thumbnail size-thumbnail\" alt=\"\" srcset=\"https:\/\/pauroux.com\/wp-content\/uploads\/2014\/01\/gratin-de-figues-150x150.jpg 150w, https:\/\/pauroux.com\/wp-content\/uploads\/2014\/01\/gratin-de-figues-48x48.jpg 48w, https:\/\/pauroux.com\/wp-content\/uploads\/2014\/01\/gratin-de-figues-186x186.jpg 186w, https:\/\/pauroux.com\/wp-content\/uploads\/2014\/01\/gratin-de-figues-184x184.jpg 184w\" sizes=\"auto, (max-width: 150px) 100vw, 150px\" \/>\n\t\t\t<\/dt><\/dl><dl class='gallery-item'>\n\t\t\t<dt class='gallery-icon landscape'>\n\t\t\t\t<img loading=\"lazy\" decoding=\"async\" width=\"150\" height=\"150\" src=\"https:\/\/pauroux.com\/wp-content\/uploads\/2014\/01\/feuil-regal-de-pauroux-150x150.jpg\" class=\"attachment-thumbnail size-thumbnail\" alt=\"\" srcset=\"https:\/\/pauroux.com\/wp-content\/uploads\/2014\/01\/feuil-regal-de-pauroux-150x150.jpg 150w, https:\/\/pauroux.com\/wp-content\/uploads\/2014\/01\/feuil-regal-de-pauroux-48x48.jpg 48w, https:\/\/pauroux.com\/wp-content\/uploads\/2014\/01\/feuil-regal-de-pauroux-186x186.jpg 186w, https:\/\/pauroux.com\/wp-content\/uploads\/2014\/01\/feuil-regal-de-pauroux-184x184.jpg 184w\" sizes=\"auto, (max-width: 150px) 100vw, 150px\" \/>\n\t\t\t<\/dt><\/dl><dl class='gallery-item'>\n\t\t\t<dt class='gallery-icon landscape'>\n\t\t\t\t<img loading=\"lazy\" decoding=\"async\" width=\"150\" height=\"150\" src=\"https:\/\/pauroux.com\/wp-content\/uploads\/2014\/01\/table-d-hotes-chambres-drome-150x150.jpg\" class=\"attachment-thumbnail size-thumbnail\" alt=\"Table d&#039;h\u00f4tes in de Dr\u00f4me\" srcset=\"https:\/\/pauroux.com\/wp-content\/uploads\/2014\/01\/table-d-hotes-chambres-drome-150x150.jpg 150w, https:\/\/pauroux.com\/wp-content\/uploads\/2014\/01\/table-d-hotes-chambres-drome-48x48.jpg 48w\" sizes=\"auto, (max-width: 150px) 100vw, 150px\" \/>\n\t\t\t<\/dt><\/dl><br style=\"clear: both\" \/>\n\t\t<\/div>\n\n<p><code><\/code><\/p>\n","protected":false},"excerpt":{"rendered":"<p>Wij serveren vanaf 2025 alleen nog table d&#8217;h\u00f4te voor groepsreserveringen vanaf 8 personen. U kunt wel warme of koude schotel aanvragen (graag vooraf reserveren). Indien vooraf gereserveerd, serveren we voor groepen een\u00a0 3-gangen diner\u00a0 (30 euro inclusief wijn en koffie). We eten zoveel mogelijk buiten op de sfeervolle binnenplaats van onze chambres d&#8217;h\u00f4tes en bij [&hellip;]<\/p>\n","protected":false},"author":2,"featured_media":0,"parent":0,"menu_order":0,"comment_status":"closed","ping_status":"open","template":"page-full.php","meta":{"footnotes":""},"class_list":["post-56","page","type-page","status-publish","hentry"],"yoast_head":"<!-- This site is optimized with the Yoast SEO plugin v27.5 - https:\/\/yoast.com\/product\/yoast-seo-wordpress\/ -->\n<title>Diner in de Dr\u00f4me bij B&amp;B en Chambres d&#039; h\u00f4tes la ferme de Pauroux<\/title>\n<meta name=\"description\" content=\"Vijf keer per week serveren wij in onze B&amp;B en Chambres d&#039;h\u00f4tes met plezier ons 4-gangen diner in de Dr\u00f4me. In Frankrijk table d\u2019h\u00f4tes genoemd. Heerlijk eten en overnachten in de Dr\u00f4me\" \/>\n<meta name=\"robots\" content=\"index, follow, max-snippet:-1, max-image-preview:large, max-video-preview:-1\" \/>\n<link rel=\"canonical\" href=\"https:\/\/pauroux.com\/nl\/diner-drome\/\" \/>\n<meta property=\"og:locale\" content=\"nl_NL\" \/>\n<meta property=\"og:type\" content=\"article\" \/>\n<meta property=\"og:title\" content=\"Diner in de Dr\u00f4me bij B&amp;B en Chambres d&#039; h\u00f4tes la ferme de Pauroux\" \/>\n<meta property=\"og:description\" content=\"Vijf keer per week serveren wij in onze B&amp;B en Chambres d&#039;h\u00f4tes met plezier ons 4-gangen diner in de Dr\u00f4me. In Frankrijk table d\u2019h\u00f4tes genoemd. Heerlijk eten en overnachten in de Dr\u00f4me\" \/>\n<meta property=\"og:url\" content=\"https:\/\/pauroux.com\/nl\/diner-drome\/\" \/>\n<meta property=\"og:site_name\" content=\"Ferme de Pauroux\" \/>\n<meta property=\"article:modified_time\" content=\"2024-11-02T16:25:11+00:00\" \/>\n<meta property=\"og:image\" content=\"https:\/\/pauroux.com\/wp-content\/uploads\/2014\/01\/IMG_3523-150x150.jpg\" \/>\n<meta name=\"twitter:label1\" content=\"Geschatte leestijd\" \/>\n\t<meta name=\"twitter:data1\" content=\"2 minuten\" \/>\n<script type=\"application\/ld+json\" class=\"yoast-schema-graph\">{\"@context\":\"https:\\\/\\\/schema.org\",\"@graph\":[{\"@type\":\"WebPage\",\"@id\":\"https:\\\/\\\/pauroux.com\\\/nl\\\/diner-drome\\\/\",\"url\":\"https:\\\/\\\/pauroux.com\\\/nl\\\/diner-drome\\\/\",\"name\":\"Diner in de Dr\u00f4me bij B&B en Chambres d' h\u00f4tes la ferme de Pauroux\",\"isPartOf\":{\"@id\":\"https:\\\/\\\/pauroux.com\\\/#website\"},\"primaryImageOfPage\":{\"@id\":\"https:\\\/\\\/pauroux.com\\\/nl\\\/diner-drome\\\/#primaryimage\"},\"image\":{\"@id\":\"https:\\\/\\\/pauroux.com\\\/nl\\\/diner-drome\\\/#primaryimage\"},\"thumbnailUrl\":\"https:\\\/\\\/pauroux.com\\\/wp-content\\\/uploads\\\/2014\\\/01\\\/Chambres_dhotes_Nel_en_Wim_2006-300x225.jpg\",\"datePublished\":\"2014-01-30T12:38:09+00:00\",\"dateModified\":\"2024-11-02T16:25:11+00:00\",\"description\":\"Vijf keer per week serveren wij in onze B&B en Chambres d'h\u00f4tes met plezier ons 4-gangen diner in de Dr\u00f4me. In Frankrijk table d\u2019h\u00f4tes genoemd. Heerlijk eten en overnachten in de Dr\u00f4me\",\"breadcrumb\":{\"@id\":\"https:\\\/\\\/pauroux.com\\\/nl\\\/diner-drome\\\/#breadcrumb\"},\"inLanguage\":\"nl-NL\",\"potentialAction\":[{\"@type\":\"ReadAction\",\"target\":[\"https:\\\/\\\/pauroux.com\\\/nl\\\/diner-drome\\\/\"]}]},{\"@type\":\"ImageObject\",\"inLanguage\":\"nl-NL\",\"@id\":\"https:\\\/\\\/pauroux.com\\\/nl\\\/diner-drome\\\/#primaryimage\",\"url\":\"https:\\\/\\\/pauroux.com\\\/wp-content\\\/uploads\\\/2014\\\/01\\\/Chambres_dhotes_Nel_en_Wim_2006-300x225.jpg\",\"contentUrl\":\"https:\\\/\\\/pauroux.com\\\/wp-content\\\/uploads\\\/2014\\\/01\\\/Chambres_dhotes_Nel_en_Wim_2006-300x225.jpg\"},{\"@type\":\"BreadcrumbList\",\"@id\":\"https:\\\/\\\/pauroux.com\\\/nl\\\/diner-drome\\\/#breadcrumb\",\"itemListElement\":[{\"@type\":\"ListItem\",\"position\":1,\"name\":\"Accueil\",\"item\":\"https:\\\/\\\/pauroux.com\\\/\"},{\"@type\":\"ListItem\",\"position\":2,\"name\":\"Diner in de Dr\u00f4me\"}]},{\"@type\":\"WebSite\",\"@id\":\"https:\\\/\\\/pauroux.com\\\/#website\",\"url\":\"https:\\\/\\\/pauroux.com\\\/\",\"name\":\"Ferme de Pauroux\",\"description\":\"Chambres d&#039;h\u00f4tes, Table d&#039;h\u00f4tes et G\u00eetes\",\"potentialAction\":[{\"@type\":\"SearchAction\",\"target\":{\"@type\":\"EntryPoint\",\"urlTemplate\":\"https:\\\/\\\/pauroux.com\\\/?s={search_term_string}\"},\"query-input\":{\"@type\":\"PropertyValueSpecification\",\"valueRequired\":true,\"valueName\":\"search_term_string\"}}],\"inLanguage\":\"nl-NL\"}]}<\/script>\n<!-- \/ Yoast SEO plugin. -->","yoast_head_json":{"title":"Diner in de Dr\u00f4me bij B&B en Chambres d' h\u00f4tes la ferme de Pauroux","description":"Vijf keer per week serveren wij in onze B&B en Chambres d'h\u00f4tes met plezier ons 4-gangen diner in de Dr\u00f4me. In Frankrijk table d\u2019h\u00f4tes genoemd. Heerlijk eten en overnachten in de Dr\u00f4me","robots":{"index":"index","follow":"follow","max-snippet":"max-snippet:-1","max-image-preview":"max-image-preview:large","max-video-preview":"max-video-preview:-1"},"canonical":"https:\/\/pauroux.com\/nl\/diner-drome\/","og_locale":"nl_NL","og_type":"article","og_title":"Diner in de Dr\u00f4me bij B&B en Chambres d' h\u00f4tes la ferme de Pauroux","og_description":"Vijf keer per week serveren wij in onze B&B en Chambres d'h\u00f4tes met plezier ons 4-gangen diner in de Dr\u00f4me. In Frankrijk table d\u2019h\u00f4tes genoemd. Heerlijk eten en overnachten in de Dr\u00f4me","og_url":"https:\/\/pauroux.com\/nl\/diner-drome\/","og_site_name":"Ferme de Pauroux","article_modified_time":"2024-11-02T16:25:11+00:00","og_image":[{"url":"https:\/\/pauroux.com\/wp-content\/uploads\/2014\/01\/IMG_3523-150x150.jpg","type":"","width":"","height":""}],"twitter_misc":{"Geschatte leestijd":"2 minuten"},"schema":{"@context":"https:\/\/schema.org","@graph":[{"@type":"WebPage","@id":"https:\/\/pauroux.com\/nl\/diner-drome\/","url":"https:\/\/pauroux.com\/nl\/diner-drome\/","name":"Diner in de Dr\u00f4me bij B&B en Chambres d' h\u00f4tes la ferme de Pauroux","isPartOf":{"@id":"https:\/\/pauroux.com\/#website"},"primaryImageOfPage":{"@id":"https:\/\/pauroux.com\/nl\/diner-drome\/#primaryimage"},"image":{"@id":"https:\/\/pauroux.com\/nl\/diner-drome\/#primaryimage"},"thumbnailUrl":"https:\/\/pauroux.com\/wp-content\/uploads\/2014\/01\/Chambres_dhotes_Nel_en_Wim_2006-300x225.jpg","datePublished":"2014-01-30T12:38:09+00:00","dateModified":"2024-11-02T16:25:11+00:00","description":"Vijf keer per week serveren wij in onze B&B en Chambres d'h\u00f4tes met plezier ons 4-gangen diner in de Dr\u00f4me. In Frankrijk table d\u2019h\u00f4tes genoemd. Heerlijk eten en overnachten in de Dr\u00f4me","breadcrumb":{"@id":"https:\/\/pauroux.com\/nl\/diner-drome\/#breadcrumb"},"inLanguage":"nl-NL","potentialAction":[{"@type":"ReadAction","target":["https:\/\/pauroux.com\/nl\/diner-drome\/"]}]},{"@type":"ImageObject","inLanguage":"nl-NL","@id":"https:\/\/pauroux.com\/nl\/diner-drome\/#primaryimage","url":"https:\/\/pauroux.com\/wp-content\/uploads\/2014\/01\/Chambres_dhotes_Nel_en_Wim_2006-300x225.jpg","contentUrl":"https:\/\/pauroux.com\/wp-content\/uploads\/2014\/01\/Chambres_dhotes_Nel_en_Wim_2006-300x225.jpg"},{"@type":"BreadcrumbList","@id":"https:\/\/pauroux.com\/nl\/diner-drome\/#breadcrumb","itemListElement":[{"@type":"ListItem","position":1,"name":"Accueil","item":"https:\/\/pauroux.com\/"},{"@type":"ListItem","position":2,"name":"Diner in de Dr\u00f4me"}]},{"@type":"WebSite","@id":"https:\/\/pauroux.com\/#website","url":"https:\/\/pauroux.com\/","name":"Ferme de Pauroux","description":"Chambres d&#039;h\u00f4tes, Table d&#039;h\u00f4tes et G\u00eetes","potentialAction":[{"@type":"SearchAction","target":{"@type":"EntryPoint","urlTemplate":"https:\/\/pauroux.com\/?s={search_term_string}"},"query-input":{"@type":"PropertyValueSpecification","valueRequired":true,"valueName":"search_term_string"}}],"inLanguage":"nl-NL"}]}},"_links":{"self":[{"href":"https:\/\/pauroux.com\/nl\/wp-json\/wp\/v2\/pages\/56","targetHints":{"allow":["GET"]}}],"collection":[{"href":"https:\/\/pauroux.com\/nl\/wp-json\/wp\/v2\/pages"}],"about":[{"href":"https:\/\/pauroux.com\/nl\/wp-json\/wp\/v2\/types\/page"}],"author":[{"embeddable":true,"href":"https:\/\/pauroux.com\/nl\/wp-json\/wp\/v2\/users\/2"}],"replies":[{"embeddable":true,"href":"https:\/\/pauroux.com\/nl\/wp-json\/wp\/v2\/comments?post=56"}],"version-history":[{"count":5,"href":"https:\/\/pauroux.com\/nl\/wp-json\/wp\/v2\/pages\/56\/revisions"}],"predecessor-version":[{"id":3986,"href":"https:\/\/pauroux.com\/nl\/wp-json\/wp\/v2\/pages\/56\/revisions\/3986"}],"wp:attachment":[{"href":"https:\/\/pauroux.com\/nl\/wp-json\/wp\/v2\/media?parent=56"}],"curies":[{"name":"wp","href":"https:\/\/api.w.org\/{rel}","templated":true}]}}