{"id":689,"date":"2014-02-24T08:21:20","date_gmt":"2014-02-24T08:21:20","guid":{"rendered":"https:\/\/pauroux.com\/?page_id=689"},"modified":"2023-03-31T10:11:13","modified_gmt":"2023-03-31T08:11:13","slug":"video","status":"publish","type":"page","link":"https:\/\/pauroux.com\/nl\/video\/","title":{"rendered":"Video"},"content":{"rendered":"<p>Onderstaande video geeft een leuk beeld van onze chambres d&#8217;h\u00f4tes en de omgeving van de Dr\u00f4me. De video is gemaakt door Rh\u00f4ne Alpes TV (en is in het Frans) ter promotie van onze activiteit Geocaching.<br class=\"none\" \/><br \/>\n<br class=\"none\" \/><br \/>\n<iframe loading=\"lazy\" src=\"\/\/www.youtube.com\/embed\/3dHjSsBN4xQ\" height=\"480\" width=\"640\" allowfullscreen=\"\" frameborder=\"0\"><\/iframe><\/p>\n","protected":false},"excerpt":{"rendered":"<p>Onderstaande video geeft een leuk beeld van onze chambres d&#8217;h\u00f4tes en de omgeving van de Dr\u00f4me. De video is gemaakt door Rh\u00f4ne Alpes TV (en is in het Frans) ter promotie van onze activiteit Geocaching.<\/p>\n","protected":false},"author":2,"featured_media":0,"parent":0,"menu_order":0,"comment_status":"closed","ping_status":"closed","template":"page-full.php","meta":{"footnotes":""},"class_list":["post-689","page","type-page","status-publish","hentry"],"yoast_head":"<!-- This site is optimized with the Yoast SEO plugin v27.5 - https:\/\/yoast.com\/product\/yoast-seo-wordpress\/ -->\n<title>Video - Ferme de Pauroux<\/title>\n<meta name=\"description\" content=\"Video van chambres d&#039;h\u00f4tes la Ferme de Pauroux in de Dr\u00f4me met de activiteit Geocaching\" \/>\n<meta name=\"robots\" content=\"index, follow, max-snippet:-1, max-image-preview:large, max-video-preview:-1\" \/>\n<link rel=\"canonical\" href=\"https:\/\/pauroux.com\/nl\/video\/\" \/>\n<meta property=\"og:locale\" content=\"nl_NL\" \/>\n<meta property=\"og:type\" content=\"article\" \/>\n<meta property=\"og:title\" content=\"Video - Ferme de Pauroux\" \/>\n<meta property=\"og:description\" content=\"Video van chambres d&#039;h\u00f4tes la Ferme de Pauroux in de Dr\u00f4me met de activiteit Geocaching\" \/>\n<meta property=\"og:url\" content=\"https:\/\/pauroux.com\/nl\/video\/\" \/>\n<meta property=\"og:site_name\" content=\"Ferme de Pauroux\" \/>\n<meta property=\"article:modified_time\" content=\"2023-03-31T08:11:13+00:00\" \/>\n<script type=\"application\/ld+json\" class=\"yoast-schema-graph\">{\"@context\":\"https:\\\/\\\/schema.org\",\"@graph\":[{\"@type\":\"WebPage\",\"@id\":\"https:\\\/\\\/pauroux.com\\\/nl\\\/video\\\/\",\"url\":\"https:\\\/\\\/pauroux.com\\\/nl\\\/video\\\/\",\"name\":\"Video - Ferme de Pauroux\",\"isPartOf\":{\"@id\":\"https:\\\/\\\/pauroux.com\\\/#website\"},\"datePublished\":\"2014-02-24T08:21:20+00:00\",\"dateModified\":\"2023-03-31T08:11:13+00:00\",\"description\":\"Video van chambres d'h\u00f4tes la Ferme de Pauroux in de Dr\u00f4me met de activiteit Geocaching\",\"breadcrumb\":{\"@id\":\"https:\\\/\\\/pauroux.com\\\/nl\\\/video\\\/#breadcrumb\"},\"inLanguage\":\"nl-NL\",\"potentialAction\":[{\"@type\":\"ReadAction\",\"target\":[\"https:\\\/\\\/pauroux.com\\\/nl\\\/video\\\/\"]}]},{\"@type\":\"BreadcrumbList\",\"@id\":\"https:\\\/\\\/pauroux.com\\\/nl\\\/video\\\/#breadcrumb\",\"itemListElement\":[{\"@type\":\"ListItem\",\"position\":1,\"name\":\"Accueil\",\"item\":\"https:\\\/\\\/pauroux.com\\\/\"},{\"@type\":\"ListItem\",\"position\":2,\"name\":\"Video\"}]},{\"@type\":\"WebSite\",\"@id\":\"https:\\\/\\\/pauroux.com\\\/#website\",\"url\":\"https:\\\/\\\/pauroux.com\\\/\",\"name\":\"Ferme de Pauroux\",\"description\":\"Chambres d&#039;h\u00f4tes, Table d&#039;h\u00f4tes et G\u00eetes\",\"potentialAction\":[{\"@type\":\"SearchAction\",\"target\":{\"@type\":\"EntryPoint\",\"urlTemplate\":\"https:\\\/\\\/pauroux.com\\\/?s={search_term_string}\"},\"query-input\":{\"@type\":\"PropertyValueSpecification\",\"valueRequired\":true,\"valueName\":\"search_term_string\"}}],\"inLanguage\":\"nl-NL\"}]}<\/script>\n<!-- \/ Yoast SEO plugin. -->","yoast_head_json":{"title":"Video - Ferme de Pauroux","description":"Video van chambres d'h\u00f4tes la Ferme de Pauroux in de Dr\u00f4me met de activiteit Geocaching","robots":{"index":"index","follow":"follow","max-snippet":"max-snippet:-1","max-image-preview":"max-image-preview:large","max-video-preview":"max-video-preview:-1"},"canonical":"https:\/\/pauroux.com\/nl\/video\/","og_locale":"nl_NL","og_type":"article","og_title":"Video - Ferme de Pauroux","og_description":"Video van chambres d'h\u00f4tes la Ferme de Pauroux in de Dr\u00f4me met de activiteit Geocaching","og_url":"https:\/\/pauroux.com\/nl\/video\/","og_site_name":"Ferme de Pauroux","article_modified_time":"2023-03-31T08:11:13+00:00","schema":{"@context":"https:\/\/schema.org","@graph":[{"@type":"WebPage","@id":"https:\/\/pauroux.com\/nl\/video\/","url":"https:\/\/pauroux.com\/nl\/video\/","name":"Video - Ferme de Pauroux","isPartOf":{"@id":"https:\/\/pauroux.com\/#website"},"datePublished":"2014-02-24T08:21:20+00:00","dateModified":"2023-03-31T08:11:13+00:00","description":"Video van chambres d'h\u00f4tes la Ferme de Pauroux in de Dr\u00f4me met de activiteit Geocaching","breadcrumb":{"@id":"https:\/\/pauroux.com\/nl\/video\/#breadcrumb"},"inLanguage":"nl-NL","potentialAction":[{"@type":"ReadAction","target":["https:\/\/pauroux.com\/nl\/video\/"]}]},{"@type":"BreadcrumbList","@id":"https:\/\/pauroux.com\/nl\/video\/#breadcrumb","itemListElement":[{"@type":"ListItem","position":1,"name":"Accueil","item":"https:\/\/pauroux.com\/"},{"@type":"ListItem","position":2,"name":"Video"}]},{"@type":"WebSite","@id":"https:\/\/pauroux.com\/#website","url":"https:\/\/pauroux.com\/","name":"Ferme de Pauroux","description":"Chambres d&#039;h\u00f4tes, Table d&#039;h\u00f4tes et G\u00eetes","potentialAction":[{"@type":"SearchAction","target":{"@type":"EntryPoint","urlTemplate":"https:\/\/pauroux.com\/?s={search_term_string}"},"query-input":{"@type":"PropertyValueSpecification","valueRequired":true,"valueName":"search_term_string"}}],"inLanguage":"nl-NL"}]}},"_links":{"self":[{"href":"https:\/\/pauroux.com\/nl\/wp-json\/wp\/v2\/pages\/689","targetHints":{"allow":["GET"]}}],"collection":[{"href":"https:\/\/pauroux.com\/nl\/wp-json\/wp\/v2\/pages"}],"about":[{"href":"https:\/\/pauroux.com\/nl\/wp-json\/wp\/v2\/types\/page"}],"author":[{"embeddable":true,"href":"https:\/\/pauroux.com\/nl\/wp-json\/wp\/v2\/users\/2"}],"replies":[{"embeddable":true,"href":"https:\/\/pauroux.com\/nl\/wp-json\/wp\/v2\/comments?post=689"}],"version-history":[{"count":1,"href":"https:\/\/pauroux.com\/nl\/wp-json\/wp\/v2\/pages\/689\/revisions"}],"predecessor-version":[{"id":3870,"href":"https:\/\/pauroux.com\/nl\/wp-json\/wp\/v2\/pages\/689\/revisions\/3870"}],"wp:attachment":[{"href":"https:\/\/pauroux.com\/nl\/wp-json\/wp\/v2\/media?parent=689"}],"curies":[{"name":"wp","href":"https:\/\/api.w.org\/{rel}","templated":true}]}}