{"id":96,"date":"2014-02-09T11:50:04","date_gmt":"2014-02-09T11:50:04","guid":{"rendered":"https:\/\/pauroux.com\/?page_id=96"},"modified":"2026-03-23T16:15:01","modified_gmt":"2026-03-23T15:15:01","slug":"tarieven","status":"publish","type":"page","link":"https:\/\/pauroux.com\/nl\/tarieven\/","title":{"rendered":"Tarieven B&#038;B en G\u00eetes"},"content":{"rendered":"<p>Onderstaand treft u de tarieven aan voor onze chambres d&#8217;h\u00f4tes\/ B&amp;B Dr\u00f4me.<\/p>\n<p><a href=\"https:\/\/pauroux.com\/nl\/planning-gites\/\">Klik hier<\/a> <a href=\"https:\/\/pauroux.com\/nl\/gites-in-de-drome\">voor de beschikbaarheid van de g\u00eetes.<\/a><\/p>\n<p><a href=\"https:\/\/pauroux.com\/nl\/chambres-in-de-drome\/\">Klik hier voor de beschikbaarhed van de kamers<\/a><\/p>\n<table style=\"width: 453px; height: 400px;\" border=\"0\" align=\"center\">\n<tbody>\n<tr align=\"left\">\n<td style=\"height: 0px;\">\n<h4>2025<\/h4>\n<\/td>\n<td style=\"text-align: left;\">\n<h4>Mrt\/Juni<\/h4>\n<h4>Sep\/Dec<\/h4>\n<\/td>\n<td style=\"height: 0px; text-align: left;\">\n<h4>5 Juli- 24 Augustus<\/h4>\n<\/td>\n<td style=\"height: 0px;\" rowspan=\"22\"><\/td>\n<\/tr>\n<tr align=\"left\">\n<td style=\"height: 0px;\"><\/td>\n<td style=\"height: 0px;\"><strong>Per nacht<\/strong><\/td>\n<td style=\"height: 0px;\"><strong>Per nacht<\/strong><\/td>\n<\/tr>\n<tr>\n<td style=\"height: 0px;\">\n<h6>La Proven\u00e7ale (2p)<\/h6>\n<\/td>\n<td style=\"height: 0px;\">70<\/td>\n<td style=\"height: 0px;\">75<\/td>\n<\/tr>\n<tr>\n<td style=\"height: 0px;\">eigen douche en toilet<\/td>\n<td style=\"height: 0px;\"><\/td>\n<td style=\"height: 0px;\"><\/td>\n<\/tr>\n<tr>\n<td style=\"height: 0px;\"><\/td>\n<td style=\"height: 0px;\"><\/td>\n<td style=\"height: 0px;\"><\/td>\n<\/tr>\n<tr>\n<td>\n<h6>La Paysanne (2p)<\/h6>\n<\/td>\n<td style=\"height: 0px;\">70<\/td>\n<td style=\"height: 0px;\">75<\/td>\n<\/tr>\n<tr>\n<td style=\"height: 0px;\">eigen douche en toilet<\/td>\n<td style=\"height: 0px;\"><\/td>\n<td style=\"height: 0px;\"><\/td>\n<\/tr>\n<tr>\n<td style=\"height: 0px;\">\n<h6>La Marie-Louise (2p)<\/h6>\n<\/td>\n<td style=\"height: 0px;\">65<\/td>\n<td style=\"height: 0px;\">70<\/td>\n<\/tr>\n<tr>\n<td style=\"height: 0px;\">eigen douche en toilet op de gang<\/td>\n<td style=\"height: 0px;\"><\/td>\n<td style=\"height: 0px;\"><\/td>\n<\/tr>\n<tr>\n<td style=\"height: 0px;\">\n<h6>Le Tilleul (4p)<\/h6>\n<\/td>\n<td style=\"height: 0px;\">105<\/td>\n<td style=\"height: 0px;\">111<\/td>\n<\/tr>\n<tr>\n<td style=\"height: 0px;\">eigen douche en toilet<\/td>\n<td style=\"height: 0px;\"><\/td>\n<td style=\"height: 0px;\"><\/td>\n<\/tr>\n<tr>\n<td style=\"height: 0px;\">***<\/td>\n<td style=\"height: 0px;\"><\/td>\n<td style=\"height: 0px;\"><\/td>\n<\/tr>\n<tr>\n<td style=\"height: 0px;\">Extra bed volwassene<\/td>\n<td style=\"height: 0px;\">25<\/td>\n<td style=\"height: 0px;\">25<\/td>\n<\/tr>\n<tr>\n<td style=\"height: 0px;\">Extra bed kind (tot 15 j)<\/td>\n<td style=\"height: 0px;\">20<\/td>\n<td style=\"height: 0px;\">20<\/td>\n<\/tr>\n<tr>\n<td style=\"height: 0px;\">Kinderbedje<\/td>\n<td style=\"height: 0px;\">8<\/td>\n<td style=\"height: 0px;\">8<\/td>\n<\/tr>\n<tr>\n<td style=\"height: 0px;\">Diner<\/td>\n<td style=\"height: 0px;\">32<\/td>\n<td style=\"height: 0px;\">32<\/td>\n<\/tr>\n<tr>\n<td style=\"height: 0px;\">Diner kind tot 15 jaar<\/td>\n<td style=\"height: 0px;\">14<\/td>\n<td style=\"height: 0px;\">14<\/td>\n<\/tr>\n<tr>\n<td style=\"height: 0px;\"><\/td>\n<td style=\"height: 0px;\"><\/td>\n<td style=\"height: 0px;\"><\/td>\n<\/tr>\n<tr>\n<td style=\"height: 0px;\"><\/td>\n<td style=\"height: 0px;\"><strong>per week<\/strong><\/td>\n<td style=\"height: 0px;\"><strong>per week<\/strong><\/td>\n<\/tr>\n<tr>\n<td style=\"height: 0px;\">\n<h6>G\u00eete (3 \u00e0 4 personen)<\/h6>\n<h6><span style=\"font-size: 8pt;\">Toeslag van 10 euros p.p. voor een 5e of 6e persoon.<\/span><\/h6>\n<\/td>\n<td style=\"height: 0px;\">605<\/td>\n<td style=\"height: 0px;\">675<\/td>\n<\/tr>\n<tr>\n<td style=\"height: 0px;\">\n<h6>G\u00eete (2 personen)<\/h6>\n<\/td>\n<td style=\"height: 0px;\">515<\/td>\n<td style=\"height: 0px;\">650<\/td>\n<\/tr>\n<tr>\n<td style=\"height: 0px;\"><strong><span style=\"font-size: 8pt;\">Eindschoonmaak<\/span><\/strong><\/td>\n<td style=\"height: 0px;\">50<\/td>\n<td style=\"height: 0px;\">50<\/td>\n<\/tr>\n<\/tbody>\n<\/table>\n<ul>\n<li>De prijzen zijn per kamer inclusief ontbijt, beddengoed, handdoeken en schoonmaak<\/li>\n<li>De prijzen zijn exclusief toeristenbelasting a 0,85 euro per persoon per dag (vanaf 18 jaar)<\/li>\n<li>De huur van de g\u00eete is van de dag van aankomst 16.00 uur tot de dag van vertrek 10.00 uur. Huur van bedlinnen 12 euro per persoon en handdoeken 8 euro per persoon (denkt u zelf nog even aan badlakens voor langs de rivier). Eindschoonmaak is inclusief bij huur vanaf een week.<\/li>\n<li>Reserveringen voor de kamers minimaal 2 nachten en de g\u00eetes minimaal 3 nachten ( B&amp;B Dr\u00f4me )<\/li>\n<li>Wij accepteren geen creditcards<\/li>\n<li>B&amp;B tussen Valence en Montelimar<\/li>\n<\/ul>\n<h3>Huisdieren<\/h3>\n<p>Honden en andere huisdieren zijn NIET toegestaan!<\/p>\n<h3>Reserveringsvoorwaarden<\/h3>\n<p><strong>Kamers: <\/strong>Bij reservering van de kamers vragen wij een aanbetaling van 30%.<\/p>\n<p>Het resterende bedrag kan bij vertrek worden voldaan. Helaas hebben wij geen pin-automaat en kunnen we geen creditcards accepteren. Wel is het mogelijk om het resterende bedrag voor aankomst aan ons over te maken.<\/p>\n<p><strong>G\u00eete: <\/strong>Bij reservering van de gite vragen wij een aanbetaling van 30% per gehuurde week. Uw reservering is bevestigd als wij de aanbetaling hebben ontvangen. 6 weken van te voren dient het hele bedrag te zijn voldaan. Verder zullen wij u vragen een borg te betalen van 150 euro, die, indien er geen extra kosten zijn, aan u zullen worden geretourneerd na uw verblijf. Wij behouden ons het recht voor de reservering te laten vervallen als er niet aan deze voorwaarden wordt voldaan.<\/p>\n<p><strong>Annuleringskosten: <\/strong>Wij raden u aan een annuleringsverzekering af te sluiten. In geval van annulering bent u de aanbetaling ten allen tijden verschuldigd. Verder bedragen de annuleringskosten tot 6 weken voor aankomst 25% van de reservering, tot 4 weken voor aankomst 50% van de reservering en tot 2 weken voor aankomst 75% van de reservering. Daarna bent u ons het totale bedrag verschuldigd.<\/p>\n<p>B&amp;B tussen Valence en Montelimar<\/p>\n","protected":false},"excerpt":{"rendered":"<p>Onderstaand treft u de tarieven aan voor onze chambres d&#8217;h\u00f4tes\/ B&amp;B Dr\u00f4me. Klik hier voor de beschikbaarheid van de g\u00eetes. Klik hier voor de beschikbaarhed van de kamers 2025 Mrt\/Juni Sep\/Dec 5 Juli- 24 Augustus Per nacht Per nacht La Proven\u00e7ale (2p) 70 75 eigen douche en toilet La Paysanne (2p) 70 75 eigen douche [&hellip;]<\/p>\n","protected":false},"author":2,"featured_media":0,"parent":0,"menu_order":0,"comment_status":"closed","ping_status":"open","template":"page-full.php","meta":{"footnotes":""},"class_list":["post-96","page","type-page","status-publish","hentry"],"yoast_head":"<!-- This site is optimized with the Yoast SEO plugin v27.5 - https:\/\/yoast.com\/product\/yoast-seo-wordpress\/ -->\n<title>Tarieven B&amp;b Valence Montelimar<\/title>\n<meta name=\"description\" content=\"B&amp;B Valence Montelimar la Ferme de Pauroux in Frankrijk. Tarieven kamers, g\u00eetes en diner. reserveringsvoorwaarden voor onze chambres d&#039;h\u00f4tes in Frankrijk\" \/>\n<meta name=\"robots\" content=\"index, follow, max-snippet:-1, max-image-preview:large, max-video-preview:-1\" \/>\n<link rel=\"canonical\" href=\"https:\/\/pauroux.com\/nl\/tarieven\/\" \/>\n<meta property=\"og:locale\" content=\"nl_NL\" \/>\n<meta property=\"og:type\" content=\"article\" \/>\n<meta property=\"og:title\" content=\"Tarieven B&amp;b Valence Montelimar\" \/>\n<meta property=\"og:description\" content=\"B&amp;B Valence Montelimar la Ferme de Pauroux in Frankrijk. Tarieven kamers, g\u00eetes en diner. reserveringsvoorwaarden voor onze chambres d&#039;h\u00f4tes in Frankrijk\" \/>\n<meta property=\"og:url\" content=\"https:\/\/pauroux.com\/nl\/tarieven\/\" \/>\n<meta property=\"og:site_name\" content=\"Ferme de Pauroux\" \/>\n<meta property=\"article:modified_time\" content=\"2026-03-23T15:15:01+00:00\" \/>\n<meta name=\"twitter:label1\" content=\"Geschatte leestijd\" \/>\n\t<meta name=\"twitter:data1\" content=\"3 minuten\" \/>\n<script type=\"application\/ld+json\" class=\"yoast-schema-graph\">{\"@context\":\"https:\\\/\\\/schema.org\",\"@graph\":[{\"@type\":\"WebPage\",\"@id\":\"https:\\\/\\\/pauroux.com\\\/nl\\\/tarieven\\\/\",\"url\":\"https:\\\/\\\/pauroux.com\\\/nl\\\/tarieven\\\/\",\"name\":\"Tarieven B&b Valence Montelimar\",\"isPartOf\":{\"@id\":\"https:\\\/\\\/pauroux.com\\\/#website\"},\"datePublished\":\"2014-02-09T11:50:04+00:00\",\"dateModified\":\"2026-03-23T15:15:01+00:00\",\"description\":\"B&B Valence Montelimar la Ferme de Pauroux in Frankrijk. Tarieven kamers, g\u00eetes en diner. reserveringsvoorwaarden voor onze chambres d'h\u00f4tes in Frankrijk\",\"breadcrumb\":{\"@id\":\"https:\\\/\\\/pauroux.com\\\/nl\\\/tarieven\\\/#breadcrumb\"},\"inLanguage\":\"nl-NL\",\"potentialAction\":[{\"@type\":\"ReadAction\",\"target\":[\"https:\\\/\\\/pauroux.com\\\/nl\\\/tarieven\\\/\"]}]},{\"@type\":\"BreadcrumbList\",\"@id\":\"https:\\\/\\\/pauroux.com\\\/nl\\\/tarieven\\\/#breadcrumb\",\"itemListElement\":[{\"@type\":\"ListItem\",\"position\":1,\"name\":\"Accueil\",\"item\":\"https:\\\/\\\/pauroux.com\\\/\"},{\"@type\":\"ListItem\",\"position\":2,\"name\":\"Tarieven B&#038;B en G\u00eetes\"}]},{\"@type\":\"WebSite\",\"@id\":\"https:\\\/\\\/pauroux.com\\\/#website\",\"url\":\"https:\\\/\\\/pauroux.com\\\/\",\"name\":\"Ferme de Pauroux\",\"description\":\"Chambres d&#039;h\u00f4tes, Table d&#039;h\u00f4tes et G\u00eetes\",\"potentialAction\":[{\"@type\":\"SearchAction\",\"target\":{\"@type\":\"EntryPoint\",\"urlTemplate\":\"https:\\\/\\\/pauroux.com\\\/?s={search_term_string}\"},\"query-input\":{\"@type\":\"PropertyValueSpecification\",\"valueRequired\":true,\"valueName\":\"search_term_string\"}}],\"inLanguage\":\"nl-NL\"}]}<\/script>\n<!-- \/ Yoast SEO plugin. -->","yoast_head_json":{"title":"Tarieven B&b Valence Montelimar","description":"B&B Valence Montelimar la Ferme de Pauroux in Frankrijk. Tarieven kamers, g\u00eetes en diner. reserveringsvoorwaarden voor onze chambres d'h\u00f4tes in Frankrijk","robots":{"index":"index","follow":"follow","max-snippet":"max-snippet:-1","max-image-preview":"max-image-preview:large","max-video-preview":"max-video-preview:-1"},"canonical":"https:\/\/pauroux.com\/nl\/tarieven\/","og_locale":"nl_NL","og_type":"article","og_title":"Tarieven B&b Valence Montelimar","og_description":"B&B Valence Montelimar la Ferme de Pauroux in Frankrijk. Tarieven kamers, g\u00eetes en diner. reserveringsvoorwaarden voor onze chambres d'h\u00f4tes in Frankrijk","og_url":"https:\/\/pauroux.com\/nl\/tarieven\/","og_site_name":"Ferme de Pauroux","article_modified_time":"2026-03-23T15:15:01+00:00","twitter_misc":{"Geschatte leestijd":"3 minuten"},"schema":{"@context":"https:\/\/schema.org","@graph":[{"@type":"WebPage","@id":"https:\/\/pauroux.com\/nl\/tarieven\/","url":"https:\/\/pauroux.com\/nl\/tarieven\/","name":"Tarieven B&b Valence Montelimar","isPartOf":{"@id":"https:\/\/pauroux.com\/#website"},"datePublished":"2014-02-09T11:50:04+00:00","dateModified":"2026-03-23T15:15:01+00:00","description":"B&B Valence Montelimar la Ferme de Pauroux in Frankrijk. Tarieven kamers, g\u00eetes en diner. reserveringsvoorwaarden voor onze chambres d'h\u00f4tes in Frankrijk","breadcrumb":{"@id":"https:\/\/pauroux.com\/nl\/tarieven\/#breadcrumb"},"inLanguage":"nl-NL","potentialAction":[{"@type":"ReadAction","target":["https:\/\/pauroux.com\/nl\/tarieven\/"]}]},{"@type":"BreadcrumbList","@id":"https:\/\/pauroux.com\/nl\/tarieven\/#breadcrumb","itemListElement":[{"@type":"ListItem","position":1,"name":"Accueil","item":"https:\/\/pauroux.com\/"},{"@type":"ListItem","position":2,"name":"Tarieven B&#038;B en G\u00eetes"}]},{"@type":"WebSite","@id":"https:\/\/pauroux.com\/#website","url":"https:\/\/pauroux.com\/","name":"Ferme de Pauroux","description":"Chambres d&#039;h\u00f4tes, Table d&#039;h\u00f4tes et G\u00eetes","potentialAction":[{"@type":"SearchAction","target":{"@type":"EntryPoint","urlTemplate":"https:\/\/pauroux.com\/?s={search_term_string}"},"query-input":{"@type":"PropertyValueSpecification","valueRequired":true,"valueName":"search_term_string"}}],"inLanguage":"nl-NL"}]}},"_links":{"self":[{"href":"https:\/\/pauroux.com\/nl\/wp-json\/wp\/v2\/pages\/96","targetHints":{"allow":["GET"]}}],"collection":[{"href":"https:\/\/pauroux.com\/nl\/wp-json\/wp\/v2\/pages"}],"about":[{"href":"https:\/\/pauroux.com\/nl\/wp-json\/wp\/v2\/types\/page"}],"author":[{"embeddable":true,"href":"https:\/\/pauroux.com\/nl\/wp-json\/wp\/v2\/users\/2"}],"replies":[{"embeddable":true,"href":"https:\/\/pauroux.com\/nl\/wp-json\/wp\/v2\/comments?post=96"}],"version-history":[{"count":5,"href":"https:\/\/pauroux.com\/nl\/wp-json\/wp\/v2\/pages\/96\/revisions"}],"predecessor-version":[{"id":4036,"href":"https:\/\/pauroux.com\/nl\/wp-json\/wp\/v2\/pages\/96\/revisions\/4036"}],"wp:attachment":[{"href":"https:\/\/pauroux.com\/nl\/wp-json\/wp\/v2\/media?parent=96"}],"curies":[{"name":"wp","href":"https:\/\/api.w.org\/{rel}","templated":true}]}}